{"id":1005,"date":"2020-12-27T14:19:22","date_gmt":"2020-12-27T13:19:22","guid":{"rendered":"https:\/\/www.herafisur.com\/?post_type=product&#038;p=1005"},"modified":"2024-08-11T12:19:56","modified_gmt":"2024-08-11T11:19:56","slug":"broca-escoplear-taladrar-diametro-14mm-mango-diametro-13mm-giro-derecha","status":"publish","type":"product","link":"https:\/\/www.herafisur.com\/?product=broca-escoplear-taladrar-diametro-14mm-mango-diametro-13mm-giro-derecha","title":{"rendered":"Broca escoplear-taladrar Di\u00e1metro 14mm, mango di\u00e1metro 13mm, giro derecha"},"content":{"rendered":"<p>Broca para escoplear y taladrar Di\u00e1metro 14mm, longitud de corte 100mm, longitud total 160mm, mango di\u00e1metro 13mm, Z2 con giro derecha, cuerpo de acero templado HSS con rompevirutas para suavizar el trabajo, corte helicoidal que mejora la salida de la viruta.<br \/>\nMaterial a trabajar, Madera banda o semidura en m\u00e1quinas combinadas o taladros.<\/p>\n","protected":false},"excerpt":{"rendered":"<p>broca para escoplear o taladrar en di\u00e1metro 14mm con mango di\u00e1metro 13mm Z2 corte helicoidal a derecha<\/p>\n","protected":false},"featured_media":1004,"comment_status":"closed","ping_status":"closed","template":"","meta":{"_et_pb_use_builder":"","_et_pb_old_content":"","_et_gb_content_width":""},"product_brand":[],"product_cat":[2067],"product_tag":[810,811,820,817,821,836,833,835,834],"class_list":{"0":"post-1005","1":"product","2":"type-product","3":"status-publish","4":"has-post-thumbnail","6":"product_cat-brocas","7":"product_tag-broca","8":"product_tag-broca-escoplear","9":"product_tag-broca-escoplear-14mm","10":"product_tag-broca-taladrar","11":"product_tag-broca-taladrar-14mm","12":"product_tag-combinada","13":"product_tag-escoplear-14mm","14":"product_tag-escoplear-en-combinada","15":"product_tag-taladrar-14mm","17":"first","18":"instock","19":"shipping-taxable","20":"purchasable","21":"product-type-simple"},"yoast_head":"<!-- This site is optimized with the Yoast SEO plugin v27.6 - https:\/\/yoast.com\/product\/yoast-seo-wordpress\/ -->\n<title>Broca escoplear-taladrar Di\u00e1metro 14mm, mango di\u00e1metro 13mm, giro derecha - Herafisur, ferreter\u00eda, suministros, venta herramienta de corte, afilados<\/title>\n<meta name=\"description\" content=\"Ferreter\u00eda, discos, cuchillas, sierras, escuadras, portaestantes, sacos aspiraci\u00f3n, punta atornillar, tornillos, Bosch, broca escoplear\" \/>\n<meta name=\"robots\" content=\"index, follow, max-snippet:-1, max-image-preview:large, max-video-preview:-1\" \/>\n<link rel=\"canonical\" href=\"https:\/\/www.herafisur.com\/?product=broca-escoplear-taladrar-diametro-14mm-mango-diametro-13mm-giro-derecha\" \/>\n<meta property=\"og:locale\" content=\"es_ES\" \/>\n<meta property=\"og:type\" content=\"article\" \/>\n<meta property=\"og:title\" content=\"Broca escoplear-taladrar Di\u00e1metro 14mm, mango di\u00e1metro 13mm, giro derecha - Herafisur, ferreter\u00eda, suministros, venta herramienta de corte, afilados\" \/>\n<meta property=\"og:description\" content=\"Ferreter\u00eda, discos, cuchillas, sierras, escuadras, portaestantes, sacos aspiraci\u00f3n, punta atornillar, tornillos, Bosch, broca escoplear\" \/>\n<meta property=\"og:url\" content=\"https:\/\/www.herafisur.com\/?product=broca-escoplear-taladrar-diametro-14mm-mango-diametro-13mm-giro-derecha\" \/>\n<meta property=\"og:site_name\" content=\"Herafisur, ferreter\u00eda, suministros, venta herramienta de corte, afilados\" \/>\n<meta property=\"article:modified_time\" content=\"2024-08-11T11:19:56+00:00\" \/>\n<meta property=\"og:image\" content=\"https:\/\/www.herafisur.com\/wp-content\/uploads\/2020\/12\/Broca-escoplear-dcha-scaled.jpg\" \/>\n\t<meta property=\"og:image:width\" content=\"2560\" \/>\n\t<meta property=\"og:image:height\" content=\"1920\" \/>\n\t<meta property=\"og:image:type\" content=\"image\/jpeg\" \/>\n<meta name=\"twitter:card\" content=\"summary_large_image\" \/>\n<meta name=\"twitter:label1\" content=\"Tiempo de lectura\" \/>\n\t<meta name=\"twitter:data1\" content=\"1 minuto\" \/>\n<script type=\"application\/ld+json\" class=\"yoast-schema-graph\">{\"@context\":\"https:\\\/\\\/schema.org\",\"@graph\":[{\"@type\":\"WebPage\",\"@id\":\"https:\\\/\\\/www.herafisur.com\\\/?product=broca-escoplear-taladrar-diametro-14mm-mango-diametro-13mm-giro-derecha\",\"url\":\"https:\\\/\\\/www.herafisur.com\\\/?product=broca-escoplear-taladrar-diametro-14mm-mango-diametro-13mm-giro-derecha\",\"name\":\"Broca escoplear-taladrar Di\u00e1metro 14mm, mango di\u00e1metro 13mm, giro derecha - Herafisur, ferreter\u00eda, suministros, venta herramienta de corte, afilados\",\"isPartOf\":{\"@id\":\"https:\\\/\\\/www.herafisur.com\\\/#website\"},\"primaryImageOfPage\":{\"@id\":\"https:\\\/\\\/www.herafisur.com\\\/?product=broca-escoplear-taladrar-diametro-14mm-mango-diametro-13mm-giro-derecha#primaryimage\"},\"image\":{\"@id\":\"https:\\\/\\\/www.herafisur.com\\\/?product=broca-escoplear-taladrar-diametro-14mm-mango-diametro-13mm-giro-derecha#primaryimage\"},\"thumbnailUrl\":\"https:\\\/\\\/www.herafisur.com\\\/wp-content\\\/uploads\\\/2020\\\/12\\\/Broca-escoplear-dcha-scaled.jpg\",\"datePublished\":\"2020-12-27T13:19:22+00:00\",\"dateModified\":\"2024-08-11T11:19:56+00:00\",\"description\":\"Ferreter\u00eda, discos, cuchillas, sierras, escuadras, portaestantes, sacos aspiraci\u00f3n, punta atornillar, tornillos, Bosch, broca escoplear\",\"breadcrumb\":{\"@id\":\"https:\\\/\\\/www.herafisur.com\\\/?product=broca-escoplear-taladrar-diametro-14mm-mango-diametro-13mm-giro-derecha#breadcrumb\"},\"inLanguage\":\"es\",\"potentialAction\":[{\"@type\":\"ReadAction\",\"target\":[\"https:\\\/\\\/www.herafisur.com\\\/?product=broca-escoplear-taladrar-diametro-14mm-mango-diametro-13mm-giro-derecha\"]}]},{\"@type\":\"ImageObject\",\"inLanguage\":\"es\",\"@id\":\"https:\\\/\\\/www.herafisur.com\\\/?product=broca-escoplear-taladrar-diametro-14mm-mango-diametro-13mm-giro-derecha#primaryimage\",\"url\":\"https:\\\/\\\/www.herafisur.com\\\/wp-content\\\/uploads\\\/2020\\\/12\\\/Broca-escoplear-dcha-scaled.jpg\",\"contentUrl\":\"https:\\\/\\\/www.herafisur.com\\\/wp-content\\\/uploads\\\/2020\\\/12\\\/Broca-escoplear-dcha-scaled.jpg\",\"width\":2560,\"height\":1920},{\"@type\":\"BreadcrumbList\",\"@id\":\"https:\\\/\\\/www.herafisur.com\\\/?product=broca-escoplear-taladrar-diametro-14mm-mango-diametro-13mm-giro-derecha#breadcrumb\",\"itemListElement\":[{\"@type\":\"ListItem\",\"position\":1,\"name\":\"Portada\",\"item\":\"https:\\\/\\\/www.herafisur.com\\\/\"},{\"@type\":\"ListItem\",\"position\":2,\"name\":\"Tienda\",\"item\":\"https:\\\/\\\/www.herafisur.com\\\/?page_id=14\"},{\"@type\":\"ListItem\",\"position\":3,\"name\":\"Broca escoplear-taladrar Di\u00e1metro 14mm, mango di\u00e1metro 13mm, giro derecha\"}]},{\"@type\":\"WebSite\",\"@id\":\"https:\\\/\\\/www.herafisur.com\\\/#website\",\"url\":\"https:\\\/\\\/www.herafisur.com\\\/\",\"name\":\"Herafisur, afilados, ferreter\u00eda, suministros, venta herramienta de corte\",\"description\":\"Ferreter\u00eda, herramientas de corte, suministros industriales, afilado\",\"publisher\":{\"@id\":\"https:\\\/\\\/www.herafisur.com\\\/#organization\"},\"potentialAction\":[{\"@type\":\"SearchAction\",\"target\":{\"@type\":\"EntryPoint\",\"urlTemplate\":\"https:\\\/\\\/www.herafisur.com\\\/?s={search_term_string}\"},\"query-input\":{\"@type\":\"PropertyValueSpecification\",\"valueRequired\":true,\"valueName\":\"search_term_string\"}}],\"inLanguage\":\"es\"},{\"@type\":\"Organization\",\"@id\":\"https:\\\/\\\/www.herafisur.com\\\/#organization\",\"name\":\"Herramientas y Afilados del Sur SLL\",\"url\":\"https:\\\/\\\/www.herafisur.com\\\/\",\"logo\":{\"@type\":\"ImageObject\",\"inLanguage\":\"es\",\"@id\":\"https:\\\/\\\/www.herafisur.com\\\/#\\\/schema\\\/logo\\\/image\\\/\",\"url\":\"https:\\\/\\\/www.herafisur.com\\\/wp-content\\\/uploads\\\/2017\\\/10\\\/Foto-logo.jpg\",\"contentUrl\":\"https:\\\/\\\/www.herafisur.com\\\/wp-content\\\/uploads\\\/2017\\\/10\\\/Foto-logo.jpg\",\"width\":2560,\"height\":1440,\"caption\":\"Herramientas y Afilados del Sur SLL\"},\"image\":{\"@id\":\"https:\\\/\\\/www.herafisur.com\\\/#\\\/schema\\\/logo\\\/image\\\/\"}}]}<\/script>\n<!-- \/ Yoast SEO plugin. -->","yoast_head_json":{"title":"Broca escoplear-taladrar Di\u00e1metro 14mm, mango di\u00e1metro 13mm, giro derecha - Herafisur, ferreter\u00eda, suministros, venta herramienta de corte, afilados","description":"Ferreter\u00eda, discos, cuchillas, sierras, escuadras, portaestantes, sacos aspiraci\u00f3n, punta atornillar, tornillos, Bosch, broca escoplear","robots":{"index":"index","follow":"follow","max-snippet":"max-snippet:-1","max-image-preview":"max-image-preview:large","max-video-preview":"max-video-preview:-1"},"canonical":"https:\/\/www.herafisur.com\/?product=broca-escoplear-taladrar-diametro-14mm-mango-diametro-13mm-giro-derecha","og_locale":"es_ES","og_type":"article","og_title":"Broca escoplear-taladrar Di\u00e1metro 14mm, mango di\u00e1metro 13mm, giro derecha - Herafisur, ferreter\u00eda, suministros, venta herramienta de corte, afilados","og_description":"Ferreter\u00eda, discos, cuchillas, sierras, escuadras, portaestantes, sacos aspiraci\u00f3n, punta atornillar, tornillos, Bosch, broca escoplear","og_url":"https:\/\/www.herafisur.com\/?product=broca-escoplear-taladrar-diametro-14mm-mango-diametro-13mm-giro-derecha","og_site_name":"Herafisur, ferreter\u00eda, suministros, venta herramienta de corte, afilados","article_modified_time":"2024-08-11T11:19:56+00:00","og_image":[{"width":2560,"height":1920,"url":"https:\/\/www.herafisur.com\/wp-content\/uploads\/2020\/12\/Broca-escoplear-dcha-scaled.jpg","type":"image\/jpeg"}],"twitter_card":"summary_large_image","twitter_misc":{"Tiempo de lectura":"1 minuto"},"schema":{"@context":"https:\/\/schema.org","@graph":[{"@type":"WebPage","@id":"https:\/\/www.herafisur.com\/?product=broca-escoplear-taladrar-diametro-14mm-mango-diametro-13mm-giro-derecha","url":"https:\/\/www.herafisur.com\/?product=broca-escoplear-taladrar-diametro-14mm-mango-diametro-13mm-giro-derecha","name":"Broca escoplear-taladrar Di\u00e1metro 14mm, mango di\u00e1metro 13mm, giro derecha - Herafisur, ferreter\u00eda, suministros, venta herramienta de corte, afilados","isPartOf":{"@id":"https:\/\/www.herafisur.com\/#website"},"primaryImageOfPage":{"@id":"https:\/\/www.herafisur.com\/?product=broca-escoplear-taladrar-diametro-14mm-mango-diametro-13mm-giro-derecha#primaryimage"},"image":{"@id":"https:\/\/www.herafisur.com\/?product=broca-escoplear-taladrar-diametro-14mm-mango-diametro-13mm-giro-derecha#primaryimage"},"thumbnailUrl":"https:\/\/www.herafisur.com\/wp-content\/uploads\/2020\/12\/Broca-escoplear-dcha-scaled.jpg","datePublished":"2020-12-27T13:19:22+00:00","dateModified":"2024-08-11T11:19:56+00:00","description":"Ferreter\u00eda, discos, cuchillas, sierras, escuadras, portaestantes, sacos aspiraci\u00f3n, punta atornillar, tornillos, Bosch, broca escoplear","breadcrumb":{"@id":"https:\/\/www.herafisur.com\/?product=broca-escoplear-taladrar-diametro-14mm-mango-diametro-13mm-giro-derecha#breadcrumb"},"inLanguage":"es","potentialAction":[{"@type":"ReadAction","target":["https:\/\/www.herafisur.com\/?product=broca-escoplear-taladrar-diametro-14mm-mango-diametro-13mm-giro-derecha"]}]},{"@type":"ImageObject","inLanguage":"es","@id":"https:\/\/www.herafisur.com\/?product=broca-escoplear-taladrar-diametro-14mm-mango-diametro-13mm-giro-derecha#primaryimage","url":"https:\/\/www.herafisur.com\/wp-content\/uploads\/2020\/12\/Broca-escoplear-dcha-scaled.jpg","contentUrl":"https:\/\/www.herafisur.com\/wp-content\/uploads\/2020\/12\/Broca-escoplear-dcha-scaled.jpg","width":2560,"height":1920},{"@type":"BreadcrumbList","@id":"https:\/\/www.herafisur.com\/?product=broca-escoplear-taladrar-diametro-14mm-mango-diametro-13mm-giro-derecha#breadcrumb","itemListElement":[{"@type":"ListItem","position":1,"name":"Portada","item":"https:\/\/www.herafisur.com\/"},{"@type":"ListItem","position":2,"name":"Tienda","item":"https:\/\/www.herafisur.com\/?page_id=14"},{"@type":"ListItem","position":3,"name":"Broca escoplear-taladrar Di\u00e1metro 14mm, mango di\u00e1metro 13mm, giro derecha"}]},{"@type":"WebSite","@id":"https:\/\/www.herafisur.com\/#website","url":"https:\/\/www.herafisur.com\/","name":"Herafisur, afilados, ferreter\u00eda, suministros, venta herramienta de corte","description":"Ferreter\u00eda, herramientas de corte, suministros industriales, afilado","publisher":{"@id":"https:\/\/www.herafisur.com\/#organization"},"potentialAction":[{"@type":"SearchAction","target":{"@type":"EntryPoint","urlTemplate":"https:\/\/www.herafisur.com\/?s={search_term_string}"},"query-input":{"@type":"PropertyValueSpecification","valueRequired":true,"valueName":"search_term_string"}}],"inLanguage":"es"},{"@type":"Organization","@id":"https:\/\/www.herafisur.com\/#organization","name":"Herramientas y Afilados del Sur SLL","url":"https:\/\/www.herafisur.com\/","logo":{"@type":"ImageObject","inLanguage":"es","@id":"https:\/\/www.herafisur.com\/#\/schema\/logo\/image\/","url":"https:\/\/www.herafisur.com\/wp-content\/uploads\/2017\/10\/Foto-logo.jpg","contentUrl":"https:\/\/www.herafisur.com\/wp-content\/uploads\/2017\/10\/Foto-logo.jpg","width":2560,"height":1440,"caption":"Herramientas y Afilados del Sur SLL"},"image":{"@id":"https:\/\/www.herafisur.com\/#\/schema\/logo\/image\/"}}]}},"_links":{"self":[{"href":"https:\/\/www.herafisur.com\/index.php?rest_route=\/wp\/v2\/product\/1005","targetHints":{"allow":["GET"]}}],"collection":[{"href":"https:\/\/www.herafisur.com\/index.php?rest_route=\/wp\/v2\/product"}],"about":[{"href":"https:\/\/www.herafisur.com\/index.php?rest_route=\/wp\/v2\/types\/product"}],"replies":[{"embeddable":true,"href":"https:\/\/www.herafisur.com\/index.php?rest_route=%2Fwp%2Fv2%2Fcomments&post=1005"}],"wp:featuredmedia":[{"embeddable":true,"href":"https:\/\/www.herafisur.com\/index.php?rest_route=\/wp\/v2\/media\/1004"}],"wp:attachment":[{"href":"https:\/\/www.herafisur.com\/index.php?rest_route=%2Fwp%2Fv2%2Fmedia&parent=1005"}],"wp:term":[{"taxonomy":"product_brand","embeddable":true,"href":"https:\/\/www.herafisur.com\/index.php?rest_route=%2Fwp%2Fv2%2Fproduct_brand&post=1005"},{"taxonomy":"product_cat","embeddable":true,"href":"https:\/\/www.herafisur.com\/index.php?rest_route=%2Fwp%2Fv2%2Fproduct_cat&post=1005"},{"taxonomy":"product_tag","embeddable":true,"href":"https:\/\/www.herafisur.com\/index.php?rest_route=%2Fwp%2Fv2%2Fproduct_tag&post=1005"}],"curies":[{"name":"wp","href":"https:\/\/api.w.org\/{rel}","templated":true}]}}