{"id":1014,"date":"2020-12-31T10:09:56","date_gmt":"2020-12-31T09:09:56","guid":{"rendered":"https:\/\/www.herafisur.com\/?post_type=product&#038;p=1014"},"modified":"2024-03-05T07:14:17","modified_gmt":"2024-03-05T06:14:17","slug":"tornillo-30-x-16-bicromatado-pozidrive-1000uds-din-7505-a","status":"publish","type":"product","link":"https:\/\/www.herafisur.com\/?product=tornillo-30-x-16-bicromatado-pozidrive-1000uds-din-7505-a","title":{"rendered":"Tornillo 3,0 x 16 Bicromatado Pozidrive (1000uds) DIN 7505-A"},"content":{"rendered":"<p>Tornillo 3,0 x 16 Bicromatado (dorado) con cabeza plana pozidrive PZ1 (estrella para madera), rosca madera, DIN 7505-A en caja de 1000 unidades.<br \/>\nRecomendado para la colocaci\u00f3n de manetas en las puertas.<br \/>\nNecesita punta de atornillar PZ1<\/p>\n","protected":false},"excerpt":{"rendered":"<p>tornillo 3,0 x 16 bicromatado con cabeza pozidrive PZ1 rosca madera<\/p>\n","protected":false},"featured_media":1013,"comment_status":"closed","ping_status":"closed","template":"","meta":{"_et_pb_use_builder":"","_et_pb_old_content":"","_et_gb_content_width":""},"product_brand":[],"product_cat":[23],"product_tag":[852,665,849,83,850,846,854,853,851],"class_list":{"0":"post-1014","1":"product","2":"type-product","3":"status-publish","4":"has-post-thumbnail","6":"product_cat-ferreteria-y-repuestos","7":"product_tag-3-0-x-16","8":"product_tag-madera","9":"product_tag-rosca-madera","10":"product_tag-tornillo","11":"product_tag-tornillo-3-0x16","12":"product_tag-tornillo-bicromatado","13":"product_tag-tornillo-maneta","14":"product_tag-tornillo-manivela","15":"product_tag-tornillo-rosca-madera","17":"first","18":"instock","19":"shipping-taxable","20":"purchasable","21":"product-type-simple"},"yoast_head":"<!-- This site is optimized with the Yoast SEO plugin v27.6 - https:\/\/yoast.com\/product\/yoast-seo-wordpress\/ -->\n<title>Tornillo 3,0 x 16 Bicromatado Pozidrive (1000uds) DIN 7505-A - Herafisur, ferreter\u00eda, suministros, venta herramienta de corte, afilados<\/title>\n<meta name=\"description\" content=\"Ferreter\u00eda, discos, cuchillas, sierras, escuadras, portaestantes, sacos aspiraci\u00f3n, punta atornillar, tornillos, Bosch, tornillo rosca madera pozidrive\" \/>\n<meta name=\"robots\" content=\"index, follow, max-snippet:-1, max-image-preview:large, max-video-preview:-1\" \/>\n<link rel=\"canonical\" href=\"https:\/\/www.herafisur.com\/?product=tornillo-30-x-16-bicromatado-pozidrive-1000uds-din-7505-a\" \/>\n<meta property=\"og:locale\" content=\"es_ES\" \/>\n<meta property=\"og:type\" content=\"article\" \/>\n<meta property=\"og:title\" content=\"Tornillo 3,0 x 16 Bicromatado Pozidrive (1000uds) DIN 7505-A - Herafisur, ferreter\u00eda, suministros, venta herramienta de corte, afilados\" \/>\n<meta property=\"og:description\" content=\"Ferreter\u00eda, discos, cuchillas, sierras, escuadras, portaestantes, sacos aspiraci\u00f3n, punta atornillar, tornillos, Bosch, tornillo rosca madera pozidrive\" \/>\n<meta property=\"og:url\" content=\"https:\/\/www.herafisur.com\/?product=tornillo-30-x-16-bicromatado-pozidrive-1000uds-din-7505-a\" \/>\n<meta property=\"og:site_name\" content=\"Herafisur, ferreter\u00eda, suministros, venta herramienta de corte, afilados\" \/>\n<meta property=\"article:modified_time\" content=\"2024-03-05T06:14:17+00:00\" \/>\n<meta property=\"og:image\" content=\"https:\/\/www.herafisur.com\/wp-content\/uploads\/2020\/12\/Tornillo-Bicromatado-Pozidrive-economico-scaled.jpg\" \/>\n\t<meta property=\"og:image:width\" content=\"2560\" \/>\n\t<meta property=\"og:image:height\" content=\"1920\" \/>\n\t<meta property=\"og:image:type\" content=\"image\/jpeg\" \/>\n<meta name=\"twitter:card\" content=\"summary_large_image\" \/>\n<meta name=\"twitter:label1\" content=\"Tiempo de lectura\" \/>\n\t<meta name=\"twitter:data1\" content=\"1 minuto\" \/>\n<script type=\"application\/ld+json\" class=\"yoast-schema-graph\">{\"@context\":\"https:\\\/\\\/schema.org\",\"@graph\":[{\"@type\":\"WebPage\",\"@id\":\"https:\\\/\\\/www.herafisur.com\\\/?product=tornillo-30-x-16-bicromatado-pozidrive-1000uds-din-7505-a\",\"url\":\"https:\\\/\\\/www.herafisur.com\\\/?product=tornillo-30-x-16-bicromatado-pozidrive-1000uds-din-7505-a\",\"name\":\"Tornillo 3,0 x 16 Bicromatado Pozidrive (1000uds) DIN 7505-A - Herafisur, ferreter\u00eda, suministros, venta herramienta de corte, afilados\",\"isPartOf\":{\"@id\":\"https:\\\/\\\/www.herafisur.com\\\/#website\"},\"primaryImageOfPage\":{\"@id\":\"https:\\\/\\\/www.herafisur.com\\\/?product=tornillo-30-x-16-bicromatado-pozidrive-1000uds-din-7505-a#primaryimage\"},\"image\":{\"@id\":\"https:\\\/\\\/www.herafisur.com\\\/?product=tornillo-30-x-16-bicromatado-pozidrive-1000uds-din-7505-a#primaryimage\"},\"thumbnailUrl\":\"https:\\\/\\\/www.herafisur.com\\\/wp-content\\\/uploads\\\/2020\\\/12\\\/Tornillo-Bicromatado-Pozidrive-economico-scaled.jpg\",\"datePublished\":\"2020-12-31T09:09:56+00:00\",\"dateModified\":\"2024-03-05T06:14:17+00:00\",\"description\":\"Ferreter\u00eda, discos, cuchillas, sierras, escuadras, portaestantes, sacos aspiraci\u00f3n, punta atornillar, tornillos, Bosch, tornillo rosca madera pozidrive\",\"breadcrumb\":{\"@id\":\"https:\\\/\\\/www.herafisur.com\\\/?product=tornillo-30-x-16-bicromatado-pozidrive-1000uds-din-7505-a#breadcrumb\"},\"inLanguage\":\"es\",\"potentialAction\":[{\"@type\":\"ReadAction\",\"target\":[\"https:\\\/\\\/www.herafisur.com\\\/?product=tornillo-30-x-16-bicromatado-pozidrive-1000uds-din-7505-a\"]}]},{\"@type\":\"ImageObject\",\"inLanguage\":\"es\",\"@id\":\"https:\\\/\\\/www.herafisur.com\\\/?product=tornillo-30-x-16-bicromatado-pozidrive-1000uds-din-7505-a#primaryimage\",\"url\":\"https:\\\/\\\/www.herafisur.com\\\/wp-content\\\/uploads\\\/2020\\\/12\\\/Tornillo-Bicromatado-Pozidrive-economico-scaled.jpg\",\"contentUrl\":\"https:\\\/\\\/www.herafisur.com\\\/wp-content\\\/uploads\\\/2020\\\/12\\\/Tornillo-Bicromatado-Pozidrive-economico-scaled.jpg\",\"width\":2560,\"height\":1920},{\"@type\":\"BreadcrumbList\",\"@id\":\"https:\\\/\\\/www.herafisur.com\\\/?product=tornillo-30-x-16-bicromatado-pozidrive-1000uds-din-7505-a#breadcrumb\",\"itemListElement\":[{\"@type\":\"ListItem\",\"position\":1,\"name\":\"Portada\",\"item\":\"https:\\\/\\\/www.herafisur.com\\\/\"},{\"@type\":\"ListItem\",\"position\":2,\"name\":\"Tienda\",\"item\":\"https:\\\/\\\/www.herafisur.com\\\/?page_id=14\"},{\"@type\":\"ListItem\",\"position\":3,\"name\":\"Tornillo 3,0 x 16 Bicromatado Pozidrive (1000uds) DIN 7505-A\"}]},{\"@type\":\"WebSite\",\"@id\":\"https:\\\/\\\/www.herafisur.com\\\/#website\",\"url\":\"https:\\\/\\\/www.herafisur.com\\\/\",\"name\":\"Herafisur, afilados, ferreter\u00eda, suministros, venta herramienta de corte\",\"description\":\"Ferreter\u00eda, herramientas de corte, suministros industriales, afilado\",\"publisher\":{\"@id\":\"https:\\\/\\\/www.herafisur.com\\\/#organization\"},\"potentialAction\":[{\"@type\":\"SearchAction\",\"target\":{\"@type\":\"EntryPoint\",\"urlTemplate\":\"https:\\\/\\\/www.herafisur.com\\\/?s={search_term_string}\"},\"query-input\":{\"@type\":\"PropertyValueSpecification\",\"valueRequired\":true,\"valueName\":\"search_term_string\"}}],\"inLanguage\":\"es\"},{\"@type\":\"Organization\",\"@id\":\"https:\\\/\\\/www.herafisur.com\\\/#organization\",\"name\":\"Herramientas y Afilados del Sur SLL\",\"url\":\"https:\\\/\\\/www.herafisur.com\\\/\",\"logo\":{\"@type\":\"ImageObject\",\"inLanguage\":\"es\",\"@id\":\"https:\\\/\\\/www.herafisur.com\\\/#\\\/schema\\\/logo\\\/image\\\/\",\"url\":\"https:\\\/\\\/www.herafisur.com\\\/wp-content\\\/uploads\\\/2017\\\/10\\\/Foto-logo.jpg\",\"contentUrl\":\"https:\\\/\\\/www.herafisur.com\\\/wp-content\\\/uploads\\\/2017\\\/10\\\/Foto-logo.jpg\",\"width\":2560,\"height\":1440,\"caption\":\"Herramientas y Afilados del Sur SLL\"},\"image\":{\"@id\":\"https:\\\/\\\/www.herafisur.com\\\/#\\\/schema\\\/logo\\\/image\\\/\"}}]}<\/script>\n<!-- \/ Yoast SEO plugin. -->","yoast_head_json":{"title":"Tornillo 3,0 x 16 Bicromatado Pozidrive (1000uds) DIN 7505-A - Herafisur, ferreter\u00eda, suministros, venta herramienta de corte, afilados","description":"Ferreter\u00eda, discos, cuchillas, sierras, escuadras, portaestantes, sacos aspiraci\u00f3n, punta atornillar, tornillos, Bosch, tornillo rosca madera pozidrive","robots":{"index":"index","follow":"follow","max-snippet":"max-snippet:-1","max-image-preview":"max-image-preview:large","max-video-preview":"max-video-preview:-1"},"canonical":"https:\/\/www.herafisur.com\/?product=tornillo-30-x-16-bicromatado-pozidrive-1000uds-din-7505-a","og_locale":"es_ES","og_type":"article","og_title":"Tornillo 3,0 x 16 Bicromatado Pozidrive (1000uds) DIN 7505-A - Herafisur, ferreter\u00eda, suministros, venta herramienta de corte, afilados","og_description":"Ferreter\u00eda, discos, cuchillas, sierras, escuadras, portaestantes, sacos aspiraci\u00f3n, punta atornillar, tornillos, Bosch, tornillo rosca madera pozidrive","og_url":"https:\/\/www.herafisur.com\/?product=tornillo-30-x-16-bicromatado-pozidrive-1000uds-din-7505-a","og_site_name":"Herafisur, ferreter\u00eda, suministros, venta herramienta de corte, afilados","article_modified_time":"2024-03-05T06:14:17+00:00","og_image":[{"width":2560,"height":1920,"url":"https:\/\/www.herafisur.com\/wp-content\/uploads\/2020\/12\/Tornillo-Bicromatado-Pozidrive-economico-scaled.jpg","type":"image\/jpeg"}],"twitter_card":"summary_large_image","twitter_misc":{"Tiempo de lectura":"1 minuto"},"schema":{"@context":"https:\/\/schema.org","@graph":[{"@type":"WebPage","@id":"https:\/\/www.herafisur.com\/?product=tornillo-30-x-16-bicromatado-pozidrive-1000uds-din-7505-a","url":"https:\/\/www.herafisur.com\/?product=tornillo-30-x-16-bicromatado-pozidrive-1000uds-din-7505-a","name":"Tornillo 3,0 x 16 Bicromatado Pozidrive (1000uds) DIN 7505-A - Herafisur, ferreter\u00eda, suministros, venta herramienta de corte, afilados","isPartOf":{"@id":"https:\/\/www.herafisur.com\/#website"},"primaryImageOfPage":{"@id":"https:\/\/www.herafisur.com\/?product=tornillo-30-x-16-bicromatado-pozidrive-1000uds-din-7505-a#primaryimage"},"image":{"@id":"https:\/\/www.herafisur.com\/?product=tornillo-30-x-16-bicromatado-pozidrive-1000uds-din-7505-a#primaryimage"},"thumbnailUrl":"https:\/\/www.herafisur.com\/wp-content\/uploads\/2020\/12\/Tornillo-Bicromatado-Pozidrive-economico-scaled.jpg","datePublished":"2020-12-31T09:09:56+00:00","dateModified":"2024-03-05T06:14:17+00:00","description":"Ferreter\u00eda, discos, cuchillas, sierras, escuadras, portaestantes, sacos aspiraci\u00f3n, punta atornillar, tornillos, Bosch, tornillo rosca madera pozidrive","breadcrumb":{"@id":"https:\/\/www.herafisur.com\/?product=tornillo-30-x-16-bicromatado-pozidrive-1000uds-din-7505-a#breadcrumb"},"inLanguage":"es","potentialAction":[{"@type":"ReadAction","target":["https:\/\/www.herafisur.com\/?product=tornillo-30-x-16-bicromatado-pozidrive-1000uds-din-7505-a"]}]},{"@type":"ImageObject","inLanguage":"es","@id":"https:\/\/www.herafisur.com\/?product=tornillo-30-x-16-bicromatado-pozidrive-1000uds-din-7505-a#primaryimage","url":"https:\/\/www.herafisur.com\/wp-content\/uploads\/2020\/12\/Tornillo-Bicromatado-Pozidrive-economico-scaled.jpg","contentUrl":"https:\/\/www.herafisur.com\/wp-content\/uploads\/2020\/12\/Tornillo-Bicromatado-Pozidrive-economico-scaled.jpg","width":2560,"height":1920},{"@type":"BreadcrumbList","@id":"https:\/\/www.herafisur.com\/?product=tornillo-30-x-16-bicromatado-pozidrive-1000uds-din-7505-a#breadcrumb","itemListElement":[{"@type":"ListItem","position":1,"name":"Portada","item":"https:\/\/www.herafisur.com\/"},{"@type":"ListItem","position":2,"name":"Tienda","item":"https:\/\/www.herafisur.com\/?page_id=14"},{"@type":"ListItem","position":3,"name":"Tornillo 3,0 x 16 Bicromatado Pozidrive (1000uds) DIN 7505-A"}]},{"@type":"WebSite","@id":"https:\/\/www.herafisur.com\/#website","url":"https:\/\/www.herafisur.com\/","name":"Herafisur, afilados, ferreter\u00eda, suministros, venta herramienta de corte","description":"Ferreter\u00eda, herramientas de corte, suministros industriales, afilado","publisher":{"@id":"https:\/\/www.herafisur.com\/#organization"},"potentialAction":[{"@type":"SearchAction","target":{"@type":"EntryPoint","urlTemplate":"https:\/\/www.herafisur.com\/?s={search_term_string}"},"query-input":{"@type":"PropertyValueSpecification","valueRequired":true,"valueName":"search_term_string"}}],"inLanguage":"es"},{"@type":"Organization","@id":"https:\/\/www.herafisur.com\/#organization","name":"Herramientas y Afilados del Sur SLL","url":"https:\/\/www.herafisur.com\/","logo":{"@type":"ImageObject","inLanguage":"es","@id":"https:\/\/www.herafisur.com\/#\/schema\/logo\/image\/","url":"https:\/\/www.herafisur.com\/wp-content\/uploads\/2017\/10\/Foto-logo.jpg","contentUrl":"https:\/\/www.herafisur.com\/wp-content\/uploads\/2017\/10\/Foto-logo.jpg","width":2560,"height":1440,"caption":"Herramientas y Afilados del Sur SLL"},"image":{"@id":"https:\/\/www.herafisur.com\/#\/schema\/logo\/image\/"}}]}},"_links":{"self":[{"href":"https:\/\/www.herafisur.com\/index.php?rest_route=\/wp\/v2\/product\/1014","targetHints":{"allow":["GET"]}}],"collection":[{"href":"https:\/\/www.herafisur.com\/index.php?rest_route=\/wp\/v2\/product"}],"about":[{"href":"https:\/\/www.herafisur.com\/index.php?rest_route=\/wp\/v2\/types\/product"}],"replies":[{"embeddable":true,"href":"https:\/\/www.herafisur.com\/index.php?rest_route=%2Fwp%2Fv2%2Fcomments&post=1014"}],"wp:featuredmedia":[{"embeddable":true,"href":"https:\/\/www.herafisur.com\/index.php?rest_route=\/wp\/v2\/media\/1013"}],"wp:attachment":[{"href":"https:\/\/www.herafisur.com\/index.php?rest_route=%2Fwp%2Fv2%2Fmedia&parent=1014"}],"wp:term":[{"taxonomy":"product_brand","embeddable":true,"href":"https:\/\/www.herafisur.com\/index.php?rest_route=%2Fwp%2Fv2%2Fproduct_brand&post=1014"},{"taxonomy":"product_cat","embeddable":true,"href":"https:\/\/www.herafisur.com\/index.php?rest_route=%2Fwp%2Fv2%2Fproduct_cat&post=1014"},{"taxonomy":"product_tag","embeddable":true,"href":"https:\/\/www.herafisur.com\/index.php?rest_route=%2Fwp%2Fv2%2Fproduct_tag&post=1014"}],"curies":[{"name":"wp","href":"https:\/\/api.w.org\/{rel}","templated":true}]}}