{"id":1150,"date":"2021-06-26T07:49:32","date_gmt":"2021-06-26T06:49:32","guid":{"rendered":"https:\/\/www.herafisur.com\/?post_type=product&#038;p=1150"},"modified":"2023-05-28T11:47:22","modified_gmt":"2023-05-28T10:47:22","slug":"juego-escobillas-varias-maquinas-casals-ref-13050","status":"publish","type":"product","link":"https:\/\/www.herafisur.com\/?product=juego-escobillas-varias-maquinas-casals-ref-13050","title":{"rendered":"Juego escobillas varias m\u00e1quinas CASALS Ref: 13050 &#8211; 0401J"},"content":{"rendered":"<p>Juego escobillas utilizado por varios modelos de m\u00e1quinas CASALS.<br \/>\nReferencia Casals 13050<br \/>\nM\u00e9didas: 6,4 x 6,4 x 15<br \/>\nM\u00e1quinas:<br \/>\nFresadora perniadora FC14<br \/>\nLijadora LN216 &#8211; LN255<br \/>\nMartillo P20\/20RE &#8211; PE20 &#8211; PE20E<br \/>\nTaladro 2T10 &#8211; PC16 &#8211; PC16\/2 &#8211; PC16\/4E &#8211; PC16\/E &#8211; PH10\/2 &#8211; PH13\/2 &#8211; T8 &#8211; TC10 &#8211; TC10\/2 &#8211; TC13\/2 &#8211; TC6 &#8211; TC8 &#8211; TD13\/2 &#8211; TD13\/4E &#8211; TH10 &#8211; TH10\/2 &#8211; TH13\/2 &#8211; TP12<\/p>\n","protected":false},"excerpt":{"rendered":"<p>Escobillas para m\u00e1quinas Casals, varios modelos, fresadora, lijadora, martillo, taladro<\/p>\n","protected":false},"featured_media":1151,"comment_status":"closed","ping_status":"closed","template":"","meta":{"_et_pb_use_builder":"","_et_pb_old_content":"","_et_gb_content_width":""},"product_brand":[],"product_cat":[918],"product_tag":[1038,160,1036,1040,1039,1041,1035,1037,188,1043,1042,554,1044],"class_list":{"0":"post-1150","1":"product","2":"type-product","3":"status-publish","4":"has-post-thumbnail","6":"product_cat-escobillas-carbon-maquinas-portatiles","7":"product_tag-1038","8":"product_tag-escobillas","9":"product_tag-escobillas-casals","10":"product_tag-escobillas-perniadora-casals","11":"product_tag-escobillas-perniadora-fc14-casals","12":"product_tag-fresadora-casals","13":"product_tag-juego-escobillas","14":"product_tag-juego-escobillas-casals","15":"product_tag-lijadora","16":"product_tag-martillo","17":"product_tag-perniadora-casals","18":"product_tag-taladro","19":"product_tag-taladro-casals","21":"first","22":"instock","23":"shipping-taxable","24":"purchasable","25":"product-type-simple"},"yoast_head":"<!-- This site is optimized with the Yoast SEO plugin v27.6 - https:\/\/yoast.com\/product\/yoast-seo-wordpress\/ -->\n<title>Juego escobillas varias m\u00e1quinas CASALS Ref: 13050 - 0401J - Herafisur, ferreter\u00eda, suministros, venta herramienta de corte, afilados<\/title>\n<meta name=\"description\" content=\"Escobillas Casals, Ferreter\u00eda, discos, cuchillas, sierras, escuadras, portaestantes, sacos aspiraci\u00f3n, punta atornillar, tornillos,\" \/>\n<meta name=\"robots\" content=\"index, follow, max-snippet:-1, max-image-preview:large, max-video-preview:-1\" \/>\n<link rel=\"canonical\" href=\"https:\/\/www.herafisur.com\/?product=juego-escobillas-varias-maquinas-casals-ref-13050\" \/>\n<meta property=\"og:locale\" content=\"es_ES\" \/>\n<meta property=\"og:type\" content=\"article\" \/>\n<meta property=\"og:title\" content=\"Juego escobillas varias m\u00e1quinas CASALS Ref: 13050 - 0401J - Herafisur, ferreter\u00eda, suministros, venta herramienta de corte, afilados\" \/>\n<meta property=\"og:description\" content=\"Escobillas Casals, Ferreter\u00eda, discos, cuchillas, sierras, escuadras, portaestantes, sacos aspiraci\u00f3n, punta atornillar, tornillos,\" \/>\n<meta property=\"og:url\" content=\"https:\/\/www.herafisur.com\/?product=juego-escobillas-varias-maquinas-casals-ref-13050\" \/>\n<meta property=\"og:site_name\" content=\"Herafisur, ferreter\u00eda, suministros, venta herramienta de corte, afilados\" \/>\n<meta property=\"article:modified_time\" content=\"2023-05-28T10:47:22+00:00\" \/>\n<meta property=\"og:image\" content=\"https:\/\/www.herafisur.com\/wp-content\/uploads\/2021\/06\/0401J-13050-CASALS-Varias-maquinas-scaled.jpg\" \/>\n\t<meta property=\"og:image:width\" content=\"1920\" \/>\n\t<meta property=\"og:image:height\" content=\"2560\" \/>\n\t<meta property=\"og:image:type\" content=\"image\/jpeg\" \/>\n<meta name=\"twitter:card\" content=\"summary_large_image\" \/>\n<meta name=\"twitter:label1\" content=\"Tiempo de lectura\" \/>\n\t<meta name=\"twitter:data1\" content=\"1 minuto\" \/>\n<script type=\"application\/ld+json\" class=\"yoast-schema-graph\">{\"@context\":\"https:\\\/\\\/schema.org\",\"@graph\":[{\"@type\":\"WebPage\",\"@id\":\"https:\\\/\\\/www.herafisur.com\\\/?product=juego-escobillas-varias-maquinas-casals-ref-13050\",\"url\":\"https:\\\/\\\/www.herafisur.com\\\/?product=juego-escobillas-varias-maquinas-casals-ref-13050\",\"name\":\"Juego escobillas varias m\u00e1quinas CASALS Ref: 13050 - 0401J - Herafisur, ferreter\u00eda, suministros, venta herramienta de corte, afilados\",\"isPartOf\":{\"@id\":\"https:\\\/\\\/www.herafisur.com\\\/#website\"},\"primaryImageOfPage\":{\"@id\":\"https:\\\/\\\/www.herafisur.com\\\/?product=juego-escobillas-varias-maquinas-casals-ref-13050#primaryimage\"},\"image\":{\"@id\":\"https:\\\/\\\/www.herafisur.com\\\/?product=juego-escobillas-varias-maquinas-casals-ref-13050#primaryimage\"},\"thumbnailUrl\":\"https:\\\/\\\/www.herafisur.com\\\/wp-content\\\/uploads\\\/2021\\\/06\\\/0401J-13050-CASALS-Varias-maquinas-scaled.jpg\",\"datePublished\":\"2021-06-26T06:49:32+00:00\",\"dateModified\":\"2023-05-28T10:47:22+00:00\",\"description\":\"Escobillas Casals, Ferreter\u00eda, discos, cuchillas, sierras, escuadras, portaestantes, sacos aspiraci\u00f3n, punta atornillar, tornillos,\",\"breadcrumb\":{\"@id\":\"https:\\\/\\\/www.herafisur.com\\\/?product=juego-escobillas-varias-maquinas-casals-ref-13050#breadcrumb\"},\"inLanguage\":\"es\",\"potentialAction\":[{\"@type\":\"ReadAction\",\"target\":[\"https:\\\/\\\/www.herafisur.com\\\/?product=juego-escobillas-varias-maquinas-casals-ref-13050\"]}]},{\"@type\":\"ImageObject\",\"inLanguage\":\"es\",\"@id\":\"https:\\\/\\\/www.herafisur.com\\\/?product=juego-escobillas-varias-maquinas-casals-ref-13050#primaryimage\",\"url\":\"https:\\\/\\\/www.herafisur.com\\\/wp-content\\\/uploads\\\/2021\\\/06\\\/0401J-13050-CASALS-Varias-maquinas-scaled.jpg\",\"contentUrl\":\"https:\\\/\\\/www.herafisur.com\\\/wp-content\\\/uploads\\\/2021\\\/06\\\/0401J-13050-CASALS-Varias-maquinas-scaled.jpg\",\"width\":1920,\"height\":2560},{\"@type\":\"BreadcrumbList\",\"@id\":\"https:\\\/\\\/www.herafisur.com\\\/?product=juego-escobillas-varias-maquinas-casals-ref-13050#breadcrumb\",\"itemListElement\":[{\"@type\":\"ListItem\",\"position\":1,\"name\":\"Portada\",\"item\":\"https:\\\/\\\/www.herafisur.com\\\/\"},{\"@type\":\"ListItem\",\"position\":2,\"name\":\"Tienda\",\"item\":\"https:\\\/\\\/www.herafisur.com\\\/?page_id=14\"},{\"@type\":\"ListItem\",\"position\":3,\"name\":\"Juego escobillas varias m\u00e1quinas CASALS Ref: 13050 &#8211; 0401J\"}]},{\"@type\":\"WebSite\",\"@id\":\"https:\\\/\\\/www.herafisur.com\\\/#website\",\"url\":\"https:\\\/\\\/www.herafisur.com\\\/\",\"name\":\"Herafisur, afilados, ferreter\u00eda, suministros, venta herramienta de corte\",\"description\":\"Ferreter\u00eda, herramientas de corte, suministros industriales, afilado\",\"publisher\":{\"@id\":\"https:\\\/\\\/www.herafisur.com\\\/#organization\"},\"potentialAction\":[{\"@type\":\"SearchAction\",\"target\":{\"@type\":\"EntryPoint\",\"urlTemplate\":\"https:\\\/\\\/www.herafisur.com\\\/?s={search_term_string}\"},\"query-input\":{\"@type\":\"PropertyValueSpecification\",\"valueRequired\":true,\"valueName\":\"search_term_string\"}}],\"inLanguage\":\"es\"},{\"@type\":\"Organization\",\"@id\":\"https:\\\/\\\/www.herafisur.com\\\/#organization\",\"name\":\"Herramientas y Afilados del Sur SLL\",\"url\":\"https:\\\/\\\/www.herafisur.com\\\/\",\"logo\":{\"@type\":\"ImageObject\",\"inLanguage\":\"es\",\"@id\":\"https:\\\/\\\/www.herafisur.com\\\/#\\\/schema\\\/logo\\\/image\\\/\",\"url\":\"https:\\\/\\\/www.herafisur.com\\\/wp-content\\\/uploads\\\/2017\\\/10\\\/Foto-logo.jpg\",\"contentUrl\":\"https:\\\/\\\/www.herafisur.com\\\/wp-content\\\/uploads\\\/2017\\\/10\\\/Foto-logo.jpg\",\"width\":2560,\"height\":1440,\"caption\":\"Herramientas y Afilados del Sur SLL\"},\"image\":{\"@id\":\"https:\\\/\\\/www.herafisur.com\\\/#\\\/schema\\\/logo\\\/image\\\/\"}}]}<\/script>\n<!-- \/ Yoast SEO plugin. -->","yoast_head_json":{"title":"Juego escobillas varias m\u00e1quinas CASALS Ref: 13050 - 0401J - Herafisur, ferreter\u00eda, suministros, venta herramienta de corte, afilados","description":"Escobillas Casals, Ferreter\u00eda, discos, cuchillas, sierras, escuadras, portaestantes, sacos aspiraci\u00f3n, punta atornillar, tornillos,","robots":{"index":"index","follow":"follow","max-snippet":"max-snippet:-1","max-image-preview":"max-image-preview:large","max-video-preview":"max-video-preview:-1"},"canonical":"https:\/\/www.herafisur.com\/?product=juego-escobillas-varias-maquinas-casals-ref-13050","og_locale":"es_ES","og_type":"article","og_title":"Juego escobillas varias m\u00e1quinas CASALS Ref: 13050 - 0401J - Herafisur, ferreter\u00eda, suministros, venta herramienta de corte, afilados","og_description":"Escobillas Casals, Ferreter\u00eda, discos, cuchillas, sierras, escuadras, portaestantes, sacos aspiraci\u00f3n, punta atornillar, tornillos,","og_url":"https:\/\/www.herafisur.com\/?product=juego-escobillas-varias-maquinas-casals-ref-13050","og_site_name":"Herafisur, ferreter\u00eda, suministros, venta herramienta de corte, afilados","article_modified_time":"2023-05-28T10:47:22+00:00","og_image":[{"width":1920,"height":2560,"url":"https:\/\/www.herafisur.com\/wp-content\/uploads\/2021\/06\/0401J-13050-CASALS-Varias-maquinas-scaled.jpg","type":"image\/jpeg"}],"twitter_card":"summary_large_image","twitter_misc":{"Tiempo de lectura":"1 minuto"},"schema":{"@context":"https:\/\/schema.org","@graph":[{"@type":"WebPage","@id":"https:\/\/www.herafisur.com\/?product=juego-escobillas-varias-maquinas-casals-ref-13050","url":"https:\/\/www.herafisur.com\/?product=juego-escobillas-varias-maquinas-casals-ref-13050","name":"Juego escobillas varias m\u00e1quinas CASALS Ref: 13050 - 0401J - Herafisur, ferreter\u00eda, suministros, venta herramienta de corte, afilados","isPartOf":{"@id":"https:\/\/www.herafisur.com\/#website"},"primaryImageOfPage":{"@id":"https:\/\/www.herafisur.com\/?product=juego-escobillas-varias-maquinas-casals-ref-13050#primaryimage"},"image":{"@id":"https:\/\/www.herafisur.com\/?product=juego-escobillas-varias-maquinas-casals-ref-13050#primaryimage"},"thumbnailUrl":"https:\/\/www.herafisur.com\/wp-content\/uploads\/2021\/06\/0401J-13050-CASALS-Varias-maquinas-scaled.jpg","datePublished":"2021-06-26T06:49:32+00:00","dateModified":"2023-05-28T10:47:22+00:00","description":"Escobillas Casals, Ferreter\u00eda, discos, cuchillas, sierras, escuadras, portaestantes, sacos aspiraci\u00f3n, punta atornillar, tornillos,","breadcrumb":{"@id":"https:\/\/www.herafisur.com\/?product=juego-escobillas-varias-maquinas-casals-ref-13050#breadcrumb"},"inLanguage":"es","potentialAction":[{"@type":"ReadAction","target":["https:\/\/www.herafisur.com\/?product=juego-escobillas-varias-maquinas-casals-ref-13050"]}]},{"@type":"ImageObject","inLanguage":"es","@id":"https:\/\/www.herafisur.com\/?product=juego-escobillas-varias-maquinas-casals-ref-13050#primaryimage","url":"https:\/\/www.herafisur.com\/wp-content\/uploads\/2021\/06\/0401J-13050-CASALS-Varias-maquinas-scaled.jpg","contentUrl":"https:\/\/www.herafisur.com\/wp-content\/uploads\/2021\/06\/0401J-13050-CASALS-Varias-maquinas-scaled.jpg","width":1920,"height":2560},{"@type":"BreadcrumbList","@id":"https:\/\/www.herafisur.com\/?product=juego-escobillas-varias-maquinas-casals-ref-13050#breadcrumb","itemListElement":[{"@type":"ListItem","position":1,"name":"Portada","item":"https:\/\/www.herafisur.com\/"},{"@type":"ListItem","position":2,"name":"Tienda","item":"https:\/\/www.herafisur.com\/?page_id=14"},{"@type":"ListItem","position":3,"name":"Juego escobillas varias m\u00e1quinas CASALS Ref: 13050 &#8211; 0401J"}]},{"@type":"WebSite","@id":"https:\/\/www.herafisur.com\/#website","url":"https:\/\/www.herafisur.com\/","name":"Herafisur, afilados, ferreter\u00eda, suministros, venta herramienta de corte","description":"Ferreter\u00eda, herramientas de corte, suministros industriales, afilado","publisher":{"@id":"https:\/\/www.herafisur.com\/#organization"},"potentialAction":[{"@type":"SearchAction","target":{"@type":"EntryPoint","urlTemplate":"https:\/\/www.herafisur.com\/?s={search_term_string}"},"query-input":{"@type":"PropertyValueSpecification","valueRequired":true,"valueName":"search_term_string"}}],"inLanguage":"es"},{"@type":"Organization","@id":"https:\/\/www.herafisur.com\/#organization","name":"Herramientas y Afilados del Sur SLL","url":"https:\/\/www.herafisur.com\/","logo":{"@type":"ImageObject","inLanguage":"es","@id":"https:\/\/www.herafisur.com\/#\/schema\/logo\/image\/","url":"https:\/\/www.herafisur.com\/wp-content\/uploads\/2017\/10\/Foto-logo.jpg","contentUrl":"https:\/\/www.herafisur.com\/wp-content\/uploads\/2017\/10\/Foto-logo.jpg","width":2560,"height":1440,"caption":"Herramientas y Afilados del Sur SLL"},"image":{"@id":"https:\/\/www.herafisur.com\/#\/schema\/logo\/image\/"}}]}},"_links":{"self":[{"href":"https:\/\/www.herafisur.com\/index.php?rest_route=\/wp\/v2\/product\/1150","targetHints":{"allow":["GET"]}}],"collection":[{"href":"https:\/\/www.herafisur.com\/index.php?rest_route=\/wp\/v2\/product"}],"about":[{"href":"https:\/\/www.herafisur.com\/index.php?rest_route=\/wp\/v2\/types\/product"}],"replies":[{"embeddable":true,"href":"https:\/\/www.herafisur.com\/index.php?rest_route=%2Fwp%2Fv2%2Fcomments&post=1150"}],"wp:featuredmedia":[{"embeddable":true,"href":"https:\/\/www.herafisur.com\/index.php?rest_route=\/wp\/v2\/media\/1151"}],"wp:attachment":[{"href":"https:\/\/www.herafisur.com\/index.php?rest_route=%2Fwp%2Fv2%2Fmedia&parent=1150"}],"wp:term":[{"taxonomy":"product_brand","embeddable":true,"href":"https:\/\/www.herafisur.com\/index.php?rest_route=%2Fwp%2Fv2%2Fproduct_brand&post=1150"},{"taxonomy":"product_cat","embeddable":true,"href":"https:\/\/www.herafisur.com\/index.php?rest_route=%2Fwp%2Fv2%2Fproduct_cat&post=1150"},{"taxonomy":"product_tag","embeddable":true,"href":"https:\/\/www.herafisur.com\/index.php?rest_route=%2Fwp%2Fv2%2Fproduct_tag&post=1150"}],"curies":[{"name":"wp","href":"https:\/\/api.w.org\/{rel}","templated":true}]}}