{"id":1224,"date":"2021-08-08T12:13:59","date_gmt":"2021-08-08T11:13:59","guid":{"rendered":"https:\/\/www.herafisur.com\/?post_type=product&#038;p=1224"},"modified":"2023-06-10T17:19:30","modified_gmt":"2023-06-10T16:19:30","slug":"guante-polyester-nitrilo-verde-talla-10-5-pares","status":"publish","type":"product","link":"https:\/\/www.herafisur.com\/?product=guante-polyester-nitrilo-verde-talla-10-5-pares","title":{"rendered":"Guante Polyester\/Nitrilo Verde Talla 10 (5 pares)"},"content":{"rendered":"<p>Guante fabricado en tejido tipo polyester recubierto en la palma por Nitrilo Verde para proteger contra la suciedad siempre y cuando no sean sustancias nocivas, manipulaciones en seco y en relieve que proporciona un excelente agarre, resistente a la abrasi\u00f3n y desgarro.<\/p>\n<p>Se env\u00edan 5 pares de guantes.<\/p>\n<p>Este producto se ha fabricado siguiendo las exigencias del Real Decreto 1407\/1992 para su uso b\u00e1sico seg\u00fan la norma UNE EN 420:2003 requisitos generales y UNE EN 388:2003 contra riesgos mec\u00e1nicos que le son aplicables seg\u00fan consta en el Certificado N\u00ba0075\/2993\/162\/09\/18\/1926 de C.T.C. &#8211; France.<\/p>\n<p>Requisitos m\u00ednimos:<\/p>\n<ul>\n<li>Abrasi\u00f3n: 100<\/li>\n<li>Corte por cuchilla: 2,5<\/li>\n<li>Desgarro: 25<\/li>\n<li>Perforaci\u00f3n: 20<\/li>\n<\/ul>\n","protected":false},"excerpt":{"rendered":"<p>Guante fabricado en polyester con la palma recubierta de nitrilo verde que le otorga un excelente agarre<\/p>\n","protected":false},"featured_media":1223,"comment_status":"closed","ping_status":"closed","template":"","meta":{"_et_pb_use_builder":"","_et_pb_old_content":"","_et_gb_content_width":""},"product_brand":[],"product_cat":[113,1808],"product_tag":[1105,1073,1107,1097,1106,1103,1104],"class_list":{"0":"post-1224","1":"product","2":"type-product","3":"status-publish","4":"has-post-thumbnail","6":"product_cat-oferta","7":"product_cat-proteccion_laboral","8":"product_tag-excelente-agarre","9":"product_tag-guante","10":"product_tag-guante-abrasion","11":"product_tag-guante-agarre","12":"product_tag-guante-excelente-agarre","13":"product_tag-guante-nitrilo","14":"product_tag-guante-nitrilo-verde","16":"first","17":"instock","18":"shipping-taxable","19":"purchasable","20":"product-type-simple"},"yoast_head":"<!-- This site is optimized with the Yoast SEO plugin v27.6 - https:\/\/yoast.com\/product\/yoast-seo-wordpress\/ -->\n<title>Guante Polyester\/Nitrilo Verde Talla 10 (5 pares) - Herafisur, ferreter\u00eda, suministros, venta herramienta de corte, afilados<\/title>\n<meta name=\"description\" content=\"Ferreter\u00eda, discos, cuchillas, sierras, escuadras, portaestantes, sacos aspiraci\u00f3n, punta atornillar, tornillos, Guante nitrilo verde excelente agarre\" \/>\n<meta name=\"robots\" content=\"index, follow, max-snippet:-1, max-image-preview:large, max-video-preview:-1\" \/>\n<link rel=\"canonical\" href=\"https:\/\/www.herafisur.com\/?product=guante-polyester-nitrilo-verde-talla-10-5-pares\" \/>\n<meta property=\"og:locale\" content=\"es_ES\" \/>\n<meta property=\"og:type\" content=\"article\" \/>\n<meta property=\"og:title\" content=\"Guante Polyester\/Nitrilo Verde Talla 10 (5 pares) - Herafisur, ferreter\u00eda, suministros, venta herramienta de corte, afilados\" \/>\n<meta property=\"og:description\" content=\"Ferreter\u00eda, discos, cuchillas, sierras, escuadras, portaestantes, sacos aspiraci\u00f3n, punta atornillar, tornillos, Guante nitrilo verde excelente agarre\" \/>\n<meta property=\"og:url\" content=\"https:\/\/www.herafisur.com\/?product=guante-polyester-nitrilo-verde-talla-10-5-pares\" \/>\n<meta property=\"og:site_name\" content=\"Herafisur, ferreter\u00eda, suministros, venta herramienta de corte, afilados\" \/>\n<meta property=\"article:modified_time\" content=\"2023-06-10T16:19:30+00:00\" \/>\n<meta property=\"og:image\" content=\"https:\/\/www.herafisur.com\/wp-content\/uploads\/2021\/08\/Nylon-Nitrilo-Verde-scaled.jpg\" \/>\n\t<meta property=\"og:image:width\" content=\"2413\" \/>\n\t<meta property=\"og:image:height\" content=\"2560\" \/>\n\t<meta property=\"og:image:type\" content=\"image\/jpeg\" \/>\n<meta name=\"twitter:card\" content=\"summary_large_image\" \/>\n<meta name=\"twitter:label1\" content=\"Tiempo de lectura\" \/>\n\t<meta name=\"twitter:data1\" content=\"1 minuto\" \/>\n<script type=\"application\/ld+json\" class=\"yoast-schema-graph\">{\"@context\":\"https:\\\/\\\/schema.org\",\"@graph\":[{\"@type\":\"WebPage\",\"@id\":\"https:\\\/\\\/www.herafisur.com\\\/?product=guante-polyester-nitrilo-verde-talla-10-5-pares\",\"url\":\"https:\\\/\\\/www.herafisur.com\\\/?product=guante-polyester-nitrilo-verde-talla-10-5-pares\",\"name\":\"Guante Polyester\\\/Nitrilo Verde Talla 10 (5 pares) - Herafisur, ferreter\u00eda, suministros, venta herramienta de corte, afilados\",\"isPartOf\":{\"@id\":\"https:\\\/\\\/www.herafisur.com\\\/#website\"},\"primaryImageOfPage\":{\"@id\":\"https:\\\/\\\/www.herafisur.com\\\/?product=guante-polyester-nitrilo-verde-talla-10-5-pares#primaryimage\"},\"image\":{\"@id\":\"https:\\\/\\\/www.herafisur.com\\\/?product=guante-polyester-nitrilo-verde-talla-10-5-pares#primaryimage\"},\"thumbnailUrl\":\"https:\\\/\\\/www.herafisur.com\\\/wp-content\\\/uploads\\\/2021\\\/08\\\/Nylon-Nitrilo-Verde-scaled.jpg\",\"datePublished\":\"2021-08-08T11:13:59+00:00\",\"dateModified\":\"2023-06-10T16:19:30+00:00\",\"description\":\"Ferreter\u00eda, discos, cuchillas, sierras, escuadras, portaestantes, sacos aspiraci\u00f3n, punta atornillar, tornillos, Guante nitrilo verde excelente agarre\",\"breadcrumb\":{\"@id\":\"https:\\\/\\\/www.herafisur.com\\\/?product=guante-polyester-nitrilo-verde-talla-10-5-pares#breadcrumb\"},\"inLanguage\":\"es\",\"potentialAction\":[{\"@type\":\"ReadAction\",\"target\":[\"https:\\\/\\\/www.herafisur.com\\\/?product=guante-polyester-nitrilo-verde-talla-10-5-pares\"]}]},{\"@type\":\"ImageObject\",\"inLanguage\":\"es\",\"@id\":\"https:\\\/\\\/www.herafisur.com\\\/?product=guante-polyester-nitrilo-verde-talla-10-5-pares#primaryimage\",\"url\":\"https:\\\/\\\/www.herafisur.com\\\/wp-content\\\/uploads\\\/2021\\\/08\\\/Nylon-Nitrilo-Verde-scaled.jpg\",\"contentUrl\":\"https:\\\/\\\/www.herafisur.com\\\/wp-content\\\/uploads\\\/2021\\\/08\\\/Nylon-Nitrilo-Verde-scaled.jpg\",\"width\":2413,\"height\":2560},{\"@type\":\"BreadcrumbList\",\"@id\":\"https:\\\/\\\/www.herafisur.com\\\/?product=guante-polyester-nitrilo-verde-talla-10-5-pares#breadcrumb\",\"itemListElement\":[{\"@type\":\"ListItem\",\"position\":1,\"name\":\"Portada\",\"item\":\"https:\\\/\\\/www.herafisur.com\\\/\"},{\"@type\":\"ListItem\",\"position\":2,\"name\":\"Tienda\",\"item\":\"https:\\\/\\\/www.herafisur.com\\\/?page_id=14\"},{\"@type\":\"ListItem\",\"position\":3,\"name\":\"Guante Polyester\\\/Nitrilo Verde Talla 10 (5 pares)\"}]},{\"@type\":\"WebSite\",\"@id\":\"https:\\\/\\\/www.herafisur.com\\\/#website\",\"url\":\"https:\\\/\\\/www.herafisur.com\\\/\",\"name\":\"Herafisur, afilados, ferreter\u00eda, suministros, venta herramienta de corte\",\"description\":\"Ferreter\u00eda, herramientas de corte, suministros industriales, afilado\",\"publisher\":{\"@id\":\"https:\\\/\\\/www.herafisur.com\\\/#organization\"},\"potentialAction\":[{\"@type\":\"SearchAction\",\"target\":{\"@type\":\"EntryPoint\",\"urlTemplate\":\"https:\\\/\\\/www.herafisur.com\\\/?s={search_term_string}\"},\"query-input\":{\"@type\":\"PropertyValueSpecification\",\"valueRequired\":true,\"valueName\":\"search_term_string\"}}],\"inLanguage\":\"es\"},{\"@type\":\"Organization\",\"@id\":\"https:\\\/\\\/www.herafisur.com\\\/#organization\",\"name\":\"Herramientas y Afilados del Sur SLL\",\"url\":\"https:\\\/\\\/www.herafisur.com\\\/\",\"logo\":{\"@type\":\"ImageObject\",\"inLanguage\":\"es\",\"@id\":\"https:\\\/\\\/www.herafisur.com\\\/#\\\/schema\\\/logo\\\/image\\\/\",\"url\":\"https:\\\/\\\/www.herafisur.com\\\/wp-content\\\/uploads\\\/2017\\\/10\\\/Foto-logo.jpg\",\"contentUrl\":\"https:\\\/\\\/www.herafisur.com\\\/wp-content\\\/uploads\\\/2017\\\/10\\\/Foto-logo.jpg\",\"width\":2560,\"height\":1440,\"caption\":\"Herramientas y Afilados del Sur SLL\"},\"image\":{\"@id\":\"https:\\\/\\\/www.herafisur.com\\\/#\\\/schema\\\/logo\\\/image\\\/\"}}]}<\/script>\n<!-- \/ Yoast SEO plugin. -->","yoast_head_json":{"title":"Guante Polyester\/Nitrilo Verde Talla 10 (5 pares) - Herafisur, ferreter\u00eda, suministros, venta herramienta de corte, afilados","description":"Ferreter\u00eda, discos, cuchillas, sierras, escuadras, portaestantes, sacos aspiraci\u00f3n, punta atornillar, tornillos, Guante nitrilo verde excelente agarre","robots":{"index":"index","follow":"follow","max-snippet":"max-snippet:-1","max-image-preview":"max-image-preview:large","max-video-preview":"max-video-preview:-1"},"canonical":"https:\/\/www.herafisur.com\/?product=guante-polyester-nitrilo-verde-talla-10-5-pares","og_locale":"es_ES","og_type":"article","og_title":"Guante Polyester\/Nitrilo Verde Talla 10 (5 pares) - Herafisur, ferreter\u00eda, suministros, venta herramienta de corte, afilados","og_description":"Ferreter\u00eda, discos, cuchillas, sierras, escuadras, portaestantes, sacos aspiraci\u00f3n, punta atornillar, tornillos, Guante nitrilo verde excelente agarre","og_url":"https:\/\/www.herafisur.com\/?product=guante-polyester-nitrilo-verde-talla-10-5-pares","og_site_name":"Herafisur, ferreter\u00eda, suministros, venta herramienta de corte, afilados","article_modified_time":"2023-06-10T16:19:30+00:00","og_image":[{"width":2413,"height":2560,"url":"https:\/\/www.herafisur.com\/wp-content\/uploads\/2021\/08\/Nylon-Nitrilo-Verde-scaled.jpg","type":"image\/jpeg"}],"twitter_card":"summary_large_image","twitter_misc":{"Tiempo de lectura":"1 minuto"},"schema":{"@context":"https:\/\/schema.org","@graph":[{"@type":"WebPage","@id":"https:\/\/www.herafisur.com\/?product=guante-polyester-nitrilo-verde-talla-10-5-pares","url":"https:\/\/www.herafisur.com\/?product=guante-polyester-nitrilo-verde-talla-10-5-pares","name":"Guante Polyester\/Nitrilo Verde Talla 10 (5 pares) - Herafisur, ferreter\u00eda, suministros, venta herramienta de corte, afilados","isPartOf":{"@id":"https:\/\/www.herafisur.com\/#website"},"primaryImageOfPage":{"@id":"https:\/\/www.herafisur.com\/?product=guante-polyester-nitrilo-verde-talla-10-5-pares#primaryimage"},"image":{"@id":"https:\/\/www.herafisur.com\/?product=guante-polyester-nitrilo-verde-talla-10-5-pares#primaryimage"},"thumbnailUrl":"https:\/\/www.herafisur.com\/wp-content\/uploads\/2021\/08\/Nylon-Nitrilo-Verde-scaled.jpg","datePublished":"2021-08-08T11:13:59+00:00","dateModified":"2023-06-10T16:19:30+00:00","description":"Ferreter\u00eda, discos, cuchillas, sierras, escuadras, portaestantes, sacos aspiraci\u00f3n, punta atornillar, tornillos, Guante nitrilo verde excelente agarre","breadcrumb":{"@id":"https:\/\/www.herafisur.com\/?product=guante-polyester-nitrilo-verde-talla-10-5-pares#breadcrumb"},"inLanguage":"es","potentialAction":[{"@type":"ReadAction","target":["https:\/\/www.herafisur.com\/?product=guante-polyester-nitrilo-verde-talla-10-5-pares"]}]},{"@type":"ImageObject","inLanguage":"es","@id":"https:\/\/www.herafisur.com\/?product=guante-polyester-nitrilo-verde-talla-10-5-pares#primaryimage","url":"https:\/\/www.herafisur.com\/wp-content\/uploads\/2021\/08\/Nylon-Nitrilo-Verde-scaled.jpg","contentUrl":"https:\/\/www.herafisur.com\/wp-content\/uploads\/2021\/08\/Nylon-Nitrilo-Verde-scaled.jpg","width":2413,"height":2560},{"@type":"BreadcrumbList","@id":"https:\/\/www.herafisur.com\/?product=guante-polyester-nitrilo-verde-talla-10-5-pares#breadcrumb","itemListElement":[{"@type":"ListItem","position":1,"name":"Portada","item":"https:\/\/www.herafisur.com\/"},{"@type":"ListItem","position":2,"name":"Tienda","item":"https:\/\/www.herafisur.com\/?page_id=14"},{"@type":"ListItem","position":3,"name":"Guante Polyester\/Nitrilo Verde Talla 10 (5 pares)"}]},{"@type":"WebSite","@id":"https:\/\/www.herafisur.com\/#website","url":"https:\/\/www.herafisur.com\/","name":"Herafisur, afilados, ferreter\u00eda, suministros, venta herramienta de corte","description":"Ferreter\u00eda, herramientas de corte, suministros industriales, afilado","publisher":{"@id":"https:\/\/www.herafisur.com\/#organization"},"potentialAction":[{"@type":"SearchAction","target":{"@type":"EntryPoint","urlTemplate":"https:\/\/www.herafisur.com\/?s={search_term_string}"},"query-input":{"@type":"PropertyValueSpecification","valueRequired":true,"valueName":"search_term_string"}}],"inLanguage":"es"},{"@type":"Organization","@id":"https:\/\/www.herafisur.com\/#organization","name":"Herramientas y Afilados del Sur SLL","url":"https:\/\/www.herafisur.com\/","logo":{"@type":"ImageObject","inLanguage":"es","@id":"https:\/\/www.herafisur.com\/#\/schema\/logo\/image\/","url":"https:\/\/www.herafisur.com\/wp-content\/uploads\/2017\/10\/Foto-logo.jpg","contentUrl":"https:\/\/www.herafisur.com\/wp-content\/uploads\/2017\/10\/Foto-logo.jpg","width":2560,"height":1440,"caption":"Herramientas y Afilados del Sur SLL"},"image":{"@id":"https:\/\/www.herafisur.com\/#\/schema\/logo\/image\/"}}]}},"_links":{"self":[{"href":"https:\/\/www.herafisur.com\/index.php?rest_route=\/wp\/v2\/product\/1224","targetHints":{"allow":["GET"]}}],"collection":[{"href":"https:\/\/www.herafisur.com\/index.php?rest_route=\/wp\/v2\/product"}],"about":[{"href":"https:\/\/www.herafisur.com\/index.php?rest_route=\/wp\/v2\/types\/product"}],"replies":[{"embeddable":true,"href":"https:\/\/www.herafisur.com\/index.php?rest_route=%2Fwp%2Fv2%2Fcomments&post=1224"}],"wp:featuredmedia":[{"embeddable":true,"href":"https:\/\/www.herafisur.com\/index.php?rest_route=\/wp\/v2\/media\/1223"}],"wp:attachment":[{"href":"https:\/\/www.herafisur.com\/index.php?rest_route=%2Fwp%2Fv2%2Fmedia&parent=1224"}],"wp:term":[{"taxonomy":"product_brand","embeddable":true,"href":"https:\/\/www.herafisur.com\/index.php?rest_route=%2Fwp%2Fv2%2Fproduct_brand&post=1224"},{"taxonomy":"product_cat","embeddable":true,"href":"https:\/\/www.herafisur.com\/index.php?rest_route=%2Fwp%2Fv2%2Fproduct_cat&post=1224"},{"taxonomy":"product_tag","embeddable":true,"href":"https:\/\/www.herafisur.com\/index.php?rest_route=%2Fwp%2Fv2%2Fproduct_tag&post=1224"}],"curies":[{"name":"wp","href":"https:\/\/api.w.org\/{rel}","templated":true}]}}