{"id":1341,"date":"2021-11-21T13:46:47","date_gmt":"2021-11-21T12:46:47","guid":{"rendered":"https:\/\/www.herafisur.com\/?post_type=product&#038;p=1341"},"modified":"2024-09-08T10:54:44","modified_gmt":"2024-09-08T09:54:44","slug":"juego-escobillas-0105-para-gran-variedad-maquinas-bosch","status":"publish","type":"product","link":"https:\/\/www.herafisur.com\/?product=juego-escobillas-0105-para-gran-variedad-maquinas-bosch","title":{"rendered":"Juego escobillas para gran variedad m\u00e1quinas Bosch, Referencias 2.604.321.905 \/ 2.604.321.907 &#8211; 0105J"},"content":{"rendered":"<p style=\"padding-left: 40px;\">Juego 2 escobillas utilizadas en una gran variedad de m\u00e1quinas Bosch.<\/p>\n<p>Medidas: 5 x 8 x 15,5mm<\/p>\n<p>V\u00e1lidas para las referencias Bosch 2.604.321.905 y 2.604.321.907<\/p>\n<p>Las utilizan:<\/p>\n<p>944 modelos de taladros<\/p>\n<p>41 modelos de atornilladores<\/p>\n<p>135 modelos de lijadoras<\/p>\n<p>24 modelos de sierras circulares<\/p>\n<p>29 modelos de sierras de calar<\/p>\n<p>29 modelos de fresadoras<\/p>\n<p>16 modelos de roscadoras<\/p>\n<p>121 modelos de cepillos<\/p>\n<p>Compruebe la referencia necesaria por su m\u00e1quina, nos puede consultar el modelo de su m\u00e1quina para que nosotros comprobemos si es el adecuado, plazo de respuesta de esta solicitud 2 \/ 3 dias.<\/p>\n<p>Nuestra referencia 0105J<\/p>\n","protected":false},"excerpt":{"rendered":"<p>Juego escobillas para m\u00e1quinas Bosch, varios modelos.<\/p>\n","protected":false},"featured_media":1342,"comment_status":"closed","ping_status":"closed","template":"","meta":{"_et_pb_use_builder":"","_et_pb_old_content":"","_et_gb_content_width":""},"product_brand":[],"product_cat":[918],"product_tag":[1177,1178,241,112,1175,160,315,1169,1174,1035,1171,1176,1172,1173,1170],"class_list":{"0":"post-1341","1":"product","2":"type-product","3":"status-publish","4":"has-post-thumbnail","6":"product_cat-escobillas-carbon-maquinas-portatiles","7":"product_tag-2-604-321-905","8":"product_tag-2-604-321-907","9":"product_tag-atornillador-bosch","10":"product_tag-bosch","11":"product_tag-cepillo-bosch","12":"product_tag-escobillas","13":"product_tag-escobillas-bosch","14":"product_tag-escobillas-para-maquina-bosch","15":"product_tag-fresadora-bosch","16":"product_tag-juego-escobillas","17":"product_tag-lijadora-bosch","18":"product_tag-roscadora-bosch","19":"product_tag-sierra-calar-bosch","20":"product_tag-sierra-circular-bosch","21":"product_tag-taladro-bosch","23":"first","24":"instock","25":"shipping-taxable","26":"purchasable","27":"product-type-simple"},"yoast_head":"<!-- This site is optimized with the Yoast SEO plugin v27.6 - https:\/\/yoast.com\/product\/yoast-seo-wordpress\/ -->\n<title>Juego escobillas para gran variedad m\u00e1quinas Bosch, Referencias 2.604.321.905 \/ 2.604.321.907 - 0105J - Herafisur, ferreter\u00eda, suministros, venta herramienta de corte, afilados<\/title>\n<meta name=\"description\" content=\"Ferreter\u00eda, discos, cuchillas, sierras, escuadras, portaestantes, sacos aspiraci\u00f3n, punta atornillar, tornillos, escobillas Bosch\" \/>\n<meta name=\"robots\" content=\"index, follow, max-snippet:-1, max-image-preview:large, max-video-preview:-1\" \/>\n<link rel=\"canonical\" href=\"https:\/\/www.herafisur.com\/?product=juego-escobillas-0105-para-gran-variedad-maquinas-bosch\" \/>\n<meta property=\"og:locale\" content=\"es_ES\" \/>\n<meta property=\"og:type\" content=\"article\" \/>\n<meta property=\"og:title\" content=\"Juego escobillas para gran variedad m\u00e1quinas Bosch, Referencias 2.604.321.905 \/ 2.604.321.907 - 0105J - Herafisur, ferreter\u00eda, suministros, venta herramienta de corte, afilados\" \/>\n<meta property=\"og:description\" content=\"Ferreter\u00eda, discos, cuchillas, sierras, escuadras, portaestantes, sacos aspiraci\u00f3n, punta atornillar, tornillos, escobillas Bosch\" \/>\n<meta property=\"og:url\" content=\"https:\/\/www.herafisur.com\/?product=juego-escobillas-0105-para-gran-variedad-maquinas-bosch\" \/>\n<meta property=\"og:site_name\" content=\"Herafisur, ferreter\u00eda, suministros, venta herramienta de corte, afilados\" \/>\n<meta property=\"article:modified_time\" content=\"2024-09-08T09:54:44+00:00\" \/>\n<meta property=\"og:image\" content=\"https:\/\/www.herafisur.com\/wp-content\/uploads\/2021\/11\/Escobillas-Bosch-Taladro-y-mas-scaled.jpg\" \/>\n\t<meta property=\"og:image:width\" content=\"1920\" \/>\n\t<meta property=\"og:image:height\" content=\"2560\" \/>\n\t<meta property=\"og:image:type\" content=\"image\/jpeg\" \/>\n<meta name=\"twitter:card\" content=\"summary_large_image\" \/>\n<meta name=\"twitter:label1\" content=\"Tiempo de lectura\" \/>\n\t<meta name=\"twitter:data1\" content=\"1 minuto\" \/>\n<script type=\"application\/ld+json\" class=\"yoast-schema-graph\">{\"@context\":\"https:\\\/\\\/schema.org\",\"@graph\":[{\"@type\":\"WebPage\",\"@id\":\"https:\\\/\\\/www.herafisur.com\\\/?product=juego-escobillas-0105-para-gran-variedad-maquinas-bosch\",\"url\":\"https:\\\/\\\/www.herafisur.com\\\/?product=juego-escobillas-0105-para-gran-variedad-maquinas-bosch\",\"name\":\"Juego escobillas para gran variedad m\u00e1quinas Bosch, Referencias 2.604.321.905 \\\/ 2.604.321.907 - 0105J - Herafisur, ferreter\u00eda, suministros, venta herramienta de corte, afilados\",\"isPartOf\":{\"@id\":\"https:\\\/\\\/www.herafisur.com\\\/#website\"},\"primaryImageOfPage\":{\"@id\":\"https:\\\/\\\/www.herafisur.com\\\/?product=juego-escobillas-0105-para-gran-variedad-maquinas-bosch#primaryimage\"},\"image\":{\"@id\":\"https:\\\/\\\/www.herafisur.com\\\/?product=juego-escobillas-0105-para-gran-variedad-maquinas-bosch#primaryimage\"},\"thumbnailUrl\":\"https:\\\/\\\/www.herafisur.com\\\/wp-content\\\/uploads\\\/2021\\\/11\\\/Escobillas-Bosch-Taladro-y-mas-scaled.jpg\",\"datePublished\":\"2021-11-21T12:46:47+00:00\",\"dateModified\":\"2024-09-08T09:54:44+00:00\",\"description\":\"Ferreter\u00eda, discos, cuchillas, sierras, escuadras, portaestantes, sacos aspiraci\u00f3n, punta atornillar, tornillos, escobillas Bosch\",\"breadcrumb\":{\"@id\":\"https:\\\/\\\/www.herafisur.com\\\/?product=juego-escobillas-0105-para-gran-variedad-maquinas-bosch#breadcrumb\"},\"inLanguage\":\"es\",\"potentialAction\":[{\"@type\":\"ReadAction\",\"target\":[\"https:\\\/\\\/www.herafisur.com\\\/?product=juego-escobillas-0105-para-gran-variedad-maquinas-bosch\"]}]},{\"@type\":\"ImageObject\",\"inLanguage\":\"es\",\"@id\":\"https:\\\/\\\/www.herafisur.com\\\/?product=juego-escobillas-0105-para-gran-variedad-maquinas-bosch#primaryimage\",\"url\":\"https:\\\/\\\/www.herafisur.com\\\/wp-content\\\/uploads\\\/2021\\\/11\\\/Escobillas-Bosch-Taladro-y-mas-scaled.jpg\",\"contentUrl\":\"https:\\\/\\\/www.herafisur.com\\\/wp-content\\\/uploads\\\/2021\\\/11\\\/Escobillas-Bosch-Taladro-y-mas-scaled.jpg\",\"width\":1920,\"height\":2560},{\"@type\":\"BreadcrumbList\",\"@id\":\"https:\\\/\\\/www.herafisur.com\\\/?product=juego-escobillas-0105-para-gran-variedad-maquinas-bosch#breadcrumb\",\"itemListElement\":[{\"@type\":\"ListItem\",\"position\":1,\"name\":\"Portada\",\"item\":\"https:\\\/\\\/www.herafisur.com\\\/\"},{\"@type\":\"ListItem\",\"position\":2,\"name\":\"Tienda\",\"item\":\"https:\\\/\\\/www.herafisur.com\\\/?page_id=14\"},{\"@type\":\"ListItem\",\"position\":3,\"name\":\"Juego escobillas para gran variedad m\u00e1quinas Bosch, Referencias 2.604.321.905 \\\/ 2.604.321.907 &#8211; 0105J\"}]},{\"@type\":\"WebSite\",\"@id\":\"https:\\\/\\\/www.herafisur.com\\\/#website\",\"url\":\"https:\\\/\\\/www.herafisur.com\\\/\",\"name\":\"Herafisur, afilados, ferreter\u00eda, suministros, venta herramienta de corte\",\"description\":\"Ferreter\u00eda, herramientas de corte, suministros industriales, afilado\",\"publisher\":{\"@id\":\"https:\\\/\\\/www.herafisur.com\\\/#organization\"},\"potentialAction\":[{\"@type\":\"SearchAction\",\"target\":{\"@type\":\"EntryPoint\",\"urlTemplate\":\"https:\\\/\\\/www.herafisur.com\\\/?s={search_term_string}\"},\"query-input\":{\"@type\":\"PropertyValueSpecification\",\"valueRequired\":true,\"valueName\":\"search_term_string\"}}],\"inLanguage\":\"es\"},{\"@type\":\"Organization\",\"@id\":\"https:\\\/\\\/www.herafisur.com\\\/#organization\",\"name\":\"Herramientas y Afilados del Sur SLL\",\"url\":\"https:\\\/\\\/www.herafisur.com\\\/\",\"logo\":{\"@type\":\"ImageObject\",\"inLanguage\":\"es\",\"@id\":\"https:\\\/\\\/www.herafisur.com\\\/#\\\/schema\\\/logo\\\/image\\\/\",\"url\":\"https:\\\/\\\/www.herafisur.com\\\/wp-content\\\/uploads\\\/2017\\\/10\\\/Foto-logo.jpg\",\"contentUrl\":\"https:\\\/\\\/www.herafisur.com\\\/wp-content\\\/uploads\\\/2017\\\/10\\\/Foto-logo.jpg\",\"width\":2560,\"height\":1440,\"caption\":\"Herramientas y Afilados del Sur SLL\"},\"image\":{\"@id\":\"https:\\\/\\\/www.herafisur.com\\\/#\\\/schema\\\/logo\\\/image\\\/\"}}]}<\/script>\n<!-- \/ Yoast SEO plugin. -->","yoast_head_json":{"title":"Juego escobillas para gran variedad m\u00e1quinas Bosch, Referencias 2.604.321.905 \/ 2.604.321.907 - 0105J - Herafisur, ferreter\u00eda, suministros, venta herramienta de corte, afilados","description":"Ferreter\u00eda, discos, cuchillas, sierras, escuadras, portaestantes, sacos aspiraci\u00f3n, punta atornillar, tornillos, escobillas Bosch","robots":{"index":"index","follow":"follow","max-snippet":"max-snippet:-1","max-image-preview":"max-image-preview:large","max-video-preview":"max-video-preview:-1"},"canonical":"https:\/\/www.herafisur.com\/?product=juego-escobillas-0105-para-gran-variedad-maquinas-bosch","og_locale":"es_ES","og_type":"article","og_title":"Juego escobillas para gran variedad m\u00e1quinas Bosch, Referencias 2.604.321.905 \/ 2.604.321.907 - 0105J - Herafisur, ferreter\u00eda, suministros, venta herramienta de corte, afilados","og_description":"Ferreter\u00eda, discos, cuchillas, sierras, escuadras, portaestantes, sacos aspiraci\u00f3n, punta atornillar, tornillos, escobillas Bosch","og_url":"https:\/\/www.herafisur.com\/?product=juego-escobillas-0105-para-gran-variedad-maquinas-bosch","og_site_name":"Herafisur, ferreter\u00eda, suministros, venta herramienta de corte, afilados","article_modified_time":"2024-09-08T09:54:44+00:00","og_image":[{"width":1920,"height":2560,"url":"https:\/\/www.herafisur.com\/wp-content\/uploads\/2021\/11\/Escobillas-Bosch-Taladro-y-mas-scaled.jpg","type":"image\/jpeg"}],"twitter_card":"summary_large_image","twitter_misc":{"Tiempo de lectura":"1 minuto"},"schema":{"@context":"https:\/\/schema.org","@graph":[{"@type":"WebPage","@id":"https:\/\/www.herafisur.com\/?product=juego-escobillas-0105-para-gran-variedad-maquinas-bosch","url":"https:\/\/www.herafisur.com\/?product=juego-escobillas-0105-para-gran-variedad-maquinas-bosch","name":"Juego escobillas para gran variedad m\u00e1quinas Bosch, Referencias 2.604.321.905 \/ 2.604.321.907 - 0105J - Herafisur, ferreter\u00eda, suministros, venta herramienta de corte, afilados","isPartOf":{"@id":"https:\/\/www.herafisur.com\/#website"},"primaryImageOfPage":{"@id":"https:\/\/www.herafisur.com\/?product=juego-escobillas-0105-para-gran-variedad-maquinas-bosch#primaryimage"},"image":{"@id":"https:\/\/www.herafisur.com\/?product=juego-escobillas-0105-para-gran-variedad-maquinas-bosch#primaryimage"},"thumbnailUrl":"https:\/\/www.herafisur.com\/wp-content\/uploads\/2021\/11\/Escobillas-Bosch-Taladro-y-mas-scaled.jpg","datePublished":"2021-11-21T12:46:47+00:00","dateModified":"2024-09-08T09:54:44+00:00","description":"Ferreter\u00eda, discos, cuchillas, sierras, escuadras, portaestantes, sacos aspiraci\u00f3n, punta atornillar, tornillos, escobillas Bosch","breadcrumb":{"@id":"https:\/\/www.herafisur.com\/?product=juego-escobillas-0105-para-gran-variedad-maquinas-bosch#breadcrumb"},"inLanguage":"es","potentialAction":[{"@type":"ReadAction","target":["https:\/\/www.herafisur.com\/?product=juego-escobillas-0105-para-gran-variedad-maquinas-bosch"]}]},{"@type":"ImageObject","inLanguage":"es","@id":"https:\/\/www.herafisur.com\/?product=juego-escobillas-0105-para-gran-variedad-maquinas-bosch#primaryimage","url":"https:\/\/www.herafisur.com\/wp-content\/uploads\/2021\/11\/Escobillas-Bosch-Taladro-y-mas-scaled.jpg","contentUrl":"https:\/\/www.herafisur.com\/wp-content\/uploads\/2021\/11\/Escobillas-Bosch-Taladro-y-mas-scaled.jpg","width":1920,"height":2560},{"@type":"BreadcrumbList","@id":"https:\/\/www.herafisur.com\/?product=juego-escobillas-0105-para-gran-variedad-maquinas-bosch#breadcrumb","itemListElement":[{"@type":"ListItem","position":1,"name":"Portada","item":"https:\/\/www.herafisur.com\/"},{"@type":"ListItem","position":2,"name":"Tienda","item":"https:\/\/www.herafisur.com\/?page_id=14"},{"@type":"ListItem","position":3,"name":"Juego escobillas para gran variedad m\u00e1quinas Bosch, Referencias 2.604.321.905 \/ 2.604.321.907 &#8211; 0105J"}]},{"@type":"WebSite","@id":"https:\/\/www.herafisur.com\/#website","url":"https:\/\/www.herafisur.com\/","name":"Herafisur, afilados, ferreter\u00eda, suministros, venta herramienta de corte","description":"Ferreter\u00eda, herramientas de corte, suministros industriales, afilado","publisher":{"@id":"https:\/\/www.herafisur.com\/#organization"},"potentialAction":[{"@type":"SearchAction","target":{"@type":"EntryPoint","urlTemplate":"https:\/\/www.herafisur.com\/?s={search_term_string}"},"query-input":{"@type":"PropertyValueSpecification","valueRequired":true,"valueName":"search_term_string"}}],"inLanguage":"es"},{"@type":"Organization","@id":"https:\/\/www.herafisur.com\/#organization","name":"Herramientas y Afilados del Sur SLL","url":"https:\/\/www.herafisur.com\/","logo":{"@type":"ImageObject","inLanguage":"es","@id":"https:\/\/www.herafisur.com\/#\/schema\/logo\/image\/","url":"https:\/\/www.herafisur.com\/wp-content\/uploads\/2017\/10\/Foto-logo.jpg","contentUrl":"https:\/\/www.herafisur.com\/wp-content\/uploads\/2017\/10\/Foto-logo.jpg","width":2560,"height":1440,"caption":"Herramientas y Afilados del Sur SLL"},"image":{"@id":"https:\/\/www.herafisur.com\/#\/schema\/logo\/image\/"}}]}},"_links":{"self":[{"href":"https:\/\/www.herafisur.com\/index.php?rest_route=\/wp\/v2\/product\/1341","targetHints":{"allow":["GET"]}}],"collection":[{"href":"https:\/\/www.herafisur.com\/index.php?rest_route=\/wp\/v2\/product"}],"about":[{"href":"https:\/\/www.herafisur.com\/index.php?rest_route=\/wp\/v2\/types\/product"}],"replies":[{"embeddable":true,"href":"https:\/\/www.herafisur.com\/index.php?rest_route=%2Fwp%2Fv2%2Fcomments&post=1341"}],"wp:featuredmedia":[{"embeddable":true,"href":"https:\/\/www.herafisur.com\/index.php?rest_route=\/wp\/v2\/media\/1342"}],"wp:attachment":[{"href":"https:\/\/www.herafisur.com\/index.php?rest_route=%2Fwp%2Fv2%2Fmedia&parent=1341"}],"wp:term":[{"taxonomy":"product_brand","embeddable":true,"href":"https:\/\/www.herafisur.com\/index.php?rest_route=%2Fwp%2Fv2%2Fproduct_brand&post=1341"},{"taxonomy":"product_cat","embeddable":true,"href":"https:\/\/www.herafisur.com\/index.php?rest_route=%2Fwp%2Fv2%2Fproduct_cat&post=1341"},{"taxonomy":"product_tag","embeddable":true,"href":"https:\/\/www.herafisur.com\/index.php?rest_route=%2Fwp%2Fv2%2Fproduct_tag&post=1341"}],"curies":[{"name":"wp","href":"https:\/\/api.w.org\/{rel}","templated":true}]}}