{"id":1371,"date":"2021-12-19T17:01:01","date_gmt":"2021-12-19T16:01:01","guid":{"rendered":"https:\/\/www.herafisur.com\/?post_type=product&#038;p=1371"},"modified":"2024-08-11T12:17:00","modified_gmt":"2024-08-11T11:17:00","slug":"broca-bisagras-d35x85-z22-mango-cilindrico","status":"publish","type":"product","link":"https:\/\/www.herafisur.com\/?product=broca-bisagras-d35x85-z22-mango-cilindrico","title":{"rendered":"Broca bisagras D35x85 Z2+2 mango cil\u00edndrico d10mm &#8211; BRHE35X85Z2+2"},"content":{"rendered":"<p>Broca para el alojamiento de las bisagras en di\u00e1metro 35mm, longitud 85mm, 2 placas y 2 precortadores en MD (widia) con el mango cil\u00edndrico di\u00e1metro 10mm.<\/p>\n<p>Para utilizar en taladros y m\u00e1quinas donde no necesiten parte plana en el mango.<\/p>\n","protected":false},"excerpt":{"rendered":"<p>Broca bisagras D35x85 mango cil\u00edndrico d10mm con 2 placas y 2 precortadores en widia MD<\/p>\n","protected":false},"featured_media":1373,"comment_status":"closed","ping_status":"closed","template":"","meta":{"_et_pb_use_builder":"","_et_pb_old_content":"","_et_gb_content_width":""},"product_brand":[],"product_cat":[2067],"product_tag":[1192,810,114,1193,1194],"class_list":{"0":"post-1371","1":"product","2":"type-product","3":"status-publish","4":"has-post-thumbnail","6":"product_cat-brocas","7":"product_tag-bisagra-35mm","8":"product_tag-broca","9":"product_tag-broca-bisagras","10":"product_tag-broca-bisagras-35mm","11":"product_tag-broca-mango-cilindrico","13":"first","14":"instock","15":"shipping-taxable","16":"purchasable","17":"product-type-simple"},"yoast_head":"<!-- This site is optimized with the Yoast SEO plugin v27.6 - https:\/\/yoast.com\/product\/yoast-seo-wordpress\/ -->\n<title>Broca bisagras D35x85 Z2+2 mango cil\u00edndrico d10mm - BRHE35X85Z2+2 - Herafisur, ferreter\u00eda, suministros, venta herramienta de corte, afilados<\/title>\n<meta name=\"description\" content=\"Ferreter\u00eda, discos, cuchillas, sierras, escuadras, portaestantes, sacos aspiraci\u00f3n, punta atornillar, tornillos, Bosch, broca bisagras D35x85 mango cilindrico\" \/>\n<meta name=\"robots\" content=\"index, follow, max-snippet:-1, max-image-preview:large, max-video-preview:-1\" \/>\n<link rel=\"canonical\" href=\"https:\/\/www.herafisur.com\/?product=broca-bisagras-d35x85-z22-mango-cilindrico\" \/>\n<meta property=\"og:locale\" content=\"es_ES\" \/>\n<meta property=\"og:type\" content=\"article\" \/>\n<meta property=\"og:title\" content=\"Broca bisagras D35x85 Z2+2 mango cil\u00edndrico d10mm - BRHE35X85Z2+2 - Herafisur, ferreter\u00eda, suministros, venta herramienta de corte, afilados\" \/>\n<meta property=\"og:description\" content=\"Ferreter\u00eda, discos, cuchillas, sierras, escuadras, portaestantes, sacos aspiraci\u00f3n, punta atornillar, tornillos, Bosch, broca bisagras D35x85 mango cilindrico\" \/>\n<meta property=\"og:url\" content=\"https:\/\/www.herafisur.com\/?product=broca-bisagras-d35x85-z22-mango-cilindrico\" \/>\n<meta property=\"og:site_name\" content=\"Herafisur, ferreter\u00eda, suministros, venta herramienta de corte, afilados\" \/>\n<meta property=\"article:modified_time\" content=\"2024-08-11T11:17:00+00:00\" \/>\n<meta property=\"og:image\" content=\"https:\/\/www.herafisur.com\/wp-content\/uploads\/2021\/12\/Broca-bisagras-D35x85-Dcha-scaled.jpg\" \/>\n\t<meta property=\"og:image:width\" content=\"2560\" \/>\n\t<meta property=\"og:image:height\" content=\"1998\" \/>\n\t<meta property=\"og:image:type\" content=\"image\/jpeg\" \/>\n<meta name=\"twitter:card\" content=\"summary_large_image\" \/>\n<meta name=\"twitter:label1\" content=\"Tiempo de lectura\" \/>\n\t<meta name=\"twitter:data1\" content=\"1 minuto\" \/>\n<script type=\"application\/ld+json\" class=\"yoast-schema-graph\">{\"@context\":\"https:\\\/\\\/schema.org\",\"@graph\":[{\"@type\":\"WebPage\",\"@id\":\"https:\\\/\\\/www.herafisur.com\\\/?product=broca-bisagras-d35x85-z22-mango-cilindrico\",\"url\":\"https:\\\/\\\/www.herafisur.com\\\/?product=broca-bisagras-d35x85-z22-mango-cilindrico\",\"name\":\"Broca bisagras D35x85 Z2+2 mango cil\u00edndrico d10mm - BRHE35X85Z2+2 - Herafisur, ferreter\u00eda, suministros, venta herramienta de corte, afilados\",\"isPartOf\":{\"@id\":\"https:\\\/\\\/www.herafisur.com\\\/#website\"},\"primaryImageOfPage\":{\"@id\":\"https:\\\/\\\/www.herafisur.com\\\/?product=broca-bisagras-d35x85-z22-mango-cilindrico#primaryimage\"},\"image\":{\"@id\":\"https:\\\/\\\/www.herafisur.com\\\/?product=broca-bisagras-d35x85-z22-mango-cilindrico#primaryimage\"},\"thumbnailUrl\":\"https:\\\/\\\/www.herafisur.com\\\/wp-content\\\/uploads\\\/2021\\\/12\\\/Broca-bisagras-D35x85-Dcha-scaled.jpg\",\"datePublished\":\"2021-12-19T16:01:01+00:00\",\"dateModified\":\"2024-08-11T11:17:00+00:00\",\"description\":\"Ferreter\u00eda, discos, cuchillas, sierras, escuadras, portaestantes, sacos aspiraci\u00f3n, punta atornillar, tornillos, Bosch, broca bisagras D35x85 mango cilindrico\",\"breadcrumb\":{\"@id\":\"https:\\\/\\\/www.herafisur.com\\\/?product=broca-bisagras-d35x85-z22-mango-cilindrico#breadcrumb\"},\"inLanguage\":\"es\",\"potentialAction\":[{\"@type\":\"ReadAction\",\"target\":[\"https:\\\/\\\/www.herafisur.com\\\/?product=broca-bisagras-d35x85-z22-mango-cilindrico\"]}]},{\"@type\":\"ImageObject\",\"inLanguage\":\"es\",\"@id\":\"https:\\\/\\\/www.herafisur.com\\\/?product=broca-bisagras-d35x85-z22-mango-cilindrico#primaryimage\",\"url\":\"https:\\\/\\\/www.herafisur.com\\\/wp-content\\\/uploads\\\/2021\\\/12\\\/Broca-bisagras-D35x85-Dcha-scaled.jpg\",\"contentUrl\":\"https:\\\/\\\/www.herafisur.com\\\/wp-content\\\/uploads\\\/2021\\\/12\\\/Broca-bisagras-D35x85-Dcha-scaled.jpg\",\"width\":2560,\"height\":1998},{\"@type\":\"BreadcrumbList\",\"@id\":\"https:\\\/\\\/www.herafisur.com\\\/?product=broca-bisagras-d35x85-z22-mango-cilindrico#breadcrumb\",\"itemListElement\":[{\"@type\":\"ListItem\",\"position\":1,\"name\":\"Portada\",\"item\":\"https:\\\/\\\/www.herafisur.com\\\/\"},{\"@type\":\"ListItem\",\"position\":2,\"name\":\"Tienda\",\"item\":\"https:\\\/\\\/www.herafisur.com\\\/?page_id=14\"},{\"@type\":\"ListItem\",\"position\":3,\"name\":\"Broca bisagras D35x85 Z2+2 mango cil\u00edndrico d10mm &#8211; BRHE35X85Z2+2\"}]},{\"@type\":\"WebSite\",\"@id\":\"https:\\\/\\\/www.herafisur.com\\\/#website\",\"url\":\"https:\\\/\\\/www.herafisur.com\\\/\",\"name\":\"Herafisur, afilados, ferreter\u00eda, suministros, venta herramienta de corte\",\"description\":\"Ferreter\u00eda, herramientas de corte, suministros industriales, afilado\",\"publisher\":{\"@id\":\"https:\\\/\\\/www.herafisur.com\\\/#organization\"},\"potentialAction\":[{\"@type\":\"SearchAction\",\"target\":{\"@type\":\"EntryPoint\",\"urlTemplate\":\"https:\\\/\\\/www.herafisur.com\\\/?s={search_term_string}\"},\"query-input\":{\"@type\":\"PropertyValueSpecification\",\"valueRequired\":true,\"valueName\":\"search_term_string\"}}],\"inLanguage\":\"es\"},{\"@type\":\"Organization\",\"@id\":\"https:\\\/\\\/www.herafisur.com\\\/#organization\",\"name\":\"Herramientas y Afilados del Sur SLL\",\"url\":\"https:\\\/\\\/www.herafisur.com\\\/\",\"logo\":{\"@type\":\"ImageObject\",\"inLanguage\":\"es\",\"@id\":\"https:\\\/\\\/www.herafisur.com\\\/#\\\/schema\\\/logo\\\/image\\\/\",\"url\":\"https:\\\/\\\/www.herafisur.com\\\/wp-content\\\/uploads\\\/2017\\\/10\\\/Foto-logo.jpg\",\"contentUrl\":\"https:\\\/\\\/www.herafisur.com\\\/wp-content\\\/uploads\\\/2017\\\/10\\\/Foto-logo.jpg\",\"width\":2560,\"height\":1440,\"caption\":\"Herramientas y Afilados del Sur SLL\"},\"image\":{\"@id\":\"https:\\\/\\\/www.herafisur.com\\\/#\\\/schema\\\/logo\\\/image\\\/\"}}]}<\/script>\n<!-- \/ Yoast SEO plugin. -->","yoast_head_json":{"title":"Broca bisagras D35x85 Z2+2 mango cil\u00edndrico d10mm - BRHE35X85Z2+2 - Herafisur, ferreter\u00eda, suministros, venta herramienta de corte, afilados","description":"Ferreter\u00eda, discos, cuchillas, sierras, escuadras, portaestantes, sacos aspiraci\u00f3n, punta atornillar, tornillos, Bosch, broca bisagras D35x85 mango cilindrico","robots":{"index":"index","follow":"follow","max-snippet":"max-snippet:-1","max-image-preview":"max-image-preview:large","max-video-preview":"max-video-preview:-1"},"canonical":"https:\/\/www.herafisur.com\/?product=broca-bisagras-d35x85-z22-mango-cilindrico","og_locale":"es_ES","og_type":"article","og_title":"Broca bisagras D35x85 Z2+2 mango cil\u00edndrico d10mm - BRHE35X85Z2+2 - Herafisur, ferreter\u00eda, suministros, venta herramienta de corte, afilados","og_description":"Ferreter\u00eda, discos, cuchillas, sierras, escuadras, portaestantes, sacos aspiraci\u00f3n, punta atornillar, tornillos, Bosch, broca bisagras D35x85 mango cilindrico","og_url":"https:\/\/www.herafisur.com\/?product=broca-bisagras-d35x85-z22-mango-cilindrico","og_site_name":"Herafisur, ferreter\u00eda, suministros, venta herramienta de corte, afilados","article_modified_time":"2024-08-11T11:17:00+00:00","og_image":[{"width":2560,"height":1998,"url":"https:\/\/www.herafisur.com\/wp-content\/uploads\/2021\/12\/Broca-bisagras-D35x85-Dcha-scaled.jpg","type":"image\/jpeg"}],"twitter_card":"summary_large_image","twitter_misc":{"Tiempo de lectura":"1 minuto"},"schema":{"@context":"https:\/\/schema.org","@graph":[{"@type":"WebPage","@id":"https:\/\/www.herafisur.com\/?product=broca-bisagras-d35x85-z22-mango-cilindrico","url":"https:\/\/www.herafisur.com\/?product=broca-bisagras-d35x85-z22-mango-cilindrico","name":"Broca bisagras D35x85 Z2+2 mango cil\u00edndrico d10mm - BRHE35X85Z2+2 - Herafisur, ferreter\u00eda, suministros, venta herramienta de corte, afilados","isPartOf":{"@id":"https:\/\/www.herafisur.com\/#website"},"primaryImageOfPage":{"@id":"https:\/\/www.herafisur.com\/?product=broca-bisagras-d35x85-z22-mango-cilindrico#primaryimage"},"image":{"@id":"https:\/\/www.herafisur.com\/?product=broca-bisagras-d35x85-z22-mango-cilindrico#primaryimage"},"thumbnailUrl":"https:\/\/www.herafisur.com\/wp-content\/uploads\/2021\/12\/Broca-bisagras-D35x85-Dcha-scaled.jpg","datePublished":"2021-12-19T16:01:01+00:00","dateModified":"2024-08-11T11:17:00+00:00","description":"Ferreter\u00eda, discos, cuchillas, sierras, escuadras, portaestantes, sacos aspiraci\u00f3n, punta atornillar, tornillos, Bosch, broca bisagras D35x85 mango cilindrico","breadcrumb":{"@id":"https:\/\/www.herafisur.com\/?product=broca-bisagras-d35x85-z22-mango-cilindrico#breadcrumb"},"inLanguage":"es","potentialAction":[{"@type":"ReadAction","target":["https:\/\/www.herafisur.com\/?product=broca-bisagras-d35x85-z22-mango-cilindrico"]}]},{"@type":"ImageObject","inLanguage":"es","@id":"https:\/\/www.herafisur.com\/?product=broca-bisagras-d35x85-z22-mango-cilindrico#primaryimage","url":"https:\/\/www.herafisur.com\/wp-content\/uploads\/2021\/12\/Broca-bisagras-D35x85-Dcha-scaled.jpg","contentUrl":"https:\/\/www.herafisur.com\/wp-content\/uploads\/2021\/12\/Broca-bisagras-D35x85-Dcha-scaled.jpg","width":2560,"height":1998},{"@type":"BreadcrumbList","@id":"https:\/\/www.herafisur.com\/?product=broca-bisagras-d35x85-z22-mango-cilindrico#breadcrumb","itemListElement":[{"@type":"ListItem","position":1,"name":"Portada","item":"https:\/\/www.herafisur.com\/"},{"@type":"ListItem","position":2,"name":"Tienda","item":"https:\/\/www.herafisur.com\/?page_id=14"},{"@type":"ListItem","position":3,"name":"Broca bisagras D35x85 Z2+2 mango cil\u00edndrico d10mm &#8211; BRHE35X85Z2+2"}]},{"@type":"WebSite","@id":"https:\/\/www.herafisur.com\/#website","url":"https:\/\/www.herafisur.com\/","name":"Herafisur, afilados, ferreter\u00eda, suministros, venta herramienta de corte","description":"Ferreter\u00eda, herramientas de corte, suministros industriales, afilado","publisher":{"@id":"https:\/\/www.herafisur.com\/#organization"},"potentialAction":[{"@type":"SearchAction","target":{"@type":"EntryPoint","urlTemplate":"https:\/\/www.herafisur.com\/?s={search_term_string}"},"query-input":{"@type":"PropertyValueSpecification","valueRequired":true,"valueName":"search_term_string"}}],"inLanguage":"es"},{"@type":"Organization","@id":"https:\/\/www.herafisur.com\/#organization","name":"Herramientas y Afilados del Sur SLL","url":"https:\/\/www.herafisur.com\/","logo":{"@type":"ImageObject","inLanguage":"es","@id":"https:\/\/www.herafisur.com\/#\/schema\/logo\/image\/","url":"https:\/\/www.herafisur.com\/wp-content\/uploads\/2017\/10\/Foto-logo.jpg","contentUrl":"https:\/\/www.herafisur.com\/wp-content\/uploads\/2017\/10\/Foto-logo.jpg","width":2560,"height":1440,"caption":"Herramientas y Afilados del Sur SLL"},"image":{"@id":"https:\/\/www.herafisur.com\/#\/schema\/logo\/image\/"}}]}},"_links":{"self":[{"href":"https:\/\/www.herafisur.com\/index.php?rest_route=\/wp\/v2\/product\/1371","targetHints":{"allow":["GET"]}}],"collection":[{"href":"https:\/\/www.herafisur.com\/index.php?rest_route=\/wp\/v2\/product"}],"about":[{"href":"https:\/\/www.herafisur.com\/index.php?rest_route=\/wp\/v2\/types\/product"}],"replies":[{"embeddable":true,"href":"https:\/\/www.herafisur.com\/index.php?rest_route=%2Fwp%2Fv2%2Fcomments&post=1371"}],"wp:featuredmedia":[{"embeddable":true,"href":"https:\/\/www.herafisur.com\/index.php?rest_route=\/wp\/v2\/media\/1373"}],"wp:attachment":[{"href":"https:\/\/www.herafisur.com\/index.php?rest_route=%2Fwp%2Fv2%2Fmedia&parent=1371"}],"wp:term":[{"taxonomy":"product_brand","embeddable":true,"href":"https:\/\/www.herafisur.com\/index.php?rest_route=%2Fwp%2Fv2%2Fproduct_brand&post=1371"},{"taxonomy":"product_cat","embeddable":true,"href":"https:\/\/www.herafisur.com\/index.php?rest_route=%2Fwp%2Fv2%2Fproduct_cat&post=1371"},{"taxonomy":"product_tag","embeddable":true,"href":"https:\/\/www.herafisur.com\/index.php?rest_route=%2Fwp%2Fv2%2Fproduct_tag&post=1371"}],"curies":[{"name":"wp","href":"https:\/\/api.w.org\/{rel}","templated":true}]}}