{"id":1421,"date":"2022-02-20T11:12:58","date_gmt":"2022-02-20T10:12:58","guid":{"rendered":"https:\/\/www.herafisur.com\/?post_type=product&#038;p=1421"},"modified":"2022-06-20T19:45:32","modified_gmt":"2022-06-20T18:45:32","slug":"juego-escobillas-tronzadora-lijadora-cepillo-virutex-3017005","status":"publish","type":"product","link":"https:\/\/www.herafisur.com\/?product=juego-escobillas-tronzadora-lijadora-cepillo-virutex-3017005","title":{"rendered":"Juego escobillas Tronzadora, lijadora, cepillo, Virutex 3017005 &#8211; ES0500VIRUT"},"content":{"rendered":"<p>Juego escobillas para Cepillo, Lijadora, Tronzadora, Fresadora y Pulidora de Virutex.<\/p>\n<p>Cepillo: A92 &#8211; P75<\/p>\n<p>Lijadora: A\/97 &#8211; H71 &#8211; M75 &#8211; M75\/A<\/p>\n<p>Tronzadora: AL96 &#8211; BL96 &#8211; B65 &#8211; LR86C &#8211; LRE86C &#8211; RT91C<\/p>\n<p>Fresadora: C67 &#8211; E70 &#8211; E70N<\/p>\n<p>Pulidora: K75<\/p>\n<p>Medidas: 6,4 x 10 x 19mm<\/p>\n<p>Referencia Virutex: 3017005<\/p>\n<p>C\u00f3digo del art\u00edculo 0500X<\/p>\n","protected":false},"excerpt":{"rendered":"<p>escobillas para cepillo, lijadora, tronzadora, fresadora, pulidora de virutex, referencia 3017005<\/p>\n","protected":false},"featured_media":1124,"comment_status":"closed","ping_status":"closed","template":"","meta":{"_et_pb_use_builder":"","_et_pb_old_content":"","_et_gb_content_width":""},"product_brand":[],"product_cat":[918],"product_tag":[1253,1254,1255,1256,160,171,912,941,1258,1252,966,163,1257,1053,37],"class_list":{"0":"post-1421","1":"product","2":"type-product","3":"status-publish","4":"has-post-thumbnail","6":"product_cat-escobillas-carbon-maquinas-portatiles","7":"product_tag-a92","8":"product_tag-a97","9":"product_tag-al96","10":"product_tag-c67","11":"product_tag-escobillas","12":"product_tag-escobillas-cepillo","13":"product_tag-escobillas-fresadora","14":"product_tag-escobillas-lijadora","15":"product_tag-escobillas-lijadora-banda-m75","16":"product_tag-escobillas-pulidora","17":"product_tag-escobillas-tronzadora","18":"product_tag-escobillas-virutex","19":"product_tag-k75","20":"product_tag-m75","21":"product_tag-virutex","23":"first","24":"instock","25":"shipping-taxable","26":"purchasable","27":"product-type-simple"},"yoast_head":"<!-- This site is optimized with the Yoast SEO plugin v27.6 - https:\/\/yoast.com\/product\/yoast-seo-wordpress\/ -->\n<title>Juego escobillas Tronzadora, lijadora, cepillo, Virutex 3017005 - ES0500VIRUT - Herafisur, ferreter\u00eda, suministros, venta herramienta de corte, afilados<\/title>\n<meta name=\"description\" content=\"Ferreter\u00eda, discos, cuchillas, sierras, escuadras, portaestantes, sacos aspiraci\u00f3n, punta atornillar, tornillos, Bosch, escobillas 3017005 virutex cepillo lijadora tronzadora fresadora pulidora\" \/>\n<meta name=\"robots\" content=\"index, follow, max-snippet:-1, max-image-preview:large, max-video-preview:-1\" \/>\n<link rel=\"canonical\" href=\"https:\/\/www.herafisur.com\/?product=juego-escobillas-tronzadora-lijadora-cepillo-virutex-3017005\" \/>\n<meta property=\"og:locale\" content=\"es_ES\" \/>\n<meta property=\"og:type\" content=\"article\" \/>\n<meta property=\"og:title\" content=\"Juego escobillas Tronzadora, lijadora, cepillo, Virutex 3017005 - ES0500VIRUT - Herafisur, ferreter\u00eda, suministros, venta herramienta de corte, afilados\" \/>\n<meta property=\"og:description\" content=\"Ferreter\u00eda, discos, cuchillas, sierras, escuadras, portaestantes, sacos aspiraci\u00f3n, punta atornillar, tornillos, Bosch, escobillas 3017005 virutex cepillo lijadora tronzadora fresadora pulidora\" \/>\n<meta property=\"og:url\" content=\"https:\/\/www.herafisur.com\/?product=juego-escobillas-tronzadora-lijadora-cepillo-virutex-3017005\" \/>\n<meta property=\"og:site_name\" content=\"Herafisur, ferreter\u00eda, suministros, venta herramienta de corte, afilados\" \/>\n<meta property=\"article:modified_time\" content=\"2022-06-20T18:45:32+00:00\" \/>\n<meta property=\"og:image\" content=\"https:\/\/www.herafisur.com\/wp-content\/uploads\/2021\/04\/IMG_20210402_180706-scaled.jpg\" \/>\n\t<meta property=\"og:image:width\" content=\"2553\" \/>\n\t<meta property=\"og:image:height\" content=\"2560\" \/>\n\t<meta property=\"og:image:type\" content=\"image\/jpeg\" \/>\n<meta name=\"twitter:card\" content=\"summary_large_image\" \/>\n<meta name=\"twitter:label1\" content=\"Tiempo de lectura\" \/>\n\t<meta name=\"twitter:data1\" content=\"1 minuto\" \/>\n<script type=\"application\/ld+json\" class=\"yoast-schema-graph\">{\"@context\":\"https:\\\/\\\/schema.org\",\"@graph\":[{\"@type\":\"WebPage\",\"@id\":\"https:\\\/\\\/www.herafisur.com\\\/?product=juego-escobillas-tronzadora-lijadora-cepillo-virutex-3017005\",\"url\":\"https:\\\/\\\/www.herafisur.com\\\/?product=juego-escobillas-tronzadora-lijadora-cepillo-virutex-3017005\",\"name\":\"Juego escobillas Tronzadora, lijadora, cepillo, Virutex 3017005 - ES0500VIRUT - Herafisur, ferreter\u00eda, suministros, venta herramienta de corte, afilados\",\"isPartOf\":{\"@id\":\"https:\\\/\\\/www.herafisur.com\\\/#website\"},\"primaryImageOfPage\":{\"@id\":\"https:\\\/\\\/www.herafisur.com\\\/?product=juego-escobillas-tronzadora-lijadora-cepillo-virutex-3017005#primaryimage\"},\"image\":{\"@id\":\"https:\\\/\\\/www.herafisur.com\\\/?product=juego-escobillas-tronzadora-lijadora-cepillo-virutex-3017005#primaryimage\"},\"thumbnailUrl\":\"https:\\\/\\\/www.herafisur.com\\\/wp-content\\\/uploads\\\/2021\\\/04\\\/IMG_20210402_180706-scaled.jpg\",\"datePublished\":\"2022-02-20T10:12:58+00:00\",\"dateModified\":\"2022-06-20T18:45:32+00:00\",\"description\":\"Ferreter\u00eda, discos, cuchillas, sierras, escuadras, portaestantes, sacos aspiraci\u00f3n, punta atornillar, tornillos, Bosch, escobillas 3017005 virutex cepillo lijadora tronzadora fresadora pulidora\",\"breadcrumb\":{\"@id\":\"https:\\\/\\\/www.herafisur.com\\\/?product=juego-escobillas-tronzadora-lijadora-cepillo-virutex-3017005#breadcrumb\"},\"inLanguage\":\"es\",\"potentialAction\":[{\"@type\":\"ReadAction\",\"target\":[\"https:\\\/\\\/www.herafisur.com\\\/?product=juego-escobillas-tronzadora-lijadora-cepillo-virutex-3017005\"]}]},{\"@type\":\"ImageObject\",\"inLanguage\":\"es\",\"@id\":\"https:\\\/\\\/www.herafisur.com\\\/?product=juego-escobillas-tronzadora-lijadora-cepillo-virutex-3017005#primaryimage\",\"url\":\"https:\\\/\\\/www.herafisur.com\\\/wp-content\\\/uploads\\\/2021\\\/04\\\/IMG_20210402_180706-scaled.jpg\",\"contentUrl\":\"https:\\\/\\\/www.herafisur.com\\\/wp-content\\\/uploads\\\/2021\\\/04\\\/IMG_20210402_180706-scaled.jpg\",\"width\":2553,\"height\":2560},{\"@type\":\"BreadcrumbList\",\"@id\":\"https:\\\/\\\/www.herafisur.com\\\/?product=juego-escobillas-tronzadora-lijadora-cepillo-virutex-3017005#breadcrumb\",\"itemListElement\":[{\"@type\":\"ListItem\",\"position\":1,\"name\":\"Portada\",\"item\":\"https:\\\/\\\/www.herafisur.com\\\/\"},{\"@type\":\"ListItem\",\"position\":2,\"name\":\"Tienda\",\"item\":\"https:\\\/\\\/www.herafisur.com\\\/?page_id=14\"},{\"@type\":\"ListItem\",\"position\":3,\"name\":\"Juego escobillas Tronzadora, lijadora, cepillo, Virutex 3017005 &#8211; ES0500VIRUT\"}]},{\"@type\":\"WebSite\",\"@id\":\"https:\\\/\\\/www.herafisur.com\\\/#website\",\"url\":\"https:\\\/\\\/www.herafisur.com\\\/\",\"name\":\"Herafisur, afilados, ferreter\u00eda, suministros, venta herramienta de corte\",\"description\":\"Ferreter\u00eda, herramientas de corte, suministros industriales, afilado\",\"publisher\":{\"@id\":\"https:\\\/\\\/www.herafisur.com\\\/#organization\"},\"potentialAction\":[{\"@type\":\"SearchAction\",\"target\":{\"@type\":\"EntryPoint\",\"urlTemplate\":\"https:\\\/\\\/www.herafisur.com\\\/?s={search_term_string}\"},\"query-input\":{\"@type\":\"PropertyValueSpecification\",\"valueRequired\":true,\"valueName\":\"search_term_string\"}}],\"inLanguage\":\"es\"},{\"@type\":\"Organization\",\"@id\":\"https:\\\/\\\/www.herafisur.com\\\/#organization\",\"name\":\"Herramientas y Afilados del Sur SLL\",\"url\":\"https:\\\/\\\/www.herafisur.com\\\/\",\"logo\":{\"@type\":\"ImageObject\",\"inLanguage\":\"es\",\"@id\":\"https:\\\/\\\/www.herafisur.com\\\/#\\\/schema\\\/logo\\\/image\\\/\",\"url\":\"https:\\\/\\\/www.herafisur.com\\\/wp-content\\\/uploads\\\/2017\\\/10\\\/Foto-logo.jpg\",\"contentUrl\":\"https:\\\/\\\/www.herafisur.com\\\/wp-content\\\/uploads\\\/2017\\\/10\\\/Foto-logo.jpg\",\"width\":2560,\"height\":1440,\"caption\":\"Herramientas y Afilados del Sur SLL\"},\"image\":{\"@id\":\"https:\\\/\\\/www.herafisur.com\\\/#\\\/schema\\\/logo\\\/image\\\/\"}}]}<\/script>\n<!-- \/ Yoast SEO plugin. -->","yoast_head_json":{"title":"Juego escobillas Tronzadora, lijadora, cepillo, Virutex 3017005 - ES0500VIRUT - Herafisur, ferreter\u00eda, suministros, venta herramienta de corte, afilados","description":"Ferreter\u00eda, discos, cuchillas, sierras, escuadras, portaestantes, sacos aspiraci\u00f3n, punta atornillar, tornillos, Bosch, escobillas 3017005 virutex cepillo lijadora tronzadora fresadora pulidora","robots":{"index":"index","follow":"follow","max-snippet":"max-snippet:-1","max-image-preview":"max-image-preview:large","max-video-preview":"max-video-preview:-1"},"canonical":"https:\/\/www.herafisur.com\/?product=juego-escobillas-tronzadora-lijadora-cepillo-virutex-3017005","og_locale":"es_ES","og_type":"article","og_title":"Juego escobillas Tronzadora, lijadora, cepillo, Virutex 3017005 - ES0500VIRUT - Herafisur, ferreter\u00eda, suministros, venta herramienta de corte, afilados","og_description":"Ferreter\u00eda, discos, cuchillas, sierras, escuadras, portaestantes, sacos aspiraci\u00f3n, punta atornillar, tornillos, Bosch, escobillas 3017005 virutex cepillo lijadora tronzadora fresadora pulidora","og_url":"https:\/\/www.herafisur.com\/?product=juego-escobillas-tronzadora-lijadora-cepillo-virutex-3017005","og_site_name":"Herafisur, ferreter\u00eda, suministros, venta herramienta de corte, afilados","article_modified_time":"2022-06-20T18:45:32+00:00","og_image":[{"width":2553,"height":2560,"url":"https:\/\/www.herafisur.com\/wp-content\/uploads\/2021\/04\/IMG_20210402_180706-scaled.jpg","type":"image\/jpeg"}],"twitter_card":"summary_large_image","twitter_misc":{"Tiempo de lectura":"1 minuto"},"schema":{"@context":"https:\/\/schema.org","@graph":[{"@type":"WebPage","@id":"https:\/\/www.herafisur.com\/?product=juego-escobillas-tronzadora-lijadora-cepillo-virutex-3017005","url":"https:\/\/www.herafisur.com\/?product=juego-escobillas-tronzadora-lijadora-cepillo-virutex-3017005","name":"Juego escobillas Tronzadora, lijadora, cepillo, Virutex 3017005 - ES0500VIRUT - Herafisur, ferreter\u00eda, suministros, venta herramienta de corte, afilados","isPartOf":{"@id":"https:\/\/www.herafisur.com\/#website"},"primaryImageOfPage":{"@id":"https:\/\/www.herafisur.com\/?product=juego-escobillas-tronzadora-lijadora-cepillo-virutex-3017005#primaryimage"},"image":{"@id":"https:\/\/www.herafisur.com\/?product=juego-escobillas-tronzadora-lijadora-cepillo-virutex-3017005#primaryimage"},"thumbnailUrl":"https:\/\/www.herafisur.com\/wp-content\/uploads\/2021\/04\/IMG_20210402_180706-scaled.jpg","datePublished":"2022-02-20T10:12:58+00:00","dateModified":"2022-06-20T18:45:32+00:00","description":"Ferreter\u00eda, discos, cuchillas, sierras, escuadras, portaestantes, sacos aspiraci\u00f3n, punta atornillar, tornillos, Bosch, escobillas 3017005 virutex cepillo lijadora tronzadora fresadora pulidora","breadcrumb":{"@id":"https:\/\/www.herafisur.com\/?product=juego-escobillas-tronzadora-lijadora-cepillo-virutex-3017005#breadcrumb"},"inLanguage":"es","potentialAction":[{"@type":"ReadAction","target":["https:\/\/www.herafisur.com\/?product=juego-escobillas-tronzadora-lijadora-cepillo-virutex-3017005"]}]},{"@type":"ImageObject","inLanguage":"es","@id":"https:\/\/www.herafisur.com\/?product=juego-escobillas-tronzadora-lijadora-cepillo-virutex-3017005#primaryimage","url":"https:\/\/www.herafisur.com\/wp-content\/uploads\/2021\/04\/IMG_20210402_180706-scaled.jpg","contentUrl":"https:\/\/www.herafisur.com\/wp-content\/uploads\/2021\/04\/IMG_20210402_180706-scaled.jpg","width":2553,"height":2560},{"@type":"BreadcrumbList","@id":"https:\/\/www.herafisur.com\/?product=juego-escobillas-tronzadora-lijadora-cepillo-virutex-3017005#breadcrumb","itemListElement":[{"@type":"ListItem","position":1,"name":"Portada","item":"https:\/\/www.herafisur.com\/"},{"@type":"ListItem","position":2,"name":"Tienda","item":"https:\/\/www.herafisur.com\/?page_id=14"},{"@type":"ListItem","position":3,"name":"Juego escobillas Tronzadora, lijadora, cepillo, Virutex 3017005 &#8211; ES0500VIRUT"}]},{"@type":"WebSite","@id":"https:\/\/www.herafisur.com\/#website","url":"https:\/\/www.herafisur.com\/","name":"Herafisur, afilados, ferreter\u00eda, suministros, venta herramienta de corte","description":"Ferreter\u00eda, herramientas de corte, suministros industriales, afilado","publisher":{"@id":"https:\/\/www.herafisur.com\/#organization"},"potentialAction":[{"@type":"SearchAction","target":{"@type":"EntryPoint","urlTemplate":"https:\/\/www.herafisur.com\/?s={search_term_string}"},"query-input":{"@type":"PropertyValueSpecification","valueRequired":true,"valueName":"search_term_string"}}],"inLanguage":"es"},{"@type":"Organization","@id":"https:\/\/www.herafisur.com\/#organization","name":"Herramientas y Afilados del Sur SLL","url":"https:\/\/www.herafisur.com\/","logo":{"@type":"ImageObject","inLanguage":"es","@id":"https:\/\/www.herafisur.com\/#\/schema\/logo\/image\/","url":"https:\/\/www.herafisur.com\/wp-content\/uploads\/2017\/10\/Foto-logo.jpg","contentUrl":"https:\/\/www.herafisur.com\/wp-content\/uploads\/2017\/10\/Foto-logo.jpg","width":2560,"height":1440,"caption":"Herramientas y Afilados del Sur SLL"},"image":{"@id":"https:\/\/www.herafisur.com\/#\/schema\/logo\/image\/"}}]}},"_links":{"self":[{"href":"https:\/\/www.herafisur.com\/index.php?rest_route=\/wp\/v2\/product\/1421","targetHints":{"allow":["GET"]}}],"collection":[{"href":"https:\/\/www.herafisur.com\/index.php?rest_route=\/wp\/v2\/product"}],"about":[{"href":"https:\/\/www.herafisur.com\/index.php?rest_route=\/wp\/v2\/types\/product"}],"replies":[{"embeddable":true,"href":"https:\/\/www.herafisur.com\/index.php?rest_route=%2Fwp%2Fv2%2Fcomments&post=1421"}],"wp:featuredmedia":[{"embeddable":true,"href":"https:\/\/www.herafisur.com\/index.php?rest_route=\/wp\/v2\/media\/1124"}],"wp:attachment":[{"href":"https:\/\/www.herafisur.com\/index.php?rest_route=%2Fwp%2Fv2%2Fmedia&parent=1421"}],"wp:term":[{"taxonomy":"product_brand","embeddable":true,"href":"https:\/\/www.herafisur.com\/index.php?rest_route=%2Fwp%2Fv2%2Fproduct_brand&post=1421"},{"taxonomy":"product_cat","embeddable":true,"href":"https:\/\/www.herafisur.com\/index.php?rest_route=%2Fwp%2Fv2%2Fproduct_cat&post=1421"},{"taxonomy":"product_tag","embeddable":true,"href":"https:\/\/www.herafisur.com\/index.php?rest_route=%2Fwp%2Fv2%2Fproduct_tag&post=1421"}],"curies":[{"name":"wp","href":"https:\/\/api.w.org\/{rel}","templated":true}]}}