{"id":1509,"date":"2022-05-29T11:32:33","date_gmt":"2022-05-29T10:32:33","guid":{"rendered":"https:\/\/www.herafisur.com\/?post_type=product&#038;p=1509"},"modified":"2022-06-14T06:07:45","modified_gmt":"2022-06-14T05:07:45","slug":"cuchilla-maquina-oscilante-34x40mm-multimaterial-fein-supercut-festool-vecturo","status":"publish","type":"product","link":"https:\/\/www.herafisur.com\/?product=cuchilla-maquina-oscilante-34x40mm-multimaterial-fein-supercut-festool-vecturo","title":{"rendered":"Cuchilla m\u00e1quina oscilante 34x40mm Multimaterial  FEIN Supercut \/ FESTOOL Vecturo &#8211; SP5108"},"content":{"rendered":"<p>Cuchilla para m\u00e1quina oscilante multiherramienta de medidas 34 x 40mm calidad HCS, para el corte de Madera, Metal, Aluminio y sistema de amarre compatible con el Supercut de FEIN y el Vecturo de FESTOOL<\/p>\n","protected":false},"excerpt":{"rendered":"<p>Cuchilla para m\u00e1quina oscilante 34x40mm para Fein Supercut y Festool Vecturo<\/p>\n","protected":false},"featured_media":1508,"comment_status":"closed","ping_status":"closed","template":"","meta":{"_et_pb_use_builder":"","_et_pb_old_content":"","_et_gb_content_width":""},"product_brand":[],"product_cat":[1309],"product_tag":[583,1308,1307,61,1305,1302,1306,602,1303,1304],"class_list":{"0":"post-1509","1":"product","2":"type-product","3":"status-publish","4":"has-post-thumbnail","6":"product_cat-cuchilla-maquina-oscilante","7":"product_tag-cuchilla-maquina-oscilante","8":"product_tag-cuchilla-para-festool","9":"product_tag-cuhilla-para-fein","10":"product_tag-fein","11":"product_tag-fein-supercut","12":"product_tag-festool","13":"product_tag-festool-vecturo","14":"product_tag-maquina-oscilante","15":"product_tag-supercut","16":"product_tag-vecturo","18":"first","19":"instock","20":"shipping-taxable","21":"purchasable","22":"product-type-simple"},"yoast_head":"<!-- This site is optimized with the Yoast SEO plugin v27.6 - https:\/\/yoast.com\/product\/yoast-seo-wordpress\/ -->\n<title>Cuchilla m\u00e1quina oscilante 34x40mm Multimaterial FEIN Supercut \/ FESTOOL Vecturo - SP5108 - Herafisur, ferreter\u00eda, suministros, venta herramienta de corte, afilados<\/title>\n<meta name=\"description\" content=\"Ferreter\u00eda, discos, cuchillas, sierras, escuadras, portaestantes, sacos aspiraci\u00f3n, punta atornillar, tornillos, Bosch, Fein supercut, Festool Vecturo, cuchilla m\u00e1quina oscilante\" \/>\n<meta name=\"robots\" content=\"index, follow, max-snippet:-1, max-image-preview:large, max-video-preview:-1\" \/>\n<link rel=\"canonical\" href=\"https:\/\/www.herafisur.com\/?product=cuchilla-maquina-oscilante-34x40mm-multimaterial-fein-supercut-festool-vecturo\" \/>\n<meta property=\"og:locale\" content=\"es_ES\" \/>\n<meta property=\"og:type\" content=\"article\" \/>\n<meta property=\"og:title\" content=\"Cuchilla m\u00e1quina oscilante 34x40mm Multimaterial FEIN Supercut \/ FESTOOL Vecturo - SP5108 - Herafisur, ferreter\u00eda, suministros, venta herramienta de corte, afilados\" \/>\n<meta property=\"og:description\" content=\"Ferreter\u00eda, discos, cuchillas, sierras, escuadras, portaestantes, sacos aspiraci\u00f3n, punta atornillar, tornillos, Bosch, Fein supercut, Festool Vecturo, cuchilla m\u00e1quina oscilante\" \/>\n<meta property=\"og:url\" content=\"https:\/\/www.herafisur.com\/?product=cuchilla-maquina-oscilante-34x40mm-multimaterial-fein-supercut-festool-vecturo\" \/>\n<meta property=\"og:site_name\" content=\"Herafisur, ferreter\u00eda, suministros, venta herramienta de corte, afilados\" \/>\n<meta property=\"article:modified_time\" content=\"2022-06-14T05:07:45+00:00\" \/>\n<meta property=\"og:image\" content=\"https:\/\/www.herafisur.com\/wp-content\/uploads\/2022\/05\/Cuchilla-multiherramienta-34x40-Supercut-Vecturo-scaled.jpg\" \/>\n\t<meta property=\"og:image:width\" content=\"2560\" \/>\n\t<meta property=\"og:image:height\" content=\"2032\" \/>\n\t<meta property=\"og:image:type\" content=\"image\/jpeg\" \/>\n<meta name=\"twitter:card\" content=\"summary_large_image\" \/>\n<meta name=\"twitter:label1\" content=\"Tiempo de lectura\" \/>\n\t<meta name=\"twitter:data1\" content=\"1 minuto\" \/>\n<script type=\"application\/ld+json\" class=\"yoast-schema-graph\">{\"@context\":\"https:\\\/\\\/schema.org\",\"@graph\":[{\"@type\":\"WebPage\",\"@id\":\"https:\\\/\\\/www.herafisur.com\\\/?product=cuchilla-maquina-oscilante-34x40mm-multimaterial-fein-supercut-festool-vecturo\",\"url\":\"https:\\\/\\\/www.herafisur.com\\\/?product=cuchilla-maquina-oscilante-34x40mm-multimaterial-fein-supercut-festool-vecturo\",\"name\":\"Cuchilla m\u00e1quina oscilante 34x40mm Multimaterial FEIN Supercut \\\/ FESTOOL Vecturo - SP5108 - Herafisur, ferreter\u00eda, suministros, venta herramienta de corte, afilados\",\"isPartOf\":{\"@id\":\"https:\\\/\\\/www.herafisur.com\\\/#website\"},\"primaryImageOfPage\":{\"@id\":\"https:\\\/\\\/www.herafisur.com\\\/?product=cuchilla-maquina-oscilante-34x40mm-multimaterial-fein-supercut-festool-vecturo#primaryimage\"},\"image\":{\"@id\":\"https:\\\/\\\/www.herafisur.com\\\/?product=cuchilla-maquina-oscilante-34x40mm-multimaterial-fein-supercut-festool-vecturo#primaryimage\"},\"thumbnailUrl\":\"https:\\\/\\\/www.herafisur.com\\\/wp-content\\\/uploads\\\/2022\\\/05\\\/Cuchilla-multiherramienta-34x40-Supercut-Vecturo-scaled.jpg\",\"datePublished\":\"2022-05-29T10:32:33+00:00\",\"dateModified\":\"2022-06-14T05:07:45+00:00\",\"description\":\"Ferreter\u00eda, discos, cuchillas, sierras, escuadras, portaestantes, sacos aspiraci\u00f3n, punta atornillar, tornillos, Bosch, Fein supercut, Festool Vecturo, cuchilla m\u00e1quina oscilante\",\"breadcrumb\":{\"@id\":\"https:\\\/\\\/www.herafisur.com\\\/?product=cuchilla-maquina-oscilante-34x40mm-multimaterial-fein-supercut-festool-vecturo#breadcrumb\"},\"inLanguage\":\"es\",\"potentialAction\":[{\"@type\":\"ReadAction\",\"target\":[\"https:\\\/\\\/www.herafisur.com\\\/?product=cuchilla-maquina-oscilante-34x40mm-multimaterial-fein-supercut-festool-vecturo\"]}]},{\"@type\":\"ImageObject\",\"inLanguage\":\"es\",\"@id\":\"https:\\\/\\\/www.herafisur.com\\\/?product=cuchilla-maquina-oscilante-34x40mm-multimaterial-fein-supercut-festool-vecturo#primaryimage\",\"url\":\"https:\\\/\\\/www.herafisur.com\\\/wp-content\\\/uploads\\\/2022\\\/05\\\/Cuchilla-multiherramienta-34x40-Supercut-Vecturo-scaled.jpg\",\"contentUrl\":\"https:\\\/\\\/www.herafisur.com\\\/wp-content\\\/uploads\\\/2022\\\/05\\\/Cuchilla-multiherramienta-34x40-Supercut-Vecturo-scaled.jpg\",\"width\":2560,\"height\":2032},{\"@type\":\"BreadcrumbList\",\"@id\":\"https:\\\/\\\/www.herafisur.com\\\/?product=cuchilla-maquina-oscilante-34x40mm-multimaterial-fein-supercut-festool-vecturo#breadcrumb\",\"itemListElement\":[{\"@type\":\"ListItem\",\"position\":1,\"name\":\"Portada\",\"item\":\"https:\\\/\\\/www.herafisur.com\\\/\"},{\"@type\":\"ListItem\",\"position\":2,\"name\":\"Tienda\",\"item\":\"https:\\\/\\\/www.herafisur.com\\\/?page_id=14\"},{\"@type\":\"ListItem\",\"position\":3,\"name\":\"Cuchilla m\u00e1quina oscilante 34x40mm Multimaterial FEIN Supercut \\\/ FESTOOL Vecturo &#8211; SP5108\"}]},{\"@type\":\"WebSite\",\"@id\":\"https:\\\/\\\/www.herafisur.com\\\/#website\",\"url\":\"https:\\\/\\\/www.herafisur.com\\\/\",\"name\":\"Herafisur, afilados, ferreter\u00eda, suministros, venta herramienta de corte\",\"description\":\"Ferreter\u00eda, herramientas de corte, suministros industriales, afilado\",\"publisher\":{\"@id\":\"https:\\\/\\\/www.herafisur.com\\\/#organization\"},\"potentialAction\":[{\"@type\":\"SearchAction\",\"target\":{\"@type\":\"EntryPoint\",\"urlTemplate\":\"https:\\\/\\\/www.herafisur.com\\\/?s={search_term_string}\"},\"query-input\":{\"@type\":\"PropertyValueSpecification\",\"valueRequired\":true,\"valueName\":\"search_term_string\"}}],\"inLanguage\":\"es\"},{\"@type\":\"Organization\",\"@id\":\"https:\\\/\\\/www.herafisur.com\\\/#organization\",\"name\":\"Herramientas y Afilados del Sur SLL\",\"url\":\"https:\\\/\\\/www.herafisur.com\\\/\",\"logo\":{\"@type\":\"ImageObject\",\"inLanguage\":\"es\",\"@id\":\"https:\\\/\\\/www.herafisur.com\\\/#\\\/schema\\\/logo\\\/image\\\/\",\"url\":\"https:\\\/\\\/www.herafisur.com\\\/wp-content\\\/uploads\\\/2017\\\/10\\\/Foto-logo.jpg\",\"contentUrl\":\"https:\\\/\\\/www.herafisur.com\\\/wp-content\\\/uploads\\\/2017\\\/10\\\/Foto-logo.jpg\",\"width\":2560,\"height\":1440,\"caption\":\"Herramientas y Afilados del Sur SLL\"},\"image\":{\"@id\":\"https:\\\/\\\/www.herafisur.com\\\/#\\\/schema\\\/logo\\\/image\\\/\"}}]}<\/script>\n<!-- \/ Yoast SEO plugin. -->","yoast_head_json":{"title":"Cuchilla m\u00e1quina oscilante 34x40mm Multimaterial FEIN Supercut \/ FESTOOL Vecturo - SP5108 - Herafisur, ferreter\u00eda, suministros, venta herramienta de corte, afilados","description":"Ferreter\u00eda, discos, cuchillas, sierras, escuadras, portaestantes, sacos aspiraci\u00f3n, punta atornillar, tornillos, Bosch, Fein supercut, Festool Vecturo, cuchilla m\u00e1quina oscilante","robots":{"index":"index","follow":"follow","max-snippet":"max-snippet:-1","max-image-preview":"max-image-preview:large","max-video-preview":"max-video-preview:-1"},"canonical":"https:\/\/www.herafisur.com\/?product=cuchilla-maquina-oscilante-34x40mm-multimaterial-fein-supercut-festool-vecturo","og_locale":"es_ES","og_type":"article","og_title":"Cuchilla m\u00e1quina oscilante 34x40mm Multimaterial FEIN Supercut \/ FESTOOL Vecturo - SP5108 - Herafisur, ferreter\u00eda, suministros, venta herramienta de corte, afilados","og_description":"Ferreter\u00eda, discos, cuchillas, sierras, escuadras, portaestantes, sacos aspiraci\u00f3n, punta atornillar, tornillos, Bosch, Fein supercut, Festool Vecturo, cuchilla m\u00e1quina oscilante","og_url":"https:\/\/www.herafisur.com\/?product=cuchilla-maquina-oscilante-34x40mm-multimaterial-fein-supercut-festool-vecturo","og_site_name":"Herafisur, ferreter\u00eda, suministros, venta herramienta de corte, afilados","article_modified_time":"2022-06-14T05:07:45+00:00","og_image":[{"width":2560,"height":2032,"url":"https:\/\/www.herafisur.com\/wp-content\/uploads\/2022\/05\/Cuchilla-multiherramienta-34x40-Supercut-Vecturo-scaled.jpg","type":"image\/jpeg"}],"twitter_card":"summary_large_image","twitter_misc":{"Tiempo de lectura":"1 minuto"},"schema":{"@context":"https:\/\/schema.org","@graph":[{"@type":"WebPage","@id":"https:\/\/www.herafisur.com\/?product=cuchilla-maquina-oscilante-34x40mm-multimaterial-fein-supercut-festool-vecturo","url":"https:\/\/www.herafisur.com\/?product=cuchilla-maquina-oscilante-34x40mm-multimaterial-fein-supercut-festool-vecturo","name":"Cuchilla m\u00e1quina oscilante 34x40mm Multimaterial FEIN Supercut \/ FESTOOL Vecturo - SP5108 - Herafisur, ferreter\u00eda, suministros, venta herramienta de corte, afilados","isPartOf":{"@id":"https:\/\/www.herafisur.com\/#website"},"primaryImageOfPage":{"@id":"https:\/\/www.herafisur.com\/?product=cuchilla-maquina-oscilante-34x40mm-multimaterial-fein-supercut-festool-vecturo#primaryimage"},"image":{"@id":"https:\/\/www.herafisur.com\/?product=cuchilla-maquina-oscilante-34x40mm-multimaterial-fein-supercut-festool-vecturo#primaryimage"},"thumbnailUrl":"https:\/\/www.herafisur.com\/wp-content\/uploads\/2022\/05\/Cuchilla-multiherramienta-34x40-Supercut-Vecturo-scaled.jpg","datePublished":"2022-05-29T10:32:33+00:00","dateModified":"2022-06-14T05:07:45+00:00","description":"Ferreter\u00eda, discos, cuchillas, sierras, escuadras, portaestantes, sacos aspiraci\u00f3n, punta atornillar, tornillos, Bosch, Fein supercut, Festool Vecturo, cuchilla m\u00e1quina oscilante","breadcrumb":{"@id":"https:\/\/www.herafisur.com\/?product=cuchilla-maquina-oscilante-34x40mm-multimaterial-fein-supercut-festool-vecturo#breadcrumb"},"inLanguage":"es","potentialAction":[{"@type":"ReadAction","target":["https:\/\/www.herafisur.com\/?product=cuchilla-maquina-oscilante-34x40mm-multimaterial-fein-supercut-festool-vecturo"]}]},{"@type":"ImageObject","inLanguage":"es","@id":"https:\/\/www.herafisur.com\/?product=cuchilla-maquina-oscilante-34x40mm-multimaterial-fein-supercut-festool-vecturo#primaryimage","url":"https:\/\/www.herafisur.com\/wp-content\/uploads\/2022\/05\/Cuchilla-multiherramienta-34x40-Supercut-Vecturo-scaled.jpg","contentUrl":"https:\/\/www.herafisur.com\/wp-content\/uploads\/2022\/05\/Cuchilla-multiherramienta-34x40-Supercut-Vecturo-scaled.jpg","width":2560,"height":2032},{"@type":"BreadcrumbList","@id":"https:\/\/www.herafisur.com\/?product=cuchilla-maquina-oscilante-34x40mm-multimaterial-fein-supercut-festool-vecturo#breadcrumb","itemListElement":[{"@type":"ListItem","position":1,"name":"Portada","item":"https:\/\/www.herafisur.com\/"},{"@type":"ListItem","position":2,"name":"Tienda","item":"https:\/\/www.herafisur.com\/?page_id=14"},{"@type":"ListItem","position":3,"name":"Cuchilla m\u00e1quina oscilante 34x40mm Multimaterial FEIN Supercut \/ FESTOOL Vecturo &#8211; SP5108"}]},{"@type":"WebSite","@id":"https:\/\/www.herafisur.com\/#website","url":"https:\/\/www.herafisur.com\/","name":"Herafisur, afilados, ferreter\u00eda, suministros, venta herramienta de corte","description":"Ferreter\u00eda, herramientas de corte, suministros industriales, afilado","publisher":{"@id":"https:\/\/www.herafisur.com\/#organization"},"potentialAction":[{"@type":"SearchAction","target":{"@type":"EntryPoint","urlTemplate":"https:\/\/www.herafisur.com\/?s={search_term_string}"},"query-input":{"@type":"PropertyValueSpecification","valueRequired":true,"valueName":"search_term_string"}}],"inLanguage":"es"},{"@type":"Organization","@id":"https:\/\/www.herafisur.com\/#organization","name":"Herramientas y Afilados del Sur SLL","url":"https:\/\/www.herafisur.com\/","logo":{"@type":"ImageObject","inLanguage":"es","@id":"https:\/\/www.herafisur.com\/#\/schema\/logo\/image\/","url":"https:\/\/www.herafisur.com\/wp-content\/uploads\/2017\/10\/Foto-logo.jpg","contentUrl":"https:\/\/www.herafisur.com\/wp-content\/uploads\/2017\/10\/Foto-logo.jpg","width":2560,"height":1440,"caption":"Herramientas y Afilados del Sur SLL"},"image":{"@id":"https:\/\/www.herafisur.com\/#\/schema\/logo\/image\/"}}]}},"_links":{"self":[{"href":"https:\/\/www.herafisur.com\/index.php?rest_route=\/wp\/v2\/product\/1509","targetHints":{"allow":["GET"]}}],"collection":[{"href":"https:\/\/www.herafisur.com\/index.php?rest_route=\/wp\/v2\/product"}],"about":[{"href":"https:\/\/www.herafisur.com\/index.php?rest_route=\/wp\/v2\/types\/product"}],"replies":[{"embeddable":true,"href":"https:\/\/www.herafisur.com\/index.php?rest_route=%2Fwp%2Fv2%2Fcomments&post=1509"}],"wp:featuredmedia":[{"embeddable":true,"href":"https:\/\/www.herafisur.com\/index.php?rest_route=\/wp\/v2\/media\/1508"}],"wp:attachment":[{"href":"https:\/\/www.herafisur.com\/index.php?rest_route=%2Fwp%2Fv2%2Fmedia&parent=1509"}],"wp:term":[{"taxonomy":"product_brand","embeddable":true,"href":"https:\/\/www.herafisur.com\/index.php?rest_route=%2Fwp%2Fv2%2Fproduct_brand&post=1509"},{"taxonomy":"product_cat","embeddable":true,"href":"https:\/\/www.herafisur.com\/index.php?rest_route=%2Fwp%2Fv2%2Fproduct_cat&post=1509"},{"taxonomy":"product_tag","embeddable":true,"href":"https:\/\/www.herafisur.com\/index.php?rest_route=%2Fwp%2Fv2%2Fproduct_tag&post=1509"}],"curies":[{"name":"wp","href":"https:\/\/api.w.org\/{rel}","templated":true}]}}