{"id":1525,"date":"2022-06-12T12:26:13","date_gmt":"2022-06-12T11:26:13","guid":{"rendered":"https:\/\/www.herafisur.com\/?post_type=product&#038;p=1525"},"modified":"2022-06-14T06:05:44","modified_gmt":"2022-06-14T05:05:44","slug":"cuchilla-maquina-oscilante-media-luna-d88mm-hcs-amarre-universal","status":"publish","type":"product","link":"https:\/\/www.herafisur.com\/?product=cuchilla-maquina-oscilante-media-luna-d88mm-hcs-amarre-universal","title":{"rendered":"Cuchilla maquina oscilante Media Luna D88mm HCS Amarre Universal &#8211; FM5121"},"content":{"rendered":"<p>Cuchilla para m\u00e1quina oscilante con forma de media luna en di\u00e1metro 88mm y espesor 0,6mm, fabricada en HCS &#8211; acero al carbono &#8211; con sistema de amarre universal, para el corte de madera, pl\u00e1stico y metal.<\/p>\n<p>Amarre apto para las marcas Bosch, Dremel, Milwaukee, Skil, AEG, Makita, Ridgid, Imperial Blades, Mastercraft, Craftsman y alg\u00fan modelo de FEIN que no tengan amarre Supercut.<\/p>\n","protected":false},"excerpt":{"rendered":"<p>Cuchilla m\u00e1quina oscilante media luna 88mm para corte de madera, pl\u00e1stico y metal con amarre universal<\/p>\n","protected":false},"featured_media":1526,"comment_status":"closed","ping_status":"closed","template":"","meta":{"_et_pb_use_builder":"","_et_pb_old_content":"","_et_gb_content_width":""},"product_brand":[],"product_cat":[1309],"product_tag":[1315,1312,1314,1313,583,1311,1310,584,590],"class_list":{"0":"post-1525","1":"product","2":"type-product","3":"status-publish","4":"has-post-thumbnail","6":"product_cat-cuchilla-maquina-oscilante","7":"product_tag-cuchilla-amarre-universal","8":"product_tag-cuchilla-corte-madera","9":"product_tag-cuchilla-corte-metal","10":"product_tag-cuchilla-corte-plastico","11":"product_tag-cuchilla-maquina-oscilante","12":"product_tag-cuchilla-media-luna","13":"product_tag-cuchilla-multiherramienta","14":"product_tag-cuchilla-multimaterial","15":"product_tag-multiherramienta","17":"first","18":"instock","19":"shipping-taxable","20":"purchasable","21":"product-type-simple"},"yoast_head":"<!-- This site is optimized with the Yoast SEO plugin v27.6 - https:\/\/yoast.com\/product\/yoast-seo-wordpress\/ -->\n<title>Cuchilla maquina oscilante Media Luna D88mm HCS Amarre Universal - FM5121 - Herafisur, ferreter\u00eda, suministros, venta herramienta de corte, afilados<\/title>\n<meta name=\"description\" content=\"Ferreter\u00eda, discos, cuchillas, sierras, escuadras, portaestantes, sacos aspiraci\u00f3n, punta atornillar, tornillos, Bosch, cuchilla m\u00e1quina oscilante media luna\" \/>\n<meta name=\"robots\" content=\"index, follow, max-snippet:-1, max-image-preview:large, max-video-preview:-1\" \/>\n<link rel=\"canonical\" href=\"https:\/\/www.herafisur.com\/?product=cuchilla-maquina-oscilante-media-luna-d88mm-hcs-amarre-universal\" \/>\n<meta property=\"og:locale\" content=\"es_ES\" \/>\n<meta property=\"og:type\" content=\"article\" \/>\n<meta property=\"og:title\" content=\"Cuchilla maquina oscilante Media Luna D88mm HCS Amarre Universal - FM5121 - Herafisur, ferreter\u00eda, suministros, venta herramienta de corte, afilados\" \/>\n<meta property=\"og:description\" content=\"Ferreter\u00eda, discos, cuchillas, sierras, escuadras, portaestantes, sacos aspiraci\u00f3n, punta atornillar, tornillos, Bosch, cuchilla m\u00e1quina oscilante media luna\" \/>\n<meta property=\"og:url\" content=\"https:\/\/www.herafisur.com\/?product=cuchilla-maquina-oscilante-media-luna-d88mm-hcs-amarre-universal\" \/>\n<meta property=\"og:site_name\" content=\"Herafisur, ferreter\u00eda, suministros, venta herramienta de corte, afilados\" \/>\n<meta property=\"article:modified_time\" content=\"2022-06-14T05:05:44+00:00\" \/>\n<meta property=\"og:image\" content=\"https:\/\/www.herafisur.com\/wp-content\/uploads\/2022\/06\/Cuchilla-oscilante-media-luna-88-scaled.jpg\" \/>\n\t<meta property=\"og:image:width\" content=\"1998\" \/>\n\t<meta property=\"og:image:height\" content=\"2560\" \/>\n\t<meta property=\"og:image:type\" content=\"image\/jpeg\" \/>\n<meta name=\"twitter:card\" content=\"summary_large_image\" \/>\n<meta name=\"twitter:label1\" content=\"Tiempo de lectura\" \/>\n\t<meta name=\"twitter:data1\" content=\"1 minuto\" \/>\n<script type=\"application\/ld+json\" class=\"yoast-schema-graph\">{\"@context\":\"https:\\\/\\\/schema.org\",\"@graph\":[{\"@type\":\"WebPage\",\"@id\":\"https:\\\/\\\/www.herafisur.com\\\/?product=cuchilla-maquina-oscilante-media-luna-d88mm-hcs-amarre-universal\",\"url\":\"https:\\\/\\\/www.herafisur.com\\\/?product=cuchilla-maquina-oscilante-media-luna-d88mm-hcs-amarre-universal\",\"name\":\"Cuchilla maquina oscilante Media Luna D88mm HCS Amarre Universal - FM5121 - Herafisur, ferreter\u00eda, suministros, venta herramienta de corte, afilados\",\"isPartOf\":{\"@id\":\"https:\\\/\\\/www.herafisur.com\\\/#website\"},\"primaryImageOfPage\":{\"@id\":\"https:\\\/\\\/www.herafisur.com\\\/?product=cuchilla-maquina-oscilante-media-luna-d88mm-hcs-amarre-universal#primaryimage\"},\"image\":{\"@id\":\"https:\\\/\\\/www.herafisur.com\\\/?product=cuchilla-maquina-oscilante-media-luna-d88mm-hcs-amarre-universal#primaryimage\"},\"thumbnailUrl\":\"https:\\\/\\\/www.herafisur.com\\\/wp-content\\\/uploads\\\/2022\\\/06\\\/Cuchilla-oscilante-media-luna-88-scaled.jpg\",\"datePublished\":\"2022-06-12T11:26:13+00:00\",\"dateModified\":\"2022-06-14T05:05:44+00:00\",\"description\":\"Ferreter\u00eda, discos, cuchillas, sierras, escuadras, portaestantes, sacos aspiraci\u00f3n, punta atornillar, tornillos, Bosch, cuchilla m\u00e1quina oscilante media luna\",\"breadcrumb\":{\"@id\":\"https:\\\/\\\/www.herafisur.com\\\/?product=cuchilla-maquina-oscilante-media-luna-d88mm-hcs-amarre-universal#breadcrumb\"},\"inLanguage\":\"es\",\"potentialAction\":[{\"@type\":\"ReadAction\",\"target\":[\"https:\\\/\\\/www.herafisur.com\\\/?product=cuchilla-maquina-oscilante-media-luna-d88mm-hcs-amarre-universal\"]}]},{\"@type\":\"ImageObject\",\"inLanguage\":\"es\",\"@id\":\"https:\\\/\\\/www.herafisur.com\\\/?product=cuchilla-maquina-oscilante-media-luna-d88mm-hcs-amarre-universal#primaryimage\",\"url\":\"https:\\\/\\\/www.herafisur.com\\\/wp-content\\\/uploads\\\/2022\\\/06\\\/Cuchilla-oscilante-media-luna-88-scaled.jpg\",\"contentUrl\":\"https:\\\/\\\/www.herafisur.com\\\/wp-content\\\/uploads\\\/2022\\\/06\\\/Cuchilla-oscilante-media-luna-88-scaled.jpg\",\"width\":1998,\"height\":2560},{\"@type\":\"BreadcrumbList\",\"@id\":\"https:\\\/\\\/www.herafisur.com\\\/?product=cuchilla-maquina-oscilante-media-luna-d88mm-hcs-amarre-universal#breadcrumb\",\"itemListElement\":[{\"@type\":\"ListItem\",\"position\":1,\"name\":\"Portada\",\"item\":\"https:\\\/\\\/www.herafisur.com\\\/\"},{\"@type\":\"ListItem\",\"position\":2,\"name\":\"Tienda\",\"item\":\"https:\\\/\\\/www.herafisur.com\\\/?page_id=14\"},{\"@type\":\"ListItem\",\"position\":3,\"name\":\"Cuchilla maquina oscilante Media Luna D88mm HCS Amarre Universal &#8211; FM5121\"}]},{\"@type\":\"WebSite\",\"@id\":\"https:\\\/\\\/www.herafisur.com\\\/#website\",\"url\":\"https:\\\/\\\/www.herafisur.com\\\/\",\"name\":\"Herafisur, afilados, ferreter\u00eda, suministros, venta herramienta de corte\",\"description\":\"Ferreter\u00eda, herramientas de corte, suministros industriales, afilado\",\"publisher\":{\"@id\":\"https:\\\/\\\/www.herafisur.com\\\/#organization\"},\"potentialAction\":[{\"@type\":\"SearchAction\",\"target\":{\"@type\":\"EntryPoint\",\"urlTemplate\":\"https:\\\/\\\/www.herafisur.com\\\/?s={search_term_string}\"},\"query-input\":{\"@type\":\"PropertyValueSpecification\",\"valueRequired\":true,\"valueName\":\"search_term_string\"}}],\"inLanguage\":\"es\"},{\"@type\":\"Organization\",\"@id\":\"https:\\\/\\\/www.herafisur.com\\\/#organization\",\"name\":\"Herramientas y Afilados del Sur SLL\",\"url\":\"https:\\\/\\\/www.herafisur.com\\\/\",\"logo\":{\"@type\":\"ImageObject\",\"inLanguage\":\"es\",\"@id\":\"https:\\\/\\\/www.herafisur.com\\\/#\\\/schema\\\/logo\\\/image\\\/\",\"url\":\"https:\\\/\\\/www.herafisur.com\\\/wp-content\\\/uploads\\\/2017\\\/10\\\/Foto-logo.jpg\",\"contentUrl\":\"https:\\\/\\\/www.herafisur.com\\\/wp-content\\\/uploads\\\/2017\\\/10\\\/Foto-logo.jpg\",\"width\":2560,\"height\":1440,\"caption\":\"Herramientas y Afilados del Sur SLL\"},\"image\":{\"@id\":\"https:\\\/\\\/www.herafisur.com\\\/#\\\/schema\\\/logo\\\/image\\\/\"}}]}<\/script>\n<!-- \/ Yoast SEO plugin. -->","yoast_head_json":{"title":"Cuchilla maquina oscilante Media Luna D88mm HCS Amarre Universal - FM5121 - Herafisur, ferreter\u00eda, suministros, venta herramienta de corte, afilados","description":"Ferreter\u00eda, discos, cuchillas, sierras, escuadras, portaestantes, sacos aspiraci\u00f3n, punta atornillar, tornillos, Bosch, cuchilla m\u00e1quina oscilante media luna","robots":{"index":"index","follow":"follow","max-snippet":"max-snippet:-1","max-image-preview":"max-image-preview:large","max-video-preview":"max-video-preview:-1"},"canonical":"https:\/\/www.herafisur.com\/?product=cuchilla-maquina-oscilante-media-luna-d88mm-hcs-amarre-universal","og_locale":"es_ES","og_type":"article","og_title":"Cuchilla maquina oscilante Media Luna D88mm HCS Amarre Universal - FM5121 - Herafisur, ferreter\u00eda, suministros, venta herramienta de corte, afilados","og_description":"Ferreter\u00eda, discos, cuchillas, sierras, escuadras, portaestantes, sacos aspiraci\u00f3n, punta atornillar, tornillos, Bosch, cuchilla m\u00e1quina oscilante media luna","og_url":"https:\/\/www.herafisur.com\/?product=cuchilla-maquina-oscilante-media-luna-d88mm-hcs-amarre-universal","og_site_name":"Herafisur, ferreter\u00eda, suministros, venta herramienta de corte, afilados","article_modified_time":"2022-06-14T05:05:44+00:00","og_image":[{"width":1998,"height":2560,"url":"https:\/\/www.herafisur.com\/wp-content\/uploads\/2022\/06\/Cuchilla-oscilante-media-luna-88-scaled.jpg","type":"image\/jpeg"}],"twitter_card":"summary_large_image","twitter_misc":{"Tiempo de lectura":"1 minuto"},"schema":{"@context":"https:\/\/schema.org","@graph":[{"@type":"WebPage","@id":"https:\/\/www.herafisur.com\/?product=cuchilla-maquina-oscilante-media-luna-d88mm-hcs-amarre-universal","url":"https:\/\/www.herafisur.com\/?product=cuchilla-maquina-oscilante-media-luna-d88mm-hcs-amarre-universal","name":"Cuchilla maquina oscilante Media Luna D88mm HCS Amarre Universal - FM5121 - Herafisur, ferreter\u00eda, suministros, venta herramienta de corte, afilados","isPartOf":{"@id":"https:\/\/www.herafisur.com\/#website"},"primaryImageOfPage":{"@id":"https:\/\/www.herafisur.com\/?product=cuchilla-maquina-oscilante-media-luna-d88mm-hcs-amarre-universal#primaryimage"},"image":{"@id":"https:\/\/www.herafisur.com\/?product=cuchilla-maquina-oscilante-media-luna-d88mm-hcs-amarre-universal#primaryimage"},"thumbnailUrl":"https:\/\/www.herafisur.com\/wp-content\/uploads\/2022\/06\/Cuchilla-oscilante-media-luna-88-scaled.jpg","datePublished":"2022-06-12T11:26:13+00:00","dateModified":"2022-06-14T05:05:44+00:00","description":"Ferreter\u00eda, discos, cuchillas, sierras, escuadras, portaestantes, sacos aspiraci\u00f3n, punta atornillar, tornillos, Bosch, cuchilla m\u00e1quina oscilante media luna","breadcrumb":{"@id":"https:\/\/www.herafisur.com\/?product=cuchilla-maquina-oscilante-media-luna-d88mm-hcs-amarre-universal#breadcrumb"},"inLanguage":"es","potentialAction":[{"@type":"ReadAction","target":["https:\/\/www.herafisur.com\/?product=cuchilla-maquina-oscilante-media-luna-d88mm-hcs-amarre-universal"]}]},{"@type":"ImageObject","inLanguage":"es","@id":"https:\/\/www.herafisur.com\/?product=cuchilla-maquina-oscilante-media-luna-d88mm-hcs-amarre-universal#primaryimage","url":"https:\/\/www.herafisur.com\/wp-content\/uploads\/2022\/06\/Cuchilla-oscilante-media-luna-88-scaled.jpg","contentUrl":"https:\/\/www.herafisur.com\/wp-content\/uploads\/2022\/06\/Cuchilla-oscilante-media-luna-88-scaled.jpg","width":1998,"height":2560},{"@type":"BreadcrumbList","@id":"https:\/\/www.herafisur.com\/?product=cuchilla-maquina-oscilante-media-luna-d88mm-hcs-amarre-universal#breadcrumb","itemListElement":[{"@type":"ListItem","position":1,"name":"Portada","item":"https:\/\/www.herafisur.com\/"},{"@type":"ListItem","position":2,"name":"Tienda","item":"https:\/\/www.herafisur.com\/?page_id=14"},{"@type":"ListItem","position":3,"name":"Cuchilla maquina oscilante Media Luna D88mm HCS Amarre Universal &#8211; FM5121"}]},{"@type":"WebSite","@id":"https:\/\/www.herafisur.com\/#website","url":"https:\/\/www.herafisur.com\/","name":"Herafisur, afilados, ferreter\u00eda, suministros, venta herramienta de corte","description":"Ferreter\u00eda, herramientas de corte, suministros industriales, afilado","publisher":{"@id":"https:\/\/www.herafisur.com\/#organization"},"potentialAction":[{"@type":"SearchAction","target":{"@type":"EntryPoint","urlTemplate":"https:\/\/www.herafisur.com\/?s={search_term_string}"},"query-input":{"@type":"PropertyValueSpecification","valueRequired":true,"valueName":"search_term_string"}}],"inLanguage":"es"},{"@type":"Organization","@id":"https:\/\/www.herafisur.com\/#organization","name":"Herramientas y Afilados del Sur SLL","url":"https:\/\/www.herafisur.com\/","logo":{"@type":"ImageObject","inLanguage":"es","@id":"https:\/\/www.herafisur.com\/#\/schema\/logo\/image\/","url":"https:\/\/www.herafisur.com\/wp-content\/uploads\/2017\/10\/Foto-logo.jpg","contentUrl":"https:\/\/www.herafisur.com\/wp-content\/uploads\/2017\/10\/Foto-logo.jpg","width":2560,"height":1440,"caption":"Herramientas y Afilados del Sur SLL"},"image":{"@id":"https:\/\/www.herafisur.com\/#\/schema\/logo\/image\/"}}]}},"_links":{"self":[{"href":"https:\/\/www.herafisur.com\/index.php?rest_route=\/wp\/v2\/product\/1525","targetHints":{"allow":["GET"]}}],"collection":[{"href":"https:\/\/www.herafisur.com\/index.php?rest_route=\/wp\/v2\/product"}],"about":[{"href":"https:\/\/www.herafisur.com\/index.php?rest_route=\/wp\/v2\/types\/product"}],"replies":[{"embeddable":true,"href":"https:\/\/www.herafisur.com\/index.php?rest_route=%2Fwp%2Fv2%2Fcomments&post=1525"}],"wp:featuredmedia":[{"embeddable":true,"href":"https:\/\/www.herafisur.com\/index.php?rest_route=\/wp\/v2\/media\/1526"}],"wp:attachment":[{"href":"https:\/\/www.herafisur.com\/index.php?rest_route=%2Fwp%2Fv2%2Fmedia&parent=1525"}],"wp:term":[{"taxonomy":"product_brand","embeddable":true,"href":"https:\/\/www.herafisur.com\/index.php?rest_route=%2Fwp%2Fv2%2Fproduct_brand&post=1525"},{"taxonomy":"product_cat","embeddable":true,"href":"https:\/\/www.herafisur.com\/index.php?rest_route=%2Fwp%2Fv2%2Fproduct_cat&post=1525"},{"taxonomy":"product_tag","embeddable":true,"href":"https:\/\/www.herafisur.com\/index.php?rest_route=%2Fwp%2Fv2%2Fproduct_tag&post=1525"}],"curies":[{"name":"wp","href":"https:\/\/api.w.org\/{rel}","templated":true}]}}