{"id":1629,"date":"2022-08-27T08:32:01","date_gmt":"2022-08-27T07:32:01","guid":{"rendered":"https:\/\/www.herafisur.com\/?post_type=product&#038;p=1629"},"modified":"2023-07-21T17:03:00","modified_gmt":"2023-07-21T16:03:00","slug":"juego-escobillas-cepillo-lijadora-lr-pulidora-virutex-referencia-8417019-0506","status":"publish","type":"product","link":"https:\/\/www.herafisur.com\/?product=juego-escobillas-cepillo-lijadora-lr-pulidora-virutex-referencia-8417019-0506","title":{"rendered":"Juego Escobillas Cepillo, Lijadora LR, Pulidora Virutex Referencia 8417019 &#8211; 02348"},"content":{"rendered":"<p>Juego escobillas para Cepillos modelos CE, lijadoras modelos LR y Pulidora Virutex.<\/p>\n<p>Medidas 5 x 9 x 15mm<\/p>\n<p>Aptas para las m\u00e1quinas:<\/p>\n<p>Cepillos: CE35E &#8211; CE123E &#8211; CE23N &#8211; CE89E &#8211; CE96H<\/p>\n<p>Lijadoras: LR184N &#8211; LR284R &#8211; LRE84H &#8211; LRT84H<\/p>\n<p>Pulidora RTE84H<\/p>\n<p>Referencia Virutex 8417019<\/p>\n<p>Referencia art\u00edculo: 0506J<\/p>\n<p>&nbsp;<\/p>\n<p>&nbsp;<\/p>\n<p>&nbsp;<\/p>\n","protected":false},"excerpt":{"rendered":"<p>Escobillas cepillo CE, lijadora LR y Pulidora Virutex, referencia 8417019<\/p>\n","protected":false},"featured_media":1124,"comment_status":"open","ping_status":"closed","template":"","meta":{"_et_pb_use_builder":"","_et_pb_old_content":"","_et_gb_content_width":""},"product_brand":[],"product_cat":[918],"product_tag":[160,1506,1515,1505,1507,1508,172,1509,1510,1511,1512,1513,942,1514,1504,37],"class_list":{"0":"post-1629","1":"product","2":"type-product","3":"status-publish","4":"has-post-thumbnail","6":"product_cat-escobillas-carbon-maquinas-portatiles","7":"product_tag-escobillas","8":"product_tag-escobillas-cepillo-ce123n","9":"product_tag-escobillas-cepillo-ce23n","10":"product_tag-escobillas-cepillo-ce35e","11":"product_tag-escobillas-cepillo-ce89e","12":"product_tag-escobillas-cepillo-ce96h","13":"product_tag-escobillas-cepillo-virutex","14":"product_tag-escobillas-lijadora-lr184n","15":"product_tag-escobillas-lijadora-lr284r","16":"product_tag-escobillas-lijadora-lr84h","17":"product_tag-escobillas-lijadora-lre84h","18":"product_tag-escobillas-lijadora-lrt84h","19":"product_tag-escobillas-lijadora-virutex","20":"product_tag-escobillas-pulidora-rte84h","21":"product_tag-escobillas-pulidora-virutex","22":"product_tag-virutex","24":"first","25":"instock","26":"shipping-taxable","27":"purchasable","28":"product-type-simple"},"yoast_head":"<!-- This site is optimized with the Yoast SEO plugin v27.6 - https:\/\/yoast.com\/product\/yoast-seo-wordpress\/ -->\n<title>Juego Escobillas Cepillo, Lijadora LR, Pulidora Virutex Referencia 8417019 - 02348 - Herafisur, ferreter\u00eda, suministros, venta herramienta de corte, afilados<\/title>\n<meta name=\"description\" content=\"Ferreter\u00eda, discos, cuchillas, sierras, escuadras, portaestantes, sacos aspiraci\u00f3n, punta atornillar, tornillos, Bosch, escobillas cepillo, escobillas lijadora, escobillas pulidora, escobillas virutex, escobillas lijadora banda, escobillas fresadora F71\" \/>\n<meta name=\"robots\" content=\"index, follow, max-snippet:-1, max-image-preview:large, max-video-preview:-1\" \/>\n<link rel=\"canonical\" href=\"https:\/\/www.herafisur.com\/?product=juego-escobillas-cepillo-lijadora-lr-pulidora-virutex-referencia-8417019-0506\" \/>\n<meta property=\"og:locale\" content=\"es_ES\" \/>\n<meta property=\"og:type\" content=\"article\" \/>\n<meta property=\"og:title\" content=\"Juego Escobillas Cepillo, Lijadora LR, Pulidora Virutex Referencia 8417019 - 02348 - Herafisur, ferreter\u00eda, suministros, venta herramienta de corte, afilados\" \/>\n<meta property=\"og:description\" content=\"Ferreter\u00eda, discos, cuchillas, sierras, escuadras, portaestantes, sacos aspiraci\u00f3n, punta atornillar, tornillos, Bosch, escobillas cepillo, escobillas lijadora, escobillas pulidora, escobillas virutex, escobillas lijadora banda, escobillas fresadora F71\" \/>\n<meta property=\"og:url\" content=\"https:\/\/www.herafisur.com\/?product=juego-escobillas-cepillo-lijadora-lr-pulidora-virutex-referencia-8417019-0506\" \/>\n<meta property=\"og:site_name\" content=\"Herafisur, ferreter\u00eda, suministros, venta herramienta de corte, afilados\" \/>\n<meta property=\"article:modified_time\" content=\"2023-07-21T16:03:00+00:00\" \/>\n<meta property=\"og:image\" content=\"https:\/\/www.herafisur.com\/wp-content\/uploads\/2021\/04\/IMG_20210402_180706-scaled.jpg\" \/>\n\t<meta property=\"og:image:width\" content=\"2553\" \/>\n\t<meta property=\"og:image:height\" content=\"2560\" \/>\n\t<meta property=\"og:image:type\" content=\"image\/jpeg\" \/>\n<meta name=\"twitter:card\" content=\"summary_large_image\" \/>\n<meta name=\"twitter:label1\" content=\"Tiempo de lectura\" \/>\n\t<meta name=\"twitter:data1\" content=\"1 minuto\" \/>\n<script type=\"application\/ld+json\" class=\"yoast-schema-graph\">{\"@context\":\"https:\\\/\\\/schema.org\",\"@graph\":[{\"@type\":\"WebPage\",\"@id\":\"https:\\\/\\\/www.herafisur.com\\\/?product=juego-escobillas-cepillo-lijadora-lr-pulidora-virutex-referencia-8417019-0506\",\"url\":\"https:\\\/\\\/www.herafisur.com\\\/?product=juego-escobillas-cepillo-lijadora-lr-pulidora-virutex-referencia-8417019-0506\",\"name\":\"Juego Escobillas Cepillo, Lijadora LR, Pulidora Virutex Referencia 8417019 - 02348 - Herafisur, ferreter\u00eda, suministros, venta herramienta de corte, afilados\",\"isPartOf\":{\"@id\":\"https:\\\/\\\/www.herafisur.com\\\/#website\"},\"primaryImageOfPage\":{\"@id\":\"https:\\\/\\\/www.herafisur.com\\\/?product=juego-escobillas-cepillo-lijadora-lr-pulidora-virutex-referencia-8417019-0506#primaryimage\"},\"image\":{\"@id\":\"https:\\\/\\\/www.herafisur.com\\\/?product=juego-escobillas-cepillo-lijadora-lr-pulidora-virutex-referencia-8417019-0506#primaryimage\"},\"thumbnailUrl\":\"https:\\\/\\\/www.herafisur.com\\\/wp-content\\\/uploads\\\/2021\\\/04\\\/IMG_20210402_180706-scaled.jpg\",\"datePublished\":\"2022-08-27T07:32:01+00:00\",\"dateModified\":\"2023-07-21T16:03:00+00:00\",\"description\":\"Ferreter\u00eda, discos, cuchillas, sierras, escuadras, portaestantes, sacos aspiraci\u00f3n, punta atornillar, tornillos, Bosch, escobillas cepillo, escobillas lijadora, escobillas pulidora, escobillas virutex, escobillas lijadora banda, escobillas fresadora F71\",\"breadcrumb\":{\"@id\":\"https:\\\/\\\/www.herafisur.com\\\/?product=juego-escobillas-cepillo-lijadora-lr-pulidora-virutex-referencia-8417019-0506#breadcrumb\"},\"inLanguage\":\"es\",\"potentialAction\":[{\"@type\":\"ReadAction\",\"target\":[\"https:\\\/\\\/www.herafisur.com\\\/?product=juego-escobillas-cepillo-lijadora-lr-pulidora-virutex-referencia-8417019-0506\"]}]},{\"@type\":\"ImageObject\",\"inLanguage\":\"es\",\"@id\":\"https:\\\/\\\/www.herafisur.com\\\/?product=juego-escobillas-cepillo-lijadora-lr-pulidora-virutex-referencia-8417019-0506#primaryimage\",\"url\":\"https:\\\/\\\/www.herafisur.com\\\/wp-content\\\/uploads\\\/2021\\\/04\\\/IMG_20210402_180706-scaled.jpg\",\"contentUrl\":\"https:\\\/\\\/www.herafisur.com\\\/wp-content\\\/uploads\\\/2021\\\/04\\\/IMG_20210402_180706-scaled.jpg\",\"width\":2553,\"height\":2560},{\"@type\":\"BreadcrumbList\",\"@id\":\"https:\\\/\\\/www.herafisur.com\\\/?product=juego-escobillas-cepillo-lijadora-lr-pulidora-virutex-referencia-8417019-0506#breadcrumb\",\"itemListElement\":[{\"@type\":\"ListItem\",\"position\":1,\"name\":\"Portada\",\"item\":\"https:\\\/\\\/www.herafisur.com\\\/\"},{\"@type\":\"ListItem\",\"position\":2,\"name\":\"Tienda\",\"item\":\"https:\\\/\\\/www.herafisur.com\\\/?page_id=14\"},{\"@type\":\"ListItem\",\"position\":3,\"name\":\"Juego Escobillas Cepillo, Lijadora LR, Pulidora Virutex Referencia 8417019 &#8211; 02348\"}]},{\"@type\":\"WebSite\",\"@id\":\"https:\\\/\\\/www.herafisur.com\\\/#website\",\"url\":\"https:\\\/\\\/www.herafisur.com\\\/\",\"name\":\"Herafisur, afilados, ferreter\u00eda, suministros, venta herramienta de corte\",\"description\":\"Ferreter\u00eda, herramientas de corte, suministros industriales, afilado\",\"publisher\":{\"@id\":\"https:\\\/\\\/www.herafisur.com\\\/#organization\"},\"potentialAction\":[{\"@type\":\"SearchAction\",\"target\":{\"@type\":\"EntryPoint\",\"urlTemplate\":\"https:\\\/\\\/www.herafisur.com\\\/?s={search_term_string}\"},\"query-input\":{\"@type\":\"PropertyValueSpecification\",\"valueRequired\":true,\"valueName\":\"search_term_string\"}}],\"inLanguage\":\"es\"},{\"@type\":\"Organization\",\"@id\":\"https:\\\/\\\/www.herafisur.com\\\/#organization\",\"name\":\"Herramientas y Afilados del Sur SLL\",\"url\":\"https:\\\/\\\/www.herafisur.com\\\/\",\"logo\":{\"@type\":\"ImageObject\",\"inLanguage\":\"es\",\"@id\":\"https:\\\/\\\/www.herafisur.com\\\/#\\\/schema\\\/logo\\\/image\\\/\",\"url\":\"https:\\\/\\\/www.herafisur.com\\\/wp-content\\\/uploads\\\/2017\\\/10\\\/Foto-logo.jpg\",\"contentUrl\":\"https:\\\/\\\/www.herafisur.com\\\/wp-content\\\/uploads\\\/2017\\\/10\\\/Foto-logo.jpg\",\"width\":2560,\"height\":1440,\"caption\":\"Herramientas y Afilados del Sur SLL\"},\"image\":{\"@id\":\"https:\\\/\\\/www.herafisur.com\\\/#\\\/schema\\\/logo\\\/image\\\/\"}}]}<\/script>\n<!-- \/ Yoast SEO plugin. -->","yoast_head_json":{"title":"Juego Escobillas Cepillo, Lijadora LR, Pulidora Virutex Referencia 8417019 - 02348 - Herafisur, ferreter\u00eda, suministros, venta herramienta de corte, afilados","description":"Ferreter\u00eda, discos, cuchillas, sierras, escuadras, portaestantes, sacos aspiraci\u00f3n, punta atornillar, tornillos, Bosch, escobillas cepillo, escobillas lijadora, escobillas pulidora, escobillas virutex, escobillas lijadora banda, escobillas fresadora F71","robots":{"index":"index","follow":"follow","max-snippet":"max-snippet:-1","max-image-preview":"max-image-preview:large","max-video-preview":"max-video-preview:-1"},"canonical":"https:\/\/www.herafisur.com\/?product=juego-escobillas-cepillo-lijadora-lr-pulidora-virutex-referencia-8417019-0506","og_locale":"es_ES","og_type":"article","og_title":"Juego Escobillas Cepillo, Lijadora LR, Pulidora Virutex Referencia 8417019 - 02348 - Herafisur, ferreter\u00eda, suministros, venta herramienta de corte, afilados","og_description":"Ferreter\u00eda, discos, cuchillas, sierras, escuadras, portaestantes, sacos aspiraci\u00f3n, punta atornillar, tornillos, Bosch, escobillas cepillo, escobillas lijadora, escobillas pulidora, escobillas virutex, escobillas lijadora banda, escobillas fresadora F71","og_url":"https:\/\/www.herafisur.com\/?product=juego-escobillas-cepillo-lijadora-lr-pulidora-virutex-referencia-8417019-0506","og_site_name":"Herafisur, ferreter\u00eda, suministros, venta herramienta de corte, afilados","article_modified_time":"2023-07-21T16:03:00+00:00","og_image":[{"width":2553,"height":2560,"url":"https:\/\/www.herafisur.com\/wp-content\/uploads\/2021\/04\/IMG_20210402_180706-scaled.jpg","type":"image\/jpeg"}],"twitter_card":"summary_large_image","twitter_misc":{"Tiempo de lectura":"1 minuto"},"schema":{"@context":"https:\/\/schema.org","@graph":[{"@type":"WebPage","@id":"https:\/\/www.herafisur.com\/?product=juego-escobillas-cepillo-lijadora-lr-pulidora-virutex-referencia-8417019-0506","url":"https:\/\/www.herafisur.com\/?product=juego-escobillas-cepillo-lijadora-lr-pulidora-virutex-referencia-8417019-0506","name":"Juego Escobillas Cepillo, Lijadora LR, Pulidora Virutex Referencia 8417019 - 02348 - Herafisur, ferreter\u00eda, suministros, venta herramienta de corte, afilados","isPartOf":{"@id":"https:\/\/www.herafisur.com\/#website"},"primaryImageOfPage":{"@id":"https:\/\/www.herafisur.com\/?product=juego-escobillas-cepillo-lijadora-lr-pulidora-virutex-referencia-8417019-0506#primaryimage"},"image":{"@id":"https:\/\/www.herafisur.com\/?product=juego-escobillas-cepillo-lijadora-lr-pulidora-virutex-referencia-8417019-0506#primaryimage"},"thumbnailUrl":"https:\/\/www.herafisur.com\/wp-content\/uploads\/2021\/04\/IMG_20210402_180706-scaled.jpg","datePublished":"2022-08-27T07:32:01+00:00","dateModified":"2023-07-21T16:03:00+00:00","description":"Ferreter\u00eda, discos, cuchillas, sierras, escuadras, portaestantes, sacos aspiraci\u00f3n, punta atornillar, tornillos, Bosch, escobillas cepillo, escobillas lijadora, escobillas pulidora, escobillas virutex, escobillas lijadora banda, escobillas fresadora F71","breadcrumb":{"@id":"https:\/\/www.herafisur.com\/?product=juego-escobillas-cepillo-lijadora-lr-pulidora-virutex-referencia-8417019-0506#breadcrumb"},"inLanguage":"es","potentialAction":[{"@type":"ReadAction","target":["https:\/\/www.herafisur.com\/?product=juego-escobillas-cepillo-lijadora-lr-pulidora-virutex-referencia-8417019-0506"]}]},{"@type":"ImageObject","inLanguage":"es","@id":"https:\/\/www.herafisur.com\/?product=juego-escobillas-cepillo-lijadora-lr-pulidora-virutex-referencia-8417019-0506#primaryimage","url":"https:\/\/www.herafisur.com\/wp-content\/uploads\/2021\/04\/IMG_20210402_180706-scaled.jpg","contentUrl":"https:\/\/www.herafisur.com\/wp-content\/uploads\/2021\/04\/IMG_20210402_180706-scaled.jpg","width":2553,"height":2560},{"@type":"BreadcrumbList","@id":"https:\/\/www.herafisur.com\/?product=juego-escobillas-cepillo-lijadora-lr-pulidora-virutex-referencia-8417019-0506#breadcrumb","itemListElement":[{"@type":"ListItem","position":1,"name":"Portada","item":"https:\/\/www.herafisur.com\/"},{"@type":"ListItem","position":2,"name":"Tienda","item":"https:\/\/www.herafisur.com\/?page_id=14"},{"@type":"ListItem","position":3,"name":"Juego Escobillas Cepillo, Lijadora LR, Pulidora Virutex Referencia 8417019 &#8211; 02348"}]},{"@type":"WebSite","@id":"https:\/\/www.herafisur.com\/#website","url":"https:\/\/www.herafisur.com\/","name":"Herafisur, afilados, ferreter\u00eda, suministros, venta herramienta de corte","description":"Ferreter\u00eda, herramientas de corte, suministros industriales, afilado","publisher":{"@id":"https:\/\/www.herafisur.com\/#organization"},"potentialAction":[{"@type":"SearchAction","target":{"@type":"EntryPoint","urlTemplate":"https:\/\/www.herafisur.com\/?s={search_term_string}"},"query-input":{"@type":"PropertyValueSpecification","valueRequired":true,"valueName":"search_term_string"}}],"inLanguage":"es"},{"@type":"Organization","@id":"https:\/\/www.herafisur.com\/#organization","name":"Herramientas y Afilados del Sur SLL","url":"https:\/\/www.herafisur.com\/","logo":{"@type":"ImageObject","inLanguage":"es","@id":"https:\/\/www.herafisur.com\/#\/schema\/logo\/image\/","url":"https:\/\/www.herafisur.com\/wp-content\/uploads\/2017\/10\/Foto-logo.jpg","contentUrl":"https:\/\/www.herafisur.com\/wp-content\/uploads\/2017\/10\/Foto-logo.jpg","width":2560,"height":1440,"caption":"Herramientas y Afilados del Sur SLL"},"image":{"@id":"https:\/\/www.herafisur.com\/#\/schema\/logo\/image\/"}}]}},"_links":{"self":[{"href":"https:\/\/www.herafisur.com\/index.php?rest_route=\/wp\/v2\/product\/1629","targetHints":{"allow":["GET"]}}],"collection":[{"href":"https:\/\/www.herafisur.com\/index.php?rest_route=\/wp\/v2\/product"}],"about":[{"href":"https:\/\/www.herafisur.com\/index.php?rest_route=\/wp\/v2\/types\/product"}],"replies":[{"embeddable":true,"href":"https:\/\/www.herafisur.com\/index.php?rest_route=%2Fwp%2Fv2%2Fcomments&post=1629"}],"wp:featuredmedia":[{"embeddable":true,"href":"https:\/\/www.herafisur.com\/index.php?rest_route=\/wp\/v2\/media\/1124"}],"wp:attachment":[{"href":"https:\/\/www.herafisur.com\/index.php?rest_route=%2Fwp%2Fv2%2Fmedia&parent=1629"}],"wp:term":[{"taxonomy":"product_brand","embeddable":true,"href":"https:\/\/www.herafisur.com\/index.php?rest_route=%2Fwp%2Fv2%2Fproduct_brand&post=1629"},{"taxonomy":"product_cat","embeddable":true,"href":"https:\/\/www.herafisur.com\/index.php?rest_route=%2Fwp%2Fv2%2Fproduct_cat&post=1629"},{"taxonomy":"product_tag","embeddable":true,"href":"https:\/\/www.herafisur.com\/index.php?rest_route=%2Fwp%2Fv2%2Fproduct_tag&post=1629"}],"curies":[{"name":"wp","href":"https:\/\/api.w.org\/{rel}","templated":true}]}}