{"id":1641,"date":"2022-09-24T19:33:54","date_gmt":"2022-09-24T18:33:54","guid":{"rendered":"https:\/\/www.herafisur.com\/?post_type=product&#038;p=1641"},"modified":"2022-12-10T19:14:36","modified_gmt":"2022-12-10T18:14:36","slug":"disco-d130-x-26-x-d16-z36-alt","status":"publish","type":"product","link":"https:\/\/www.herafisur.com\/?product=disco-d130-x-26-x-d16-z36-alt","title":{"rendered":"Disco D130 x 2,6 x d16 Z36 Alt KLEIN Profesional"},"content":{"rendered":"<p>Disco di\u00e1metro 130mm con ancho 2,6mm, espesor de cuerpo 1,6mm y eje di\u00e1metro 16mm, 36 dientes con perfil alterno en Widia HC10 (K10 &#8211; C3) calidad superior fabricadas por Ceratizit, disco fabricado en Italia por KLEIN.<\/p>\n<p>Apto para madera, tablero, DM, materiales pl\u00e1sticos, realizando un corte excelente gracias a la gran calidad de todos los materiales usados para su fabricaci\u00f3n.<\/p>\n<p>Al tener el eje di\u00e1metro 16mm se utiliza en sierras circulares con este eje sin necesidad de utilizar anilla de reducci\u00f3n.<\/p>\n","protected":false},"excerpt":{"rendered":"<p>Disco di\u00e1metro 130mm con eje d16 mm 36 dientes para cortar gran variedad de materiales<\/p>\n","protected":false},"featured_media":1645,"comment_status":"closed","ping_status":"closed","template":"","meta":{"_et_pb_use_builder":"","_et_pb_old_content":"","_et_gb_content_width":""},"product_brand":[],"product_cat":[22],"product_tag":[1546,1548,1545,1549,1703,1547,1173],"class_list":{"0":"post-1641","1":"product","2":"type-product","3":"status-publish","4":"has-post-thumbnail","6":"product_cat-discos-maquinas-portatiles","7":"product_tag-disco-130mm","8":"product_tag-disco-d130-con-eje-d16-mm","9":"product_tag-disco-d130-mm","10":"product_tag-disco-eje-d16mm","11":"product_tag-disco-para-bosch","12":"product_tag-disco-sierra-circular-diametro-130mm","13":"product_tag-sierra-circular-bosch","15":"first","16":"instock","17":"shipping-taxable","18":"purchasable","19":"product-type-simple"},"yoast_head":"<!-- This site is optimized with the Yoast SEO plugin v27.6 - https:\/\/yoast.com\/product\/yoast-seo-wordpress\/ -->\n<title>Disco D130 x 2,6 x d16 Z36 Alt KLEIN Profesional - Herafisur, ferreter\u00eda, suministros, venta herramienta de corte, afilados<\/title>\n<meta name=\"description\" content=\"Ferreter\u00eda, discos, cuchillas, sierras, escuadras, portaestantes, sacos aspiraci\u00f3n, punta atornillar, tornillos, Bosch, Disco D130 eje d16 Z36\" \/>\n<meta name=\"robots\" content=\"index, follow, max-snippet:-1, max-image-preview:large, max-video-preview:-1\" \/>\n<link rel=\"canonical\" href=\"https:\/\/www.herafisur.com\/?product=disco-d130-x-26-x-d16-z36-alt\" \/>\n<meta property=\"og:locale\" content=\"es_ES\" \/>\n<meta property=\"og:type\" content=\"article\" \/>\n<meta property=\"og:title\" content=\"Disco D130 x 2,6 x d16 Z36 Alt KLEIN Profesional - Herafisur, ferreter\u00eda, suministros, venta herramienta de corte, afilados\" \/>\n<meta property=\"og:description\" content=\"Ferreter\u00eda, discos, cuchillas, sierras, escuadras, portaestantes, sacos aspiraci\u00f3n, punta atornillar, tornillos, Bosch, Disco D130 eje d16 Z36\" \/>\n<meta property=\"og:url\" content=\"https:\/\/www.herafisur.com\/?product=disco-d130-x-26-x-d16-z36-alt\" \/>\n<meta property=\"og:site_name\" content=\"Herafisur, ferreter\u00eda, suministros, venta herramienta de corte, afilados\" \/>\n<meta property=\"article:modified_time\" content=\"2022-12-10T18:14:36+00:00\" \/>\n<meta property=\"og:image\" content=\"https:\/\/www.herafisur.com\/wp-content\/uploads\/2022\/09\/IMG_20220924_130615.jpg\" \/>\n\t<meta property=\"og:image:width\" content=\"720\" \/>\n\t<meta property=\"og:image:height\" content=\"960\" \/>\n\t<meta property=\"og:image:type\" content=\"image\/jpeg\" \/>\n<meta name=\"twitter:card\" content=\"summary_large_image\" \/>\n<meta name=\"twitter:label1\" content=\"Tiempo de lectura\" \/>\n\t<meta name=\"twitter:data1\" content=\"1 minuto\" \/>\n<script type=\"application\/ld+json\" class=\"yoast-schema-graph\">{\"@context\":\"https:\\\/\\\/schema.org\",\"@graph\":[{\"@type\":\"WebPage\",\"@id\":\"https:\\\/\\\/www.herafisur.com\\\/?product=disco-d130-x-26-x-d16-z36-alt\",\"url\":\"https:\\\/\\\/www.herafisur.com\\\/?product=disco-d130-x-26-x-d16-z36-alt\",\"name\":\"Disco D130 x 2,6 x d16 Z36 Alt KLEIN Profesional - Herafisur, ferreter\u00eda, suministros, venta herramienta de corte, afilados\",\"isPartOf\":{\"@id\":\"https:\\\/\\\/www.herafisur.com\\\/#website\"},\"primaryImageOfPage\":{\"@id\":\"https:\\\/\\\/www.herafisur.com\\\/?product=disco-d130-x-26-x-d16-z36-alt#primaryimage\"},\"image\":{\"@id\":\"https:\\\/\\\/www.herafisur.com\\\/?product=disco-d130-x-26-x-d16-z36-alt#primaryimage\"},\"thumbnailUrl\":\"https:\\\/\\\/www.herafisur.com\\\/wp-content\\\/uploads\\\/2022\\\/09\\\/IMG_20220924_130615.jpg\",\"datePublished\":\"2022-09-24T18:33:54+00:00\",\"dateModified\":\"2022-12-10T18:14:36+00:00\",\"description\":\"Ferreter\u00eda, discos, cuchillas, sierras, escuadras, portaestantes, sacos aspiraci\u00f3n, punta atornillar, tornillos, Bosch, Disco D130 eje d16 Z36\",\"breadcrumb\":{\"@id\":\"https:\\\/\\\/www.herafisur.com\\\/?product=disco-d130-x-26-x-d16-z36-alt#breadcrumb\"},\"inLanguage\":\"es\",\"potentialAction\":[{\"@type\":\"ReadAction\",\"target\":[\"https:\\\/\\\/www.herafisur.com\\\/?product=disco-d130-x-26-x-d16-z36-alt\"]}]},{\"@type\":\"ImageObject\",\"inLanguage\":\"es\",\"@id\":\"https:\\\/\\\/www.herafisur.com\\\/?product=disco-d130-x-26-x-d16-z36-alt#primaryimage\",\"url\":\"https:\\\/\\\/www.herafisur.com\\\/wp-content\\\/uploads\\\/2022\\\/09\\\/IMG_20220924_130615.jpg\",\"contentUrl\":\"https:\\\/\\\/www.herafisur.com\\\/wp-content\\\/uploads\\\/2022\\\/09\\\/IMG_20220924_130615.jpg\",\"width\":720,\"height\":960},{\"@type\":\"BreadcrumbList\",\"@id\":\"https:\\\/\\\/www.herafisur.com\\\/?product=disco-d130-x-26-x-d16-z36-alt#breadcrumb\",\"itemListElement\":[{\"@type\":\"ListItem\",\"position\":1,\"name\":\"Portada\",\"item\":\"https:\\\/\\\/www.herafisur.com\\\/\"},{\"@type\":\"ListItem\",\"position\":2,\"name\":\"Tienda\",\"item\":\"https:\\\/\\\/www.herafisur.com\\\/?page_id=14\"},{\"@type\":\"ListItem\",\"position\":3,\"name\":\"Disco D130 x 2,6 x d16 Z36 Alt KLEIN Profesional\"}]},{\"@type\":\"WebSite\",\"@id\":\"https:\\\/\\\/www.herafisur.com\\\/#website\",\"url\":\"https:\\\/\\\/www.herafisur.com\\\/\",\"name\":\"Herafisur, afilados, ferreter\u00eda, suministros, venta herramienta de corte\",\"description\":\"Ferreter\u00eda, herramientas de corte, suministros industriales, afilado\",\"publisher\":{\"@id\":\"https:\\\/\\\/www.herafisur.com\\\/#organization\"},\"potentialAction\":[{\"@type\":\"SearchAction\",\"target\":{\"@type\":\"EntryPoint\",\"urlTemplate\":\"https:\\\/\\\/www.herafisur.com\\\/?s={search_term_string}\"},\"query-input\":{\"@type\":\"PropertyValueSpecification\",\"valueRequired\":true,\"valueName\":\"search_term_string\"}}],\"inLanguage\":\"es\"},{\"@type\":\"Organization\",\"@id\":\"https:\\\/\\\/www.herafisur.com\\\/#organization\",\"name\":\"Herramientas y Afilados del Sur SLL\",\"url\":\"https:\\\/\\\/www.herafisur.com\\\/\",\"logo\":{\"@type\":\"ImageObject\",\"inLanguage\":\"es\",\"@id\":\"https:\\\/\\\/www.herafisur.com\\\/#\\\/schema\\\/logo\\\/image\\\/\",\"url\":\"https:\\\/\\\/www.herafisur.com\\\/wp-content\\\/uploads\\\/2017\\\/10\\\/Foto-logo.jpg\",\"contentUrl\":\"https:\\\/\\\/www.herafisur.com\\\/wp-content\\\/uploads\\\/2017\\\/10\\\/Foto-logo.jpg\",\"width\":2560,\"height\":1440,\"caption\":\"Herramientas y Afilados del Sur SLL\"},\"image\":{\"@id\":\"https:\\\/\\\/www.herafisur.com\\\/#\\\/schema\\\/logo\\\/image\\\/\"}}]}<\/script>\n<!-- \/ Yoast SEO plugin. -->","yoast_head_json":{"title":"Disco D130 x 2,6 x d16 Z36 Alt KLEIN Profesional - Herafisur, ferreter\u00eda, suministros, venta herramienta de corte, afilados","description":"Ferreter\u00eda, discos, cuchillas, sierras, escuadras, portaestantes, sacos aspiraci\u00f3n, punta atornillar, tornillos, Bosch, Disco D130 eje d16 Z36","robots":{"index":"index","follow":"follow","max-snippet":"max-snippet:-1","max-image-preview":"max-image-preview:large","max-video-preview":"max-video-preview:-1"},"canonical":"https:\/\/www.herafisur.com\/?product=disco-d130-x-26-x-d16-z36-alt","og_locale":"es_ES","og_type":"article","og_title":"Disco D130 x 2,6 x d16 Z36 Alt KLEIN Profesional - Herafisur, ferreter\u00eda, suministros, venta herramienta de corte, afilados","og_description":"Ferreter\u00eda, discos, cuchillas, sierras, escuadras, portaestantes, sacos aspiraci\u00f3n, punta atornillar, tornillos, Bosch, Disco D130 eje d16 Z36","og_url":"https:\/\/www.herafisur.com\/?product=disco-d130-x-26-x-d16-z36-alt","og_site_name":"Herafisur, ferreter\u00eda, suministros, venta herramienta de corte, afilados","article_modified_time":"2022-12-10T18:14:36+00:00","og_image":[{"width":720,"height":960,"url":"https:\/\/www.herafisur.com\/wp-content\/uploads\/2022\/09\/IMG_20220924_130615.jpg","type":"image\/jpeg"}],"twitter_card":"summary_large_image","twitter_misc":{"Tiempo de lectura":"1 minuto"},"schema":{"@context":"https:\/\/schema.org","@graph":[{"@type":"WebPage","@id":"https:\/\/www.herafisur.com\/?product=disco-d130-x-26-x-d16-z36-alt","url":"https:\/\/www.herafisur.com\/?product=disco-d130-x-26-x-d16-z36-alt","name":"Disco D130 x 2,6 x d16 Z36 Alt KLEIN Profesional - Herafisur, ferreter\u00eda, suministros, venta herramienta de corte, afilados","isPartOf":{"@id":"https:\/\/www.herafisur.com\/#website"},"primaryImageOfPage":{"@id":"https:\/\/www.herafisur.com\/?product=disco-d130-x-26-x-d16-z36-alt#primaryimage"},"image":{"@id":"https:\/\/www.herafisur.com\/?product=disco-d130-x-26-x-d16-z36-alt#primaryimage"},"thumbnailUrl":"https:\/\/www.herafisur.com\/wp-content\/uploads\/2022\/09\/IMG_20220924_130615.jpg","datePublished":"2022-09-24T18:33:54+00:00","dateModified":"2022-12-10T18:14:36+00:00","description":"Ferreter\u00eda, discos, cuchillas, sierras, escuadras, portaestantes, sacos aspiraci\u00f3n, punta atornillar, tornillos, Bosch, Disco D130 eje d16 Z36","breadcrumb":{"@id":"https:\/\/www.herafisur.com\/?product=disco-d130-x-26-x-d16-z36-alt#breadcrumb"},"inLanguage":"es","potentialAction":[{"@type":"ReadAction","target":["https:\/\/www.herafisur.com\/?product=disco-d130-x-26-x-d16-z36-alt"]}]},{"@type":"ImageObject","inLanguage":"es","@id":"https:\/\/www.herafisur.com\/?product=disco-d130-x-26-x-d16-z36-alt#primaryimage","url":"https:\/\/www.herafisur.com\/wp-content\/uploads\/2022\/09\/IMG_20220924_130615.jpg","contentUrl":"https:\/\/www.herafisur.com\/wp-content\/uploads\/2022\/09\/IMG_20220924_130615.jpg","width":720,"height":960},{"@type":"BreadcrumbList","@id":"https:\/\/www.herafisur.com\/?product=disco-d130-x-26-x-d16-z36-alt#breadcrumb","itemListElement":[{"@type":"ListItem","position":1,"name":"Portada","item":"https:\/\/www.herafisur.com\/"},{"@type":"ListItem","position":2,"name":"Tienda","item":"https:\/\/www.herafisur.com\/?page_id=14"},{"@type":"ListItem","position":3,"name":"Disco D130 x 2,6 x d16 Z36 Alt KLEIN Profesional"}]},{"@type":"WebSite","@id":"https:\/\/www.herafisur.com\/#website","url":"https:\/\/www.herafisur.com\/","name":"Herafisur, afilados, ferreter\u00eda, suministros, venta herramienta de corte","description":"Ferreter\u00eda, herramientas de corte, suministros industriales, afilado","publisher":{"@id":"https:\/\/www.herafisur.com\/#organization"},"potentialAction":[{"@type":"SearchAction","target":{"@type":"EntryPoint","urlTemplate":"https:\/\/www.herafisur.com\/?s={search_term_string}"},"query-input":{"@type":"PropertyValueSpecification","valueRequired":true,"valueName":"search_term_string"}}],"inLanguage":"es"},{"@type":"Organization","@id":"https:\/\/www.herafisur.com\/#organization","name":"Herramientas y Afilados del Sur SLL","url":"https:\/\/www.herafisur.com\/","logo":{"@type":"ImageObject","inLanguage":"es","@id":"https:\/\/www.herafisur.com\/#\/schema\/logo\/image\/","url":"https:\/\/www.herafisur.com\/wp-content\/uploads\/2017\/10\/Foto-logo.jpg","contentUrl":"https:\/\/www.herafisur.com\/wp-content\/uploads\/2017\/10\/Foto-logo.jpg","width":2560,"height":1440,"caption":"Herramientas y Afilados del Sur SLL"},"image":{"@id":"https:\/\/www.herafisur.com\/#\/schema\/logo\/image\/"}}]}},"_links":{"self":[{"href":"https:\/\/www.herafisur.com\/index.php?rest_route=\/wp\/v2\/product\/1641","targetHints":{"allow":["GET"]}}],"collection":[{"href":"https:\/\/www.herafisur.com\/index.php?rest_route=\/wp\/v2\/product"}],"about":[{"href":"https:\/\/www.herafisur.com\/index.php?rest_route=\/wp\/v2\/types\/product"}],"replies":[{"embeddable":true,"href":"https:\/\/www.herafisur.com\/index.php?rest_route=%2Fwp%2Fv2%2Fcomments&post=1641"}],"wp:featuredmedia":[{"embeddable":true,"href":"https:\/\/www.herafisur.com\/index.php?rest_route=\/wp\/v2\/media\/1645"}],"wp:attachment":[{"href":"https:\/\/www.herafisur.com\/index.php?rest_route=%2Fwp%2Fv2%2Fmedia&parent=1641"}],"wp:term":[{"taxonomy":"product_brand","embeddable":true,"href":"https:\/\/www.herafisur.com\/index.php?rest_route=%2Fwp%2Fv2%2Fproduct_brand&post=1641"},{"taxonomy":"product_cat","embeddable":true,"href":"https:\/\/www.herafisur.com\/index.php?rest_route=%2Fwp%2Fv2%2Fproduct_cat&post=1641"},{"taxonomy":"product_tag","embeddable":true,"href":"https:\/\/www.herafisur.com\/index.php?rest_route=%2Fwp%2Fv2%2Fproduct_tag&post=1641"}],"curies":[{"name":"wp","href":"https:\/\/api.w.org\/{rel}","templated":true}]}}