{"id":1668,"date":"2022-10-22T08:17:45","date_gmt":"2022-10-22T07:17:45","guid":{"rendered":"https:\/\/www.herafisur.com\/?post_type=product&#038;p=1668"},"modified":"2022-10-22T08:17:46","modified_gmt":"2022-10-22T07:17:46","slug":"juego-escobillas-para-atornillador-y-taladro-ryobi-esryobi0765j","status":"publish","type":"product","link":"https:\/\/www.herafisur.com\/?product=juego-escobillas-para-atornillador-y-taladro-ryobi-esryobi0765j","title":{"rendered":"Juego escobillas para Atornillador y Taladro Ryobi &#8211; ESRYOBI0765J"},"content":{"rendered":"<p>Juego escobillas para Atornilladores y Taladros Ryobi.<\/p>\n<p>Medidas: 6 x 8 x 11mm<\/p>\n<p>M\u00e1quinas:<\/p>\n<p>Atornillador: E3900, E3900A, E3900I, E4000A<\/p>\n<p>Taladro: D101SA, D130VR, PD1410AVR, PD191VRK, PD192VR, PD1956K, PD1960VR<\/p>\n<p>Taladro impacto: PD1956V, PD191VRK, E3910, E4000I<\/p>\n<p>Referencias Ryobi: 6540743, 6540747, 6541215<\/p>\n<p>Referencia del art\u00edculo: 0765J<\/p>\n","protected":false},"excerpt":{"rendered":"<p>Juego escobillas para Atornillador y Taladro Ryobi<\/p>\n","protected":false},"featured_media":1664,"comment_status":"closed","ping_status":"closed","template":"","meta":{"_et_pb_use_builder":"","_et_pb_old_content":"","_et_gb_content_width":""},"product_brand":[],"product_cat":[918],"product_tag":[1596,1597,1592,1593,1594,1604,1595,1605,1591,1550,1576,1598,1599,1600,1601,1603,1602,1207],"class_list":{"0":"post-1668","1":"product","2":"type-product","3":"status-publish","4":"has-post-thumbnail","6":"product_cat-escobillas-carbon-maquinas-portatiles","7":"product_tag-d101sa","8":"product_tag-d130vr","9":"product_tag-e3900","10":"product_tag-e3900a","11":"product_tag-e3900i","12":"product_tag-e3910","13":"product_tag-e4000a","14":"product_tag-e4000i","15":"product_tag-escobillas-atornillador-ryobi","16":"product_tag-escobillas-ryobi","17":"product_tag-escobillas-taladro-ryobi","18":"product_tag-pd1410avr","19":"product_tag-pd191vrk","20":"product_tag-pd192vr","21":"product_tag-pd1956k","22":"product_tag-pd1956v","23":"product_tag-pd1960vr","24":"product_tag-ryobi","26":"first","27":"instock","28":"shipping-taxable","29":"purchasable","30":"product-type-simple"},"yoast_head":"<!-- This site is optimized with the Yoast SEO plugin v27.6 - https:\/\/yoast.com\/product\/yoast-seo-wordpress\/ -->\n<title>Juego escobillas para Atornillador y Taladro Ryobi - ESRYOBI0765J - Herafisur, ferreter\u00eda, suministros, venta herramienta de corte, afilados<\/title>\n<meta name=\"description\" content=\"Ferreter\u00eda, discos, cuchillas, sierras, escuadras, portaestantes, sacos aspiraci\u00f3n, punta atornillar, tornillos, Bosch, escobillas Ryobi atornillador y taladro\" \/>\n<meta name=\"robots\" content=\"index, follow, max-snippet:-1, max-image-preview:large, max-video-preview:-1\" \/>\n<link rel=\"canonical\" href=\"https:\/\/www.herafisur.com\/?product=juego-escobillas-para-atornillador-y-taladro-ryobi-esryobi0765j\" \/>\n<meta property=\"og:locale\" content=\"es_ES\" \/>\n<meta property=\"og:type\" content=\"article\" \/>\n<meta property=\"og:title\" content=\"Juego escobillas para Atornillador y Taladro Ryobi - ESRYOBI0765J - Herafisur, ferreter\u00eda, suministros, venta herramienta de corte, afilados\" \/>\n<meta property=\"og:description\" content=\"Ferreter\u00eda, discos, cuchillas, sierras, escuadras, portaestantes, sacos aspiraci\u00f3n, punta atornillar, tornillos, Bosch, escobillas Ryobi atornillador y taladro\" \/>\n<meta property=\"og:url\" content=\"https:\/\/www.herafisur.com\/?product=juego-escobillas-para-atornillador-y-taladro-ryobi-esryobi0765j\" \/>\n<meta property=\"og:site_name\" content=\"Herafisur, ferreter\u00eda, suministros, venta herramienta de corte, afilados\" \/>\n<meta property=\"article:modified_time\" content=\"2022-10-22T07:17:46+00:00\" \/>\n<meta property=\"og:image\" content=\"https:\/\/www.herafisur.com\/wp-content\/uploads\/2022\/10\/Escobillas-Ryobi-5-modelos-scaled.jpg\" \/>\n\t<meta property=\"og:image:width\" content=\"2560\" \/>\n\t<meta property=\"og:image:height\" content=\"1928\" \/>\n\t<meta property=\"og:image:type\" content=\"image\/jpeg\" \/>\n<meta name=\"twitter:card\" content=\"summary_large_image\" \/>\n<meta name=\"twitter:label1\" content=\"Tiempo de lectura\" \/>\n\t<meta name=\"twitter:data1\" content=\"1 minuto\" \/>\n<script type=\"application\/ld+json\" class=\"yoast-schema-graph\">{\"@context\":\"https:\\\/\\\/schema.org\",\"@graph\":[{\"@type\":\"WebPage\",\"@id\":\"https:\\\/\\\/www.herafisur.com\\\/?product=juego-escobillas-para-atornillador-y-taladro-ryobi-esryobi0765j\",\"url\":\"https:\\\/\\\/www.herafisur.com\\\/?product=juego-escobillas-para-atornillador-y-taladro-ryobi-esryobi0765j\",\"name\":\"Juego escobillas para Atornillador y Taladro Ryobi - ESRYOBI0765J - Herafisur, ferreter\u00eda, suministros, venta herramienta de corte, afilados\",\"isPartOf\":{\"@id\":\"https:\\\/\\\/www.herafisur.com\\\/#website\"},\"primaryImageOfPage\":{\"@id\":\"https:\\\/\\\/www.herafisur.com\\\/?product=juego-escobillas-para-atornillador-y-taladro-ryobi-esryobi0765j#primaryimage\"},\"image\":{\"@id\":\"https:\\\/\\\/www.herafisur.com\\\/?product=juego-escobillas-para-atornillador-y-taladro-ryobi-esryobi0765j#primaryimage\"},\"thumbnailUrl\":\"https:\\\/\\\/www.herafisur.com\\\/wp-content\\\/uploads\\\/2022\\\/10\\\/Escobillas-Ryobi-5-modelos-scaled.jpg\",\"datePublished\":\"2022-10-22T07:17:45+00:00\",\"dateModified\":\"2022-10-22T07:17:46+00:00\",\"description\":\"Ferreter\u00eda, discos, cuchillas, sierras, escuadras, portaestantes, sacos aspiraci\u00f3n, punta atornillar, tornillos, Bosch, escobillas Ryobi atornillador y taladro\",\"breadcrumb\":{\"@id\":\"https:\\\/\\\/www.herafisur.com\\\/?product=juego-escobillas-para-atornillador-y-taladro-ryobi-esryobi0765j#breadcrumb\"},\"inLanguage\":\"es\",\"potentialAction\":[{\"@type\":\"ReadAction\",\"target\":[\"https:\\\/\\\/www.herafisur.com\\\/?product=juego-escobillas-para-atornillador-y-taladro-ryobi-esryobi0765j\"]}]},{\"@type\":\"ImageObject\",\"inLanguage\":\"es\",\"@id\":\"https:\\\/\\\/www.herafisur.com\\\/?product=juego-escobillas-para-atornillador-y-taladro-ryobi-esryobi0765j#primaryimage\",\"url\":\"https:\\\/\\\/www.herafisur.com\\\/wp-content\\\/uploads\\\/2022\\\/10\\\/Escobillas-Ryobi-5-modelos-scaled.jpg\",\"contentUrl\":\"https:\\\/\\\/www.herafisur.com\\\/wp-content\\\/uploads\\\/2022\\\/10\\\/Escobillas-Ryobi-5-modelos-scaled.jpg\",\"width\":2560,\"height\":1928},{\"@type\":\"BreadcrumbList\",\"@id\":\"https:\\\/\\\/www.herafisur.com\\\/?product=juego-escobillas-para-atornillador-y-taladro-ryobi-esryobi0765j#breadcrumb\",\"itemListElement\":[{\"@type\":\"ListItem\",\"position\":1,\"name\":\"Portada\",\"item\":\"https:\\\/\\\/www.herafisur.com\\\/\"},{\"@type\":\"ListItem\",\"position\":2,\"name\":\"Tienda\",\"item\":\"https:\\\/\\\/www.herafisur.com\\\/?page_id=14\"},{\"@type\":\"ListItem\",\"position\":3,\"name\":\"Juego escobillas para Atornillador y Taladro Ryobi &#8211; ESRYOBI0765J\"}]},{\"@type\":\"WebSite\",\"@id\":\"https:\\\/\\\/www.herafisur.com\\\/#website\",\"url\":\"https:\\\/\\\/www.herafisur.com\\\/\",\"name\":\"Herafisur, afilados, ferreter\u00eda, suministros, venta herramienta de corte\",\"description\":\"Ferreter\u00eda, herramientas de corte, suministros industriales, afilado\",\"publisher\":{\"@id\":\"https:\\\/\\\/www.herafisur.com\\\/#organization\"},\"potentialAction\":[{\"@type\":\"SearchAction\",\"target\":{\"@type\":\"EntryPoint\",\"urlTemplate\":\"https:\\\/\\\/www.herafisur.com\\\/?s={search_term_string}\"},\"query-input\":{\"@type\":\"PropertyValueSpecification\",\"valueRequired\":true,\"valueName\":\"search_term_string\"}}],\"inLanguage\":\"es\"},{\"@type\":\"Organization\",\"@id\":\"https:\\\/\\\/www.herafisur.com\\\/#organization\",\"name\":\"Herramientas y Afilados del Sur SLL\",\"url\":\"https:\\\/\\\/www.herafisur.com\\\/\",\"logo\":{\"@type\":\"ImageObject\",\"inLanguage\":\"es\",\"@id\":\"https:\\\/\\\/www.herafisur.com\\\/#\\\/schema\\\/logo\\\/image\\\/\",\"url\":\"https:\\\/\\\/www.herafisur.com\\\/wp-content\\\/uploads\\\/2017\\\/10\\\/Foto-logo.jpg\",\"contentUrl\":\"https:\\\/\\\/www.herafisur.com\\\/wp-content\\\/uploads\\\/2017\\\/10\\\/Foto-logo.jpg\",\"width\":2560,\"height\":1440,\"caption\":\"Herramientas y Afilados del Sur SLL\"},\"image\":{\"@id\":\"https:\\\/\\\/www.herafisur.com\\\/#\\\/schema\\\/logo\\\/image\\\/\"}}]}<\/script>\n<!-- \/ Yoast SEO plugin. -->","yoast_head_json":{"title":"Juego escobillas para Atornillador y Taladro Ryobi - ESRYOBI0765J - Herafisur, ferreter\u00eda, suministros, venta herramienta de corte, afilados","description":"Ferreter\u00eda, discos, cuchillas, sierras, escuadras, portaestantes, sacos aspiraci\u00f3n, punta atornillar, tornillos, Bosch, escobillas Ryobi atornillador y taladro","robots":{"index":"index","follow":"follow","max-snippet":"max-snippet:-1","max-image-preview":"max-image-preview:large","max-video-preview":"max-video-preview:-1"},"canonical":"https:\/\/www.herafisur.com\/?product=juego-escobillas-para-atornillador-y-taladro-ryobi-esryobi0765j","og_locale":"es_ES","og_type":"article","og_title":"Juego escobillas para Atornillador y Taladro Ryobi - ESRYOBI0765J - Herafisur, ferreter\u00eda, suministros, venta herramienta de corte, afilados","og_description":"Ferreter\u00eda, discos, cuchillas, sierras, escuadras, portaestantes, sacos aspiraci\u00f3n, punta atornillar, tornillos, Bosch, escobillas Ryobi atornillador y taladro","og_url":"https:\/\/www.herafisur.com\/?product=juego-escobillas-para-atornillador-y-taladro-ryobi-esryobi0765j","og_site_name":"Herafisur, ferreter\u00eda, suministros, venta herramienta de corte, afilados","article_modified_time":"2022-10-22T07:17:46+00:00","og_image":[{"width":2560,"height":1928,"url":"https:\/\/www.herafisur.com\/wp-content\/uploads\/2022\/10\/Escobillas-Ryobi-5-modelos-scaled.jpg","type":"image\/jpeg"}],"twitter_card":"summary_large_image","twitter_misc":{"Tiempo de lectura":"1 minuto"},"schema":{"@context":"https:\/\/schema.org","@graph":[{"@type":"WebPage","@id":"https:\/\/www.herafisur.com\/?product=juego-escobillas-para-atornillador-y-taladro-ryobi-esryobi0765j","url":"https:\/\/www.herafisur.com\/?product=juego-escobillas-para-atornillador-y-taladro-ryobi-esryobi0765j","name":"Juego escobillas para Atornillador y Taladro Ryobi - ESRYOBI0765J - Herafisur, ferreter\u00eda, suministros, venta herramienta de corte, afilados","isPartOf":{"@id":"https:\/\/www.herafisur.com\/#website"},"primaryImageOfPage":{"@id":"https:\/\/www.herafisur.com\/?product=juego-escobillas-para-atornillador-y-taladro-ryobi-esryobi0765j#primaryimage"},"image":{"@id":"https:\/\/www.herafisur.com\/?product=juego-escobillas-para-atornillador-y-taladro-ryobi-esryobi0765j#primaryimage"},"thumbnailUrl":"https:\/\/www.herafisur.com\/wp-content\/uploads\/2022\/10\/Escobillas-Ryobi-5-modelos-scaled.jpg","datePublished":"2022-10-22T07:17:45+00:00","dateModified":"2022-10-22T07:17:46+00:00","description":"Ferreter\u00eda, discos, cuchillas, sierras, escuadras, portaestantes, sacos aspiraci\u00f3n, punta atornillar, tornillos, Bosch, escobillas Ryobi atornillador y taladro","breadcrumb":{"@id":"https:\/\/www.herafisur.com\/?product=juego-escobillas-para-atornillador-y-taladro-ryobi-esryobi0765j#breadcrumb"},"inLanguage":"es","potentialAction":[{"@type":"ReadAction","target":["https:\/\/www.herafisur.com\/?product=juego-escobillas-para-atornillador-y-taladro-ryobi-esryobi0765j"]}]},{"@type":"ImageObject","inLanguage":"es","@id":"https:\/\/www.herafisur.com\/?product=juego-escobillas-para-atornillador-y-taladro-ryobi-esryobi0765j#primaryimage","url":"https:\/\/www.herafisur.com\/wp-content\/uploads\/2022\/10\/Escobillas-Ryobi-5-modelos-scaled.jpg","contentUrl":"https:\/\/www.herafisur.com\/wp-content\/uploads\/2022\/10\/Escobillas-Ryobi-5-modelos-scaled.jpg","width":2560,"height":1928},{"@type":"BreadcrumbList","@id":"https:\/\/www.herafisur.com\/?product=juego-escobillas-para-atornillador-y-taladro-ryobi-esryobi0765j#breadcrumb","itemListElement":[{"@type":"ListItem","position":1,"name":"Portada","item":"https:\/\/www.herafisur.com\/"},{"@type":"ListItem","position":2,"name":"Tienda","item":"https:\/\/www.herafisur.com\/?page_id=14"},{"@type":"ListItem","position":3,"name":"Juego escobillas para Atornillador y Taladro Ryobi &#8211; ESRYOBI0765J"}]},{"@type":"WebSite","@id":"https:\/\/www.herafisur.com\/#website","url":"https:\/\/www.herafisur.com\/","name":"Herafisur, afilados, ferreter\u00eda, suministros, venta herramienta de corte","description":"Ferreter\u00eda, herramientas de corte, suministros industriales, afilado","publisher":{"@id":"https:\/\/www.herafisur.com\/#organization"},"potentialAction":[{"@type":"SearchAction","target":{"@type":"EntryPoint","urlTemplate":"https:\/\/www.herafisur.com\/?s={search_term_string}"},"query-input":{"@type":"PropertyValueSpecification","valueRequired":true,"valueName":"search_term_string"}}],"inLanguage":"es"},{"@type":"Organization","@id":"https:\/\/www.herafisur.com\/#organization","name":"Herramientas y Afilados del Sur SLL","url":"https:\/\/www.herafisur.com\/","logo":{"@type":"ImageObject","inLanguage":"es","@id":"https:\/\/www.herafisur.com\/#\/schema\/logo\/image\/","url":"https:\/\/www.herafisur.com\/wp-content\/uploads\/2017\/10\/Foto-logo.jpg","contentUrl":"https:\/\/www.herafisur.com\/wp-content\/uploads\/2017\/10\/Foto-logo.jpg","width":2560,"height":1440,"caption":"Herramientas y Afilados del Sur SLL"},"image":{"@id":"https:\/\/www.herafisur.com\/#\/schema\/logo\/image\/"}}]}},"_links":{"self":[{"href":"https:\/\/www.herafisur.com\/index.php?rest_route=\/wp\/v2\/product\/1668","targetHints":{"allow":["GET"]}}],"collection":[{"href":"https:\/\/www.herafisur.com\/index.php?rest_route=\/wp\/v2\/product"}],"about":[{"href":"https:\/\/www.herafisur.com\/index.php?rest_route=\/wp\/v2\/types\/product"}],"replies":[{"embeddable":true,"href":"https:\/\/www.herafisur.com\/index.php?rest_route=%2Fwp%2Fv2%2Fcomments&post=1668"}],"wp:featuredmedia":[{"embeddable":true,"href":"https:\/\/www.herafisur.com\/index.php?rest_route=\/wp\/v2\/media\/1664"}],"wp:attachment":[{"href":"https:\/\/www.herafisur.com\/index.php?rest_route=%2Fwp%2Fv2%2Fmedia&parent=1668"}],"wp:term":[{"taxonomy":"product_brand","embeddable":true,"href":"https:\/\/www.herafisur.com\/index.php?rest_route=%2Fwp%2Fv2%2Fproduct_brand&post=1668"},{"taxonomy":"product_cat","embeddable":true,"href":"https:\/\/www.herafisur.com\/index.php?rest_route=%2Fwp%2Fv2%2Fproduct_cat&post=1668"},{"taxonomy":"product_tag","embeddable":true,"href":"https:\/\/www.herafisur.com\/index.php?rest_route=%2Fwp%2Fv2%2Fproduct_tag&post=1668"}],"curies":[{"name":"wp","href":"https:\/\/api.w.org\/{rel}","templated":true}]}}