{"id":2024,"date":"2024-03-03T19:30:07","date_gmt":"2024-03-03T18:30:07","guid":{"rendered":"https:\/\/www.herafisur.com\/?post_type=product&#038;p=2024"},"modified":"2024-03-03T19:36:27","modified_gmt":"2024-03-03T18:36:27","slug":"fresa-mango-placas-diamante-para-tablero-compacto-fenolico-hpl-d12","status":"publish","type":"product","link":"https:\/\/www.herafisur.com\/?product=fresa-mango-placas-diamante-para-tablero-compacto-fenolico-hpl-d12","title":{"rendered":"Fresa mango placas diamante para tablero compacto fen\u00f3lico HPL D12"},"content":{"rendered":"<p>Fresa mango placas de diamante para tablero compacto fen\u00f3lico HPL.<\/p>\n<p>Con medidas D12mm longitud de corte 25mm longitud total 70mm con mango di\u00e1metro 12mm, 2 placas de diamante policristalino PCD, una con \u00e1ngulo axial positivo y otra con \u00e1ngulo axial negativo m\u00e1s corte frontal para poder taladrar. Cuerpo en Metal Duro para darle m\u00e1s fuerza de trabajo y resistencia al esfuerzo.<\/p>\n<p>La fabricaci\u00f3n en \u00e1ngulo axial positivo y negativo consigue dejar con buen acabado ambas caras del tablero.<\/p>\n<p>Con esta fresa se puede taladrar, perfilar exterior, perfilar interior como realizar corte de tableros estilo NESTING.<\/p>\n<p>D12 x 25 x 70 S:D12mm Z2 + 1 positivo\/negativo.<\/p>\n<p>Para trabajar en fresadora manual y m\u00e1quinas CNC.<\/p>\n<p>Herramienta en OFERTA.<\/p>\n","protected":false},"excerpt":{"rendered":"<p>Fresa mango diamante para tablero compacto fen\u00f3lico HPL Di\u00e1metro 12mm<\/p>\n","protected":false},"featured_media":2025,"comment_status":"closed","ping_status":"closed","template":"","meta":{"_et_pb_use_builder":"","_et_pb_old_content":"","_et_gb_content_width":""},"product_brand":[],"product_cat":[1904,113],"product_tag":[1911,531,1919,1920,1912,1690,1913,1917,1916,1915,1914,1910,1918],"class_list":{"0":"post-2024","1":"product","2":"type-product","3":"status-publish","4":"has-post-thumbnail","6":"product_cat-fresa-de-corte-con-placa-de-diamante-pcd","7":"product_cat-oferta","8":"product_tag-compacto","9":"product_tag-corte-de-tablero","10":"product_tag-corte-en-nesting","11":"product_tag-corte-nesting","12":"product_tag-diamante","13":"product_tag-fenolico","14":"product_tag-fresa-diamante","15":"product_tag-fresa-diamante-para-compacto","16":"product_tag-fresa-diamante-para-hpl","17":"product_tag-fresa-para-compacto","18":"product_tag-fresa-para-hpl","19":"product_tag-hpl","20":"product_tag-nesting","22":"first","23":"instock","24":"shipping-taxable","25":"purchasable","26":"product-type-simple"},"yoast_head":"<!-- This site is optimized with the Yoast SEO plugin v27.6 - https:\/\/yoast.com\/product\/yoast-seo-wordpress\/ -->\n<title>Fresa mango placas diamante para tablero compacto fen\u00f3lico HPL D12 - Herafisur, ferreter\u00eda, suministros, venta herramienta de corte, afilados<\/title>\n<meta name=\"description\" content=\"Ferreter\u00eda, discos, cuchillas, sierras, escuadras, portaestantes, sacos aspiraci\u00f3n, punta atornillar, tornillos, Bosch, fresa diamante tablero compacto fen\u00f3lico HPL\" \/>\n<meta name=\"robots\" content=\"index, follow, max-snippet:-1, max-image-preview:large, max-video-preview:-1\" \/>\n<link rel=\"canonical\" href=\"https:\/\/www.herafisur.com\/?product=fresa-mango-placas-diamante-para-tablero-compacto-fenolico-hpl-d12\" \/>\n<meta property=\"og:locale\" content=\"es_ES\" \/>\n<meta property=\"og:type\" content=\"article\" \/>\n<meta property=\"og:title\" content=\"Fresa mango placas diamante para tablero compacto fen\u00f3lico HPL D12 - Herafisur, ferreter\u00eda, suministros, venta herramienta de corte, afilados\" \/>\n<meta property=\"og:description\" content=\"Ferreter\u00eda, discos, cuchillas, sierras, escuadras, portaestantes, sacos aspiraci\u00f3n, punta atornillar, tornillos, Bosch, fresa diamante tablero compacto fen\u00f3lico HPL\" \/>\n<meta property=\"og:url\" content=\"https:\/\/www.herafisur.com\/?product=fresa-mango-placas-diamante-para-tablero-compacto-fenolico-hpl-d12\" \/>\n<meta property=\"og:site_name\" content=\"Herafisur, ferreter\u00eda, suministros, venta herramienta de corte, afilados\" \/>\n<meta property=\"article:modified_time\" content=\"2024-03-03T18:36:27+00:00\" \/>\n<meta property=\"og:image\" content=\"https:\/\/www.herafisur.com\/wp-content\/uploads\/2024\/03\/Fresa-Nesting-D12-x-25-Z1-1-Pos-Neg-PCD.jpg\" \/>\n\t<meta property=\"og:image:width\" content=\"2471\" \/>\n\t<meta property=\"og:image:height\" content=\"1127\" \/>\n\t<meta property=\"og:image:type\" content=\"image\/jpeg\" \/>\n<meta name=\"twitter:card\" content=\"summary_large_image\" \/>\n<meta name=\"twitter:label1\" content=\"Tiempo de lectura\" \/>\n\t<meta name=\"twitter:data1\" content=\"1 minuto\" \/>\n<script type=\"application\/ld+json\" class=\"yoast-schema-graph\">{\"@context\":\"https:\\\/\\\/schema.org\",\"@graph\":[{\"@type\":\"WebPage\",\"@id\":\"https:\\\/\\\/www.herafisur.com\\\/?product=fresa-mango-placas-diamante-para-tablero-compacto-fenolico-hpl-d12\",\"url\":\"https:\\\/\\\/www.herafisur.com\\\/?product=fresa-mango-placas-diamante-para-tablero-compacto-fenolico-hpl-d12\",\"name\":\"Fresa mango placas diamante para tablero compacto fen\u00f3lico HPL D12 - Herafisur, ferreter\u00eda, suministros, venta herramienta de corte, afilados\",\"isPartOf\":{\"@id\":\"https:\\\/\\\/www.herafisur.com\\\/#website\"},\"primaryImageOfPage\":{\"@id\":\"https:\\\/\\\/www.herafisur.com\\\/?product=fresa-mango-placas-diamante-para-tablero-compacto-fenolico-hpl-d12#primaryimage\"},\"image\":{\"@id\":\"https:\\\/\\\/www.herafisur.com\\\/?product=fresa-mango-placas-diamante-para-tablero-compacto-fenolico-hpl-d12#primaryimage\"},\"thumbnailUrl\":\"https:\\\/\\\/www.herafisur.com\\\/wp-content\\\/uploads\\\/2024\\\/03\\\/Fresa-Nesting-D12-x-25-Z1-1-Pos-Neg-PCD.jpg\",\"datePublished\":\"2024-03-03T18:30:07+00:00\",\"dateModified\":\"2024-03-03T18:36:27+00:00\",\"description\":\"Ferreter\u00eda, discos, cuchillas, sierras, escuadras, portaestantes, sacos aspiraci\u00f3n, punta atornillar, tornillos, Bosch, fresa diamante tablero compacto fen\u00f3lico HPL\",\"breadcrumb\":{\"@id\":\"https:\\\/\\\/www.herafisur.com\\\/?product=fresa-mango-placas-diamante-para-tablero-compacto-fenolico-hpl-d12#breadcrumb\"},\"inLanguage\":\"es\",\"potentialAction\":[{\"@type\":\"ReadAction\",\"target\":[\"https:\\\/\\\/www.herafisur.com\\\/?product=fresa-mango-placas-diamante-para-tablero-compacto-fenolico-hpl-d12\"]}]},{\"@type\":\"ImageObject\",\"inLanguage\":\"es\",\"@id\":\"https:\\\/\\\/www.herafisur.com\\\/?product=fresa-mango-placas-diamante-para-tablero-compacto-fenolico-hpl-d12#primaryimage\",\"url\":\"https:\\\/\\\/www.herafisur.com\\\/wp-content\\\/uploads\\\/2024\\\/03\\\/Fresa-Nesting-D12-x-25-Z1-1-Pos-Neg-PCD.jpg\",\"contentUrl\":\"https:\\\/\\\/www.herafisur.com\\\/wp-content\\\/uploads\\\/2024\\\/03\\\/Fresa-Nesting-D12-x-25-Z1-1-Pos-Neg-PCD.jpg\",\"width\":2471,\"height\":1127},{\"@type\":\"BreadcrumbList\",\"@id\":\"https:\\\/\\\/www.herafisur.com\\\/?product=fresa-mango-placas-diamante-para-tablero-compacto-fenolico-hpl-d12#breadcrumb\",\"itemListElement\":[{\"@type\":\"ListItem\",\"position\":1,\"name\":\"Portada\",\"item\":\"https:\\\/\\\/www.herafisur.com\\\/\"},{\"@type\":\"ListItem\",\"position\":2,\"name\":\"Tienda\",\"item\":\"https:\\\/\\\/www.herafisur.com\\\/?page_id=14\"},{\"@type\":\"ListItem\",\"position\":3,\"name\":\"Fresa mango placas diamante para tablero compacto fen\u00f3lico HPL D12\"}]},{\"@type\":\"WebSite\",\"@id\":\"https:\\\/\\\/www.herafisur.com\\\/#website\",\"url\":\"https:\\\/\\\/www.herafisur.com\\\/\",\"name\":\"Herafisur, afilados, ferreter\u00eda, suministros, venta herramienta de corte\",\"description\":\"Ferreter\u00eda, herramientas de corte, suministros industriales, afilado\",\"publisher\":{\"@id\":\"https:\\\/\\\/www.herafisur.com\\\/#organization\"},\"potentialAction\":[{\"@type\":\"SearchAction\",\"target\":{\"@type\":\"EntryPoint\",\"urlTemplate\":\"https:\\\/\\\/www.herafisur.com\\\/?s={search_term_string}\"},\"query-input\":{\"@type\":\"PropertyValueSpecification\",\"valueRequired\":true,\"valueName\":\"search_term_string\"}}],\"inLanguage\":\"es\"},{\"@type\":\"Organization\",\"@id\":\"https:\\\/\\\/www.herafisur.com\\\/#organization\",\"name\":\"Herramientas y Afilados del Sur SLL\",\"url\":\"https:\\\/\\\/www.herafisur.com\\\/\",\"logo\":{\"@type\":\"ImageObject\",\"inLanguage\":\"es\",\"@id\":\"https:\\\/\\\/www.herafisur.com\\\/#\\\/schema\\\/logo\\\/image\\\/\",\"url\":\"https:\\\/\\\/www.herafisur.com\\\/wp-content\\\/uploads\\\/2017\\\/10\\\/Foto-logo.jpg\",\"contentUrl\":\"https:\\\/\\\/www.herafisur.com\\\/wp-content\\\/uploads\\\/2017\\\/10\\\/Foto-logo.jpg\",\"width\":2560,\"height\":1440,\"caption\":\"Herramientas y Afilados del Sur SLL\"},\"image\":{\"@id\":\"https:\\\/\\\/www.herafisur.com\\\/#\\\/schema\\\/logo\\\/image\\\/\"}}]}<\/script>\n<!-- \/ Yoast SEO plugin. -->","yoast_head_json":{"title":"Fresa mango placas diamante para tablero compacto fen\u00f3lico HPL D12 - Herafisur, ferreter\u00eda, suministros, venta herramienta de corte, afilados","description":"Ferreter\u00eda, discos, cuchillas, sierras, escuadras, portaestantes, sacos aspiraci\u00f3n, punta atornillar, tornillos, Bosch, fresa diamante tablero compacto fen\u00f3lico HPL","robots":{"index":"index","follow":"follow","max-snippet":"max-snippet:-1","max-image-preview":"max-image-preview:large","max-video-preview":"max-video-preview:-1"},"canonical":"https:\/\/www.herafisur.com\/?product=fresa-mango-placas-diamante-para-tablero-compacto-fenolico-hpl-d12","og_locale":"es_ES","og_type":"article","og_title":"Fresa mango placas diamante para tablero compacto fen\u00f3lico HPL D12 - Herafisur, ferreter\u00eda, suministros, venta herramienta de corte, afilados","og_description":"Ferreter\u00eda, discos, cuchillas, sierras, escuadras, portaestantes, sacos aspiraci\u00f3n, punta atornillar, tornillos, Bosch, fresa diamante tablero compacto fen\u00f3lico HPL","og_url":"https:\/\/www.herafisur.com\/?product=fresa-mango-placas-diamante-para-tablero-compacto-fenolico-hpl-d12","og_site_name":"Herafisur, ferreter\u00eda, suministros, venta herramienta de corte, afilados","article_modified_time":"2024-03-03T18:36:27+00:00","og_image":[{"width":2471,"height":1127,"url":"https:\/\/www.herafisur.com\/wp-content\/uploads\/2024\/03\/Fresa-Nesting-D12-x-25-Z1-1-Pos-Neg-PCD.jpg","type":"image\/jpeg"}],"twitter_card":"summary_large_image","twitter_misc":{"Tiempo de lectura":"1 minuto"},"schema":{"@context":"https:\/\/schema.org","@graph":[{"@type":"WebPage","@id":"https:\/\/www.herafisur.com\/?product=fresa-mango-placas-diamante-para-tablero-compacto-fenolico-hpl-d12","url":"https:\/\/www.herafisur.com\/?product=fresa-mango-placas-diamante-para-tablero-compacto-fenolico-hpl-d12","name":"Fresa mango placas diamante para tablero compacto fen\u00f3lico HPL D12 - Herafisur, ferreter\u00eda, suministros, venta herramienta de corte, afilados","isPartOf":{"@id":"https:\/\/www.herafisur.com\/#website"},"primaryImageOfPage":{"@id":"https:\/\/www.herafisur.com\/?product=fresa-mango-placas-diamante-para-tablero-compacto-fenolico-hpl-d12#primaryimage"},"image":{"@id":"https:\/\/www.herafisur.com\/?product=fresa-mango-placas-diamante-para-tablero-compacto-fenolico-hpl-d12#primaryimage"},"thumbnailUrl":"https:\/\/www.herafisur.com\/wp-content\/uploads\/2024\/03\/Fresa-Nesting-D12-x-25-Z1-1-Pos-Neg-PCD.jpg","datePublished":"2024-03-03T18:30:07+00:00","dateModified":"2024-03-03T18:36:27+00:00","description":"Ferreter\u00eda, discos, cuchillas, sierras, escuadras, portaestantes, sacos aspiraci\u00f3n, punta atornillar, tornillos, Bosch, fresa diamante tablero compacto fen\u00f3lico HPL","breadcrumb":{"@id":"https:\/\/www.herafisur.com\/?product=fresa-mango-placas-diamante-para-tablero-compacto-fenolico-hpl-d12#breadcrumb"},"inLanguage":"es","potentialAction":[{"@type":"ReadAction","target":["https:\/\/www.herafisur.com\/?product=fresa-mango-placas-diamante-para-tablero-compacto-fenolico-hpl-d12"]}]},{"@type":"ImageObject","inLanguage":"es","@id":"https:\/\/www.herafisur.com\/?product=fresa-mango-placas-diamante-para-tablero-compacto-fenolico-hpl-d12#primaryimage","url":"https:\/\/www.herafisur.com\/wp-content\/uploads\/2024\/03\/Fresa-Nesting-D12-x-25-Z1-1-Pos-Neg-PCD.jpg","contentUrl":"https:\/\/www.herafisur.com\/wp-content\/uploads\/2024\/03\/Fresa-Nesting-D12-x-25-Z1-1-Pos-Neg-PCD.jpg","width":2471,"height":1127},{"@type":"BreadcrumbList","@id":"https:\/\/www.herafisur.com\/?product=fresa-mango-placas-diamante-para-tablero-compacto-fenolico-hpl-d12#breadcrumb","itemListElement":[{"@type":"ListItem","position":1,"name":"Portada","item":"https:\/\/www.herafisur.com\/"},{"@type":"ListItem","position":2,"name":"Tienda","item":"https:\/\/www.herafisur.com\/?page_id=14"},{"@type":"ListItem","position":3,"name":"Fresa mango placas diamante para tablero compacto fen\u00f3lico HPL D12"}]},{"@type":"WebSite","@id":"https:\/\/www.herafisur.com\/#website","url":"https:\/\/www.herafisur.com\/","name":"Herafisur, afilados, ferreter\u00eda, suministros, venta herramienta de corte","description":"Ferreter\u00eda, herramientas de corte, suministros industriales, afilado","publisher":{"@id":"https:\/\/www.herafisur.com\/#organization"},"potentialAction":[{"@type":"SearchAction","target":{"@type":"EntryPoint","urlTemplate":"https:\/\/www.herafisur.com\/?s={search_term_string}"},"query-input":{"@type":"PropertyValueSpecification","valueRequired":true,"valueName":"search_term_string"}}],"inLanguage":"es"},{"@type":"Organization","@id":"https:\/\/www.herafisur.com\/#organization","name":"Herramientas y Afilados del Sur SLL","url":"https:\/\/www.herafisur.com\/","logo":{"@type":"ImageObject","inLanguage":"es","@id":"https:\/\/www.herafisur.com\/#\/schema\/logo\/image\/","url":"https:\/\/www.herafisur.com\/wp-content\/uploads\/2017\/10\/Foto-logo.jpg","contentUrl":"https:\/\/www.herafisur.com\/wp-content\/uploads\/2017\/10\/Foto-logo.jpg","width":2560,"height":1440,"caption":"Herramientas y Afilados del Sur SLL"},"image":{"@id":"https:\/\/www.herafisur.com\/#\/schema\/logo\/image\/"}}]}},"_links":{"self":[{"href":"https:\/\/www.herafisur.com\/index.php?rest_route=\/wp\/v2\/product\/2024","targetHints":{"allow":["GET"]}}],"collection":[{"href":"https:\/\/www.herafisur.com\/index.php?rest_route=\/wp\/v2\/product"}],"about":[{"href":"https:\/\/www.herafisur.com\/index.php?rest_route=\/wp\/v2\/types\/product"}],"replies":[{"embeddable":true,"href":"https:\/\/www.herafisur.com\/index.php?rest_route=%2Fwp%2Fv2%2Fcomments&post=2024"}],"wp:featuredmedia":[{"embeddable":true,"href":"https:\/\/www.herafisur.com\/index.php?rest_route=\/wp\/v2\/media\/2025"}],"wp:attachment":[{"href":"https:\/\/www.herafisur.com\/index.php?rest_route=%2Fwp%2Fv2%2Fmedia&parent=2024"}],"wp:term":[{"taxonomy":"product_brand","embeddable":true,"href":"https:\/\/www.herafisur.com\/index.php?rest_route=%2Fwp%2Fv2%2Fproduct_brand&post=2024"},{"taxonomy":"product_cat","embeddable":true,"href":"https:\/\/www.herafisur.com\/index.php?rest_route=%2Fwp%2Fv2%2Fproduct_cat&post=2024"},{"taxonomy":"product_tag","embeddable":true,"href":"https:\/\/www.herafisur.com\/index.php?rest_route=%2Fwp%2Fv2%2Fproduct_tag&post=2024"}],"curies":[{"name":"wp","href":"https:\/\/api.w.org\/{rel}","templated":true}]}}