{"id":219,"date":"2016-05-02T15:14:12","date_gmt":"2016-05-02T14:14:12","guid":{"rendered":"http:\/\/www.herafisur.com\/?post_type=product&#038;p=219"},"modified":"2024-11-09T13:23:41","modified_gmt":"2024-11-09T12:23:41","slug":"disco-d160x3222xd30-z40-tp-multimaterial","status":"publish","type":"product","link":"https:\/\/www.herafisur.com\/?product=disco-d160x3222xd30-z40-tp-multimaterial","title":{"rendered":"Disco D160 x 2,2\/1,6 x d20 Z40 TP Multimaterial &#8211; 01940"},"content":{"rendered":"<p>Disco de di\u00e1metro 160mm, eje 20mm y corte 2,2mm, 40 dientes Carburo de Tungsteno (MD &#8211; Widia) este disco es llamado multimaterial porque es utilizado principalmente en sierras circulares para el corte de aluminio, pero por sus caracter\u00edsticas podemos cortar tambi\u00e9n tablero chapado, tarima, parquet, PVC.<br \/>\nPrecio iva incluido<\/p>\n","protected":false},"excerpt":{"rendered":"<p>Disco D160 Multimaterial, para el corte de Aluminio, PVC, Tablero, Melamina, Tarima, Parquet.<\/p>\n","protected":false},"featured_media":259,"comment_status":"open","ping_status":"closed","template":"","meta":{"_et_pb_use_builder":"","_et_pb_old_content":"","_et_gb_content_width":""},"product_brand":[],"product_cat":[22],"product_tag":[93,32,96,95,288,290,291,94,289,98,97],"class_list":{"0":"post-219","1":"product","2":"type-product","3":"status-publish","4":"has-post-thumbnail","6":"product_cat-discos-maquinas-portatiles","7":"product_tag-disco-160","8":"product_tag-disco-corte-aluminio","9":"product_tag-disco-corte-parquet","10":"product_tag-disco-corte-tarima","11":"product_tag-disco-multimaterial","12":"product_tag-disco-parque","13":"product_tag-disco-parquet","14":"product_tag-disco-sierra-circular","15":"product_tag-disco-tarima","16":"product_tag-parquet","17":"product_tag-tarima","19":"first","20":"instock","21":"shipping-taxable","22":"purchasable","23":"product-type-simple"},"yoast_head":"<!-- This site is optimized with the Yoast SEO plugin v27.6 - https:\/\/yoast.com\/product\/yoast-seo-wordpress\/ -->\n<title>Disco D160 x 2,2\/1,6 x d20 Z40 TP Multimaterial - 01940 - Herafisur, ferreter\u00eda, suministros, venta herramienta de corte, afilados<\/title>\n<meta name=\"description\" content=\"Ferreter\u00eda, discos, cuchillas, sierras, escuadras, portaestantes, sacos aspiraci\u00f3n, punta atornillar, tornillos, Bosch, disco corte multimateriales\" \/>\n<meta name=\"robots\" content=\"index, follow, max-snippet:-1, max-image-preview:large, max-video-preview:-1\" \/>\n<link rel=\"canonical\" href=\"https:\/\/www.herafisur.com\/?product=disco-d160x3222xd30-z40-tp-multimaterial\" \/>\n<meta property=\"og:locale\" content=\"es_ES\" \/>\n<meta property=\"og:type\" content=\"article\" \/>\n<meta property=\"og:title\" content=\"Disco D160 x 2,2\/1,6 x d20 Z40 TP Multimaterial - 01940 - Herafisur, ferreter\u00eda, suministros, venta herramienta de corte, afilados\" \/>\n<meta property=\"og:description\" content=\"Ferreter\u00eda, discos, cuchillas, sierras, escuadras, portaestantes, sacos aspiraci\u00f3n, punta atornillar, tornillos, Bosch, disco corte multimateriales\" \/>\n<meta property=\"og:url\" content=\"https:\/\/www.herafisur.com\/?product=disco-d160x3222xd30-z40-tp-multimaterial\" \/>\n<meta property=\"og:site_name\" content=\"Herafisur, ferreter\u00eda, suministros, venta herramienta de corte, afilados\" \/>\n<meta property=\"article:modified_time\" content=\"2024-11-09T12:23:41+00:00\" \/>\n<meta property=\"og:image\" content=\"https:\/\/www.herafisur.com\/wp-content\/uploads\/2016\/05\/Disco-D160-Z40-TP-Multimaterial-JPG.jpg\" \/>\n\t<meta property=\"og:image:width\" content=\"2560\" \/>\n\t<meta property=\"og:image:height\" content=\"1440\" \/>\n\t<meta property=\"og:image:type\" content=\"image\/jpeg\" \/>\n<meta name=\"twitter:card\" content=\"summary_large_image\" \/>\n<meta name=\"twitter:label1\" content=\"Tiempo de lectura\" \/>\n\t<meta name=\"twitter:data1\" content=\"1 minuto\" \/>\n<script type=\"application\/ld+json\" class=\"yoast-schema-graph\">{\"@context\":\"https:\\\/\\\/schema.org\",\"@graph\":[{\"@type\":\"WebPage\",\"@id\":\"https:\\\/\\\/www.herafisur.com\\\/?product=disco-d160x3222xd30-z40-tp-multimaterial\",\"url\":\"https:\\\/\\\/www.herafisur.com\\\/?product=disco-d160x3222xd30-z40-tp-multimaterial\",\"name\":\"Disco D160 x 2,2\\\/1,6 x d20 Z40 TP Multimaterial - 01940 - Herafisur, ferreter\u00eda, suministros, venta herramienta de corte, afilados\",\"isPartOf\":{\"@id\":\"https:\\\/\\\/www.herafisur.com\\\/#website\"},\"primaryImageOfPage\":{\"@id\":\"https:\\\/\\\/www.herafisur.com\\\/?product=disco-d160x3222xd30-z40-tp-multimaterial#primaryimage\"},\"image\":{\"@id\":\"https:\\\/\\\/www.herafisur.com\\\/?product=disco-d160x3222xd30-z40-tp-multimaterial#primaryimage\"},\"thumbnailUrl\":\"https:\\\/\\\/www.herafisur.com\\\/wp-content\\\/uploads\\\/2016\\\/05\\\/Disco-D160-Z40-TP-Multimaterial-JPG.jpg\",\"datePublished\":\"2016-05-02T14:14:12+00:00\",\"dateModified\":\"2024-11-09T12:23:41+00:00\",\"description\":\"Ferreter\u00eda, discos, cuchillas, sierras, escuadras, portaestantes, sacos aspiraci\u00f3n, punta atornillar, tornillos, Bosch, disco corte multimateriales\",\"breadcrumb\":{\"@id\":\"https:\\\/\\\/www.herafisur.com\\\/?product=disco-d160x3222xd30-z40-tp-multimaterial#breadcrumb\"},\"inLanguage\":\"es\",\"potentialAction\":[{\"@type\":\"ReadAction\",\"target\":[\"https:\\\/\\\/www.herafisur.com\\\/?product=disco-d160x3222xd30-z40-tp-multimaterial\"]}]},{\"@type\":\"ImageObject\",\"inLanguage\":\"es\",\"@id\":\"https:\\\/\\\/www.herafisur.com\\\/?product=disco-d160x3222xd30-z40-tp-multimaterial#primaryimage\",\"url\":\"https:\\\/\\\/www.herafisur.com\\\/wp-content\\\/uploads\\\/2016\\\/05\\\/Disco-D160-Z40-TP-Multimaterial-JPG.jpg\",\"contentUrl\":\"https:\\\/\\\/www.herafisur.com\\\/wp-content\\\/uploads\\\/2016\\\/05\\\/Disco-D160-Z40-TP-Multimaterial-JPG.jpg\",\"width\":2560,\"height\":1440},{\"@type\":\"BreadcrumbList\",\"@id\":\"https:\\\/\\\/www.herafisur.com\\\/?product=disco-d160x3222xd30-z40-tp-multimaterial#breadcrumb\",\"itemListElement\":[{\"@type\":\"ListItem\",\"position\":1,\"name\":\"Portada\",\"item\":\"https:\\\/\\\/www.herafisur.com\\\/\"},{\"@type\":\"ListItem\",\"position\":2,\"name\":\"Tienda\",\"item\":\"https:\\\/\\\/www.herafisur.com\\\/?page_id=14\"},{\"@type\":\"ListItem\",\"position\":3,\"name\":\"Disco D160 x 2,2\\\/1,6 x d20 Z40 TP Multimaterial &#8211; 01940\"}]},{\"@type\":\"WebSite\",\"@id\":\"https:\\\/\\\/www.herafisur.com\\\/#website\",\"url\":\"https:\\\/\\\/www.herafisur.com\\\/\",\"name\":\"Herafisur, afilados, ferreter\u00eda, suministros, venta herramienta de corte\",\"description\":\"Ferreter\u00eda, herramientas de corte, suministros industriales, afilado\",\"publisher\":{\"@id\":\"https:\\\/\\\/www.herafisur.com\\\/#organization\"},\"potentialAction\":[{\"@type\":\"SearchAction\",\"target\":{\"@type\":\"EntryPoint\",\"urlTemplate\":\"https:\\\/\\\/www.herafisur.com\\\/?s={search_term_string}\"},\"query-input\":{\"@type\":\"PropertyValueSpecification\",\"valueRequired\":true,\"valueName\":\"search_term_string\"}}],\"inLanguage\":\"es\"},{\"@type\":\"Organization\",\"@id\":\"https:\\\/\\\/www.herafisur.com\\\/#organization\",\"name\":\"Herramientas y Afilados del Sur SLL\",\"url\":\"https:\\\/\\\/www.herafisur.com\\\/\",\"logo\":{\"@type\":\"ImageObject\",\"inLanguage\":\"es\",\"@id\":\"https:\\\/\\\/www.herafisur.com\\\/#\\\/schema\\\/logo\\\/image\\\/\",\"url\":\"https:\\\/\\\/www.herafisur.com\\\/wp-content\\\/uploads\\\/2017\\\/10\\\/Foto-logo.jpg\",\"contentUrl\":\"https:\\\/\\\/www.herafisur.com\\\/wp-content\\\/uploads\\\/2017\\\/10\\\/Foto-logo.jpg\",\"width\":2560,\"height\":1440,\"caption\":\"Herramientas y Afilados del Sur SLL\"},\"image\":{\"@id\":\"https:\\\/\\\/www.herafisur.com\\\/#\\\/schema\\\/logo\\\/image\\\/\"}}]}<\/script>\n<!-- \/ Yoast SEO plugin. -->","yoast_head_json":{"title":"Disco D160 x 2,2\/1,6 x d20 Z40 TP Multimaterial - 01940 - Herafisur, ferreter\u00eda, suministros, venta herramienta de corte, afilados","description":"Ferreter\u00eda, discos, cuchillas, sierras, escuadras, portaestantes, sacos aspiraci\u00f3n, punta atornillar, tornillos, Bosch, disco corte multimateriales","robots":{"index":"index","follow":"follow","max-snippet":"max-snippet:-1","max-image-preview":"max-image-preview:large","max-video-preview":"max-video-preview:-1"},"canonical":"https:\/\/www.herafisur.com\/?product=disco-d160x3222xd30-z40-tp-multimaterial","og_locale":"es_ES","og_type":"article","og_title":"Disco D160 x 2,2\/1,6 x d20 Z40 TP Multimaterial - 01940 - Herafisur, ferreter\u00eda, suministros, venta herramienta de corte, afilados","og_description":"Ferreter\u00eda, discos, cuchillas, sierras, escuadras, portaestantes, sacos aspiraci\u00f3n, punta atornillar, tornillos, Bosch, disco corte multimateriales","og_url":"https:\/\/www.herafisur.com\/?product=disco-d160x3222xd30-z40-tp-multimaterial","og_site_name":"Herafisur, ferreter\u00eda, suministros, venta herramienta de corte, afilados","article_modified_time":"2024-11-09T12:23:41+00:00","og_image":[{"width":2560,"height":1440,"url":"https:\/\/www.herafisur.com\/wp-content\/uploads\/2016\/05\/Disco-D160-Z40-TP-Multimaterial-JPG.jpg","type":"image\/jpeg"}],"twitter_card":"summary_large_image","twitter_misc":{"Tiempo de lectura":"1 minuto"},"schema":{"@context":"https:\/\/schema.org","@graph":[{"@type":"WebPage","@id":"https:\/\/www.herafisur.com\/?product=disco-d160x3222xd30-z40-tp-multimaterial","url":"https:\/\/www.herafisur.com\/?product=disco-d160x3222xd30-z40-tp-multimaterial","name":"Disco D160 x 2,2\/1,6 x d20 Z40 TP Multimaterial - 01940 - Herafisur, ferreter\u00eda, suministros, venta herramienta de corte, afilados","isPartOf":{"@id":"https:\/\/www.herafisur.com\/#website"},"primaryImageOfPage":{"@id":"https:\/\/www.herafisur.com\/?product=disco-d160x3222xd30-z40-tp-multimaterial#primaryimage"},"image":{"@id":"https:\/\/www.herafisur.com\/?product=disco-d160x3222xd30-z40-tp-multimaterial#primaryimage"},"thumbnailUrl":"https:\/\/www.herafisur.com\/wp-content\/uploads\/2016\/05\/Disco-D160-Z40-TP-Multimaterial-JPG.jpg","datePublished":"2016-05-02T14:14:12+00:00","dateModified":"2024-11-09T12:23:41+00:00","description":"Ferreter\u00eda, discos, cuchillas, sierras, escuadras, portaestantes, sacos aspiraci\u00f3n, punta atornillar, tornillos, Bosch, disco corte multimateriales","breadcrumb":{"@id":"https:\/\/www.herafisur.com\/?product=disco-d160x3222xd30-z40-tp-multimaterial#breadcrumb"},"inLanguage":"es","potentialAction":[{"@type":"ReadAction","target":["https:\/\/www.herafisur.com\/?product=disco-d160x3222xd30-z40-tp-multimaterial"]}]},{"@type":"ImageObject","inLanguage":"es","@id":"https:\/\/www.herafisur.com\/?product=disco-d160x3222xd30-z40-tp-multimaterial#primaryimage","url":"https:\/\/www.herafisur.com\/wp-content\/uploads\/2016\/05\/Disco-D160-Z40-TP-Multimaterial-JPG.jpg","contentUrl":"https:\/\/www.herafisur.com\/wp-content\/uploads\/2016\/05\/Disco-D160-Z40-TP-Multimaterial-JPG.jpg","width":2560,"height":1440},{"@type":"BreadcrumbList","@id":"https:\/\/www.herafisur.com\/?product=disco-d160x3222xd30-z40-tp-multimaterial#breadcrumb","itemListElement":[{"@type":"ListItem","position":1,"name":"Portada","item":"https:\/\/www.herafisur.com\/"},{"@type":"ListItem","position":2,"name":"Tienda","item":"https:\/\/www.herafisur.com\/?page_id=14"},{"@type":"ListItem","position":3,"name":"Disco D160 x 2,2\/1,6 x d20 Z40 TP Multimaterial &#8211; 01940"}]},{"@type":"WebSite","@id":"https:\/\/www.herafisur.com\/#website","url":"https:\/\/www.herafisur.com\/","name":"Herafisur, afilados, ferreter\u00eda, suministros, venta herramienta de corte","description":"Ferreter\u00eda, herramientas de corte, suministros industriales, afilado","publisher":{"@id":"https:\/\/www.herafisur.com\/#organization"},"potentialAction":[{"@type":"SearchAction","target":{"@type":"EntryPoint","urlTemplate":"https:\/\/www.herafisur.com\/?s={search_term_string}"},"query-input":{"@type":"PropertyValueSpecification","valueRequired":true,"valueName":"search_term_string"}}],"inLanguage":"es"},{"@type":"Organization","@id":"https:\/\/www.herafisur.com\/#organization","name":"Herramientas y Afilados del Sur SLL","url":"https:\/\/www.herafisur.com\/","logo":{"@type":"ImageObject","inLanguage":"es","@id":"https:\/\/www.herafisur.com\/#\/schema\/logo\/image\/","url":"https:\/\/www.herafisur.com\/wp-content\/uploads\/2017\/10\/Foto-logo.jpg","contentUrl":"https:\/\/www.herafisur.com\/wp-content\/uploads\/2017\/10\/Foto-logo.jpg","width":2560,"height":1440,"caption":"Herramientas y Afilados del Sur SLL"},"image":{"@id":"https:\/\/www.herafisur.com\/#\/schema\/logo\/image\/"}}]}},"_links":{"self":[{"href":"https:\/\/www.herafisur.com\/index.php?rest_route=\/wp\/v2\/product\/219","targetHints":{"allow":["GET"]}}],"collection":[{"href":"https:\/\/www.herafisur.com\/index.php?rest_route=\/wp\/v2\/product"}],"about":[{"href":"https:\/\/www.herafisur.com\/index.php?rest_route=\/wp\/v2\/types\/product"}],"replies":[{"embeddable":true,"href":"https:\/\/www.herafisur.com\/index.php?rest_route=%2Fwp%2Fv2%2Fcomments&post=219"}],"wp:featuredmedia":[{"embeddable":true,"href":"https:\/\/www.herafisur.com\/index.php?rest_route=\/wp\/v2\/media\/259"}],"wp:attachment":[{"href":"https:\/\/www.herafisur.com\/index.php?rest_route=%2Fwp%2Fv2%2Fmedia&parent=219"}],"wp:term":[{"taxonomy":"product_brand","embeddable":true,"href":"https:\/\/www.herafisur.com\/index.php?rest_route=%2Fwp%2Fv2%2Fproduct_brand&post=219"},{"taxonomy":"product_cat","embeddable":true,"href":"https:\/\/www.herafisur.com\/index.php?rest_route=%2Fwp%2Fv2%2Fproduct_cat&post=219"},{"taxonomy":"product_tag","embeddable":true,"href":"https:\/\/www.herafisur.com\/index.php?rest_route=%2Fwp%2Fv2%2Fproduct_tag&post=219"}],"curies":[{"name":"wp","href":"https:\/\/api.w.org\/{rel}","templated":true}]}}