{"id":235,"date":"2016-05-02T17:54:08","date_gmt":"2016-05-02T16:54:08","guid":{"rendered":"http:\/\/www.herafisur.com\/?post_type=product&#038;p=235"},"modified":"2025-05-02T18:54:59","modified_gmt":"2025-05-02T17:54:59","slug":"tornillo-tirador-m4-cortante","status":"publish","type":"product","link":"https:\/\/www.herafisur.com\/?product=tornillo-tirador-m4-cortante","title":{"rendered":"Tornillo tirador M4 x 45mm cortable (100 uds) &#8211; 01802"},"content":{"rendered":"<p>Tornillo m\u00e9trica 4mm, muy pr\u00e1ctico para los tiradores, ya que al venir preparado para su corte, no se necesita tener una gran variedad de largos, con este modelo abarcamos hasta una longitud de tornillo de 45mm, pudiendo cortar lo que no sea necesario por las zonas preparadas para ello. Se suministra en bolsas de 100 unidades.<\/p>\n","protected":false},"excerpt":{"rendered":"<p>Tornillo tirador M4 45mm cincado cortable<\/p>\n","protected":false},"featured_media":236,"comment_status":"open","ping_status":"closed","template":"","meta":{"_et_pb_use_builder":"","_et_pb_old_content":"","_et_gb_content_width":""},"product_brand":[],"product_cat":[23],"product_tag":[84,83,1300,1301,82],"class_list":{"0":"post-235","1":"product","2":"type-product","3":"status-publish","4":"has-post-thumbnail","6":"product_cat-ferreteria-y-repuestos","7":"product_tag-tirador","8":"product_tag-tornillo","9":"product_tag-tornillo-cortable","10":"product_tag-tornillo-m4x45-cortable","11":"product_tag-tornillo-tirador","13":"first","14":"instock","15":"shipping-taxable","16":"purchasable","17":"product-type-simple"},"yoast_head":"<!-- This site is optimized with the Yoast SEO plugin v27.6 - https:\/\/yoast.com\/product\/yoast-seo-wordpress\/ -->\n<title>Tornillo tirador M4 x 45mm cortable (100 uds) - 01802 - Herafisur, ferreter\u00eda, suministros, venta herramienta de corte, afilados<\/title>\n<meta name=\"description\" content=\"Ferreter\u00eda, discos, cuchillas, sierras, escuadras, portaestantes, sacos aspiraci\u00f3n, punta atornillar, tornillos, Bosch, tornillo M4x45 cortable\" \/>\n<meta name=\"robots\" content=\"index, follow, max-snippet:-1, max-image-preview:large, max-video-preview:-1\" \/>\n<link rel=\"canonical\" href=\"https:\/\/www.herafisur.com\/?product=tornillo-tirador-m4-cortante\" \/>\n<meta property=\"og:locale\" content=\"es_ES\" \/>\n<meta property=\"og:type\" content=\"article\" \/>\n<meta property=\"og:title\" content=\"Tornillo tirador M4 x 45mm cortable (100 uds) - 01802 - Herafisur, ferreter\u00eda, suministros, venta herramienta de corte, afilados\" \/>\n<meta property=\"og:description\" content=\"Ferreter\u00eda, discos, cuchillas, sierras, escuadras, portaestantes, sacos aspiraci\u00f3n, punta atornillar, tornillos, Bosch, tornillo M4x45 cortable\" \/>\n<meta property=\"og:url\" content=\"https:\/\/www.herafisur.com\/?product=tornillo-tirador-m4-cortante\" \/>\n<meta property=\"og:site_name\" content=\"Herafisur, ferreter\u00eda, suministros, venta herramienta de corte, afilados\" \/>\n<meta property=\"article:modified_time\" content=\"2025-05-02T17:54:59+00:00\" \/>\n<meta property=\"og:image\" content=\"https:\/\/www.herafisur.com\/wp-content\/uploads\/2016\/05\/Tornillo-tirador-M4-cortante.jpg\" \/>\n\t<meta property=\"og:image:width\" content=\"580\" \/>\n\t<meta property=\"og:image:height\" content=\"600\" \/>\n\t<meta property=\"og:image:type\" content=\"image\/jpeg\" \/>\n<meta name=\"twitter:card\" content=\"summary_large_image\" \/>\n<meta name=\"twitter:label1\" content=\"Tiempo de lectura\" \/>\n\t<meta name=\"twitter:data1\" content=\"1 minuto\" \/>\n<script type=\"application\/ld+json\" class=\"yoast-schema-graph\">{\"@context\":\"https:\\\/\\\/schema.org\",\"@graph\":[{\"@type\":\"WebPage\",\"@id\":\"https:\\\/\\\/www.herafisur.com\\\/?product=tornillo-tirador-m4-cortante\",\"url\":\"https:\\\/\\\/www.herafisur.com\\\/?product=tornillo-tirador-m4-cortante\",\"name\":\"Tornillo tirador M4 x 45mm cortable (100 uds) - 01802 - Herafisur, ferreter\u00eda, suministros, venta herramienta de corte, afilados\",\"isPartOf\":{\"@id\":\"https:\\\/\\\/www.herafisur.com\\\/#website\"},\"primaryImageOfPage\":{\"@id\":\"https:\\\/\\\/www.herafisur.com\\\/?product=tornillo-tirador-m4-cortante#primaryimage\"},\"image\":{\"@id\":\"https:\\\/\\\/www.herafisur.com\\\/?product=tornillo-tirador-m4-cortante#primaryimage\"},\"thumbnailUrl\":\"https:\\\/\\\/www.herafisur.com\\\/wp-content\\\/uploads\\\/2016\\\/05\\\/Tornillo-tirador-M4-cortante.jpg\",\"datePublished\":\"2016-05-02T16:54:08+00:00\",\"dateModified\":\"2025-05-02T17:54:59+00:00\",\"description\":\"Ferreter\u00eda, discos, cuchillas, sierras, escuadras, portaestantes, sacos aspiraci\u00f3n, punta atornillar, tornillos, Bosch, tornillo M4x45 cortable\",\"breadcrumb\":{\"@id\":\"https:\\\/\\\/www.herafisur.com\\\/?product=tornillo-tirador-m4-cortante#breadcrumb\"},\"inLanguage\":\"es\",\"potentialAction\":[{\"@type\":\"ReadAction\",\"target\":[\"https:\\\/\\\/www.herafisur.com\\\/?product=tornillo-tirador-m4-cortante\"]}]},{\"@type\":\"ImageObject\",\"inLanguage\":\"es\",\"@id\":\"https:\\\/\\\/www.herafisur.com\\\/?product=tornillo-tirador-m4-cortante#primaryimage\",\"url\":\"https:\\\/\\\/www.herafisur.com\\\/wp-content\\\/uploads\\\/2016\\\/05\\\/Tornillo-tirador-M4-cortante.jpg\",\"contentUrl\":\"https:\\\/\\\/www.herafisur.com\\\/wp-content\\\/uploads\\\/2016\\\/05\\\/Tornillo-tirador-M4-cortante.jpg\",\"width\":580,\"height\":600},{\"@type\":\"BreadcrumbList\",\"@id\":\"https:\\\/\\\/www.herafisur.com\\\/?product=tornillo-tirador-m4-cortante#breadcrumb\",\"itemListElement\":[{\"@type\":\"ListItem\",\"position\":1,\"name\":\"Portada\",\"item\":\"https:\\\/\\\/www.herafisur.com\\\/\"},{\"@type\":\"ListItem\",\"position\":2,\"name\":\"Tienda\",\"item\":\"https:\\\/\\\/www.herafisur.com\\\/?page_id=14\"},{\"@type\":\"ListItem\",\"position\":3,\"name\":\"Tornillo tirador M4 x 45mm cortable (100 uds) &#8211; 01802\"}]},{\"@type\":\"WebSite\",\"@id\":\"https:\\\/\\\/www.herafisur.com\\\/#website\",\"url\":\"https:\\\/\\\/www.herafisur.com\\\/\",\"name\":\"Herafisur, afilados, ferreter\u00eda, suministros, venta herramienta de corte\",\"description\":\"Ferreter\u00eda, herramientas de corte, suministros industriales, afilado\",\"publisher\":{\"@id\":\"https:\\\/\\\/www.herafisur.com\\\/#organization\"},\"potentialAction\":[{\"@type\":\"SearchAction\",\"target\":{\"@type\":\"EntryPoint\",\"urlTemplate\":\"https:\\\/\\\/www.herafisur.com\\\/?s={search_term_string}\"},\"query-input\":{\"@type\":\"PropertyValueSpecification\",\"valueRequired\":true,\"valueName\":\"search_term_string\"}}],\"inLanguage\":\"es\"},{\"@type\":\"Organization\",\"@id\":\"https:\\\/\\\/www.herafisur.com\\\/#organization\",\"name\":\"Herramientas y Afilados del Sur SLL\",\"url\":\"https:\\\/\\\/www.herafisur.com\\\/\",\"logo\":{\"@type\":\"ImageObject\",\"inLanguage\":\"es\",\"@id\":\"https:\\\/\\\/www.herafisur.com\\\/#\\\/schema\\\/logo\\\/image\\\/\",\"url\":\"https:\\\/\\\/www.herafisur.com\\\/wp-content\\\/uploads\\\/2017\\\/10\\\/Foto-logo.jpg\",\"contentUrl\":\"https:\\\/\\\/www.herafisur.com\\\/wp-content\\\/uploads\\\/2017\\\/10\\\/Foto-logo.jpg\",\"width\":2560,\"height\":1440,\"caption\":\"Herramientas y Afilados del Sur SLL\"},\"image\":{\"@id\":\"https:\\\/\\\/www.herafisur.com\\\/#\\\/schema\\\/logo\\\/image\\\/\"}}]}<\/script>\n<!-- \/ Yoast SEO plugin. -->","yoast_head_json":{"title":"Tornillo tirador M4 x 45mm cortable (100 uds) - 01802 - Herafisur, ferreter\u00eda, suministros, venta herramienta de corte, afilados","description":"Ferreter\u00eda, discos, cuchillas, sierras, escuadras, portaestantes, sacos aspiraci\u00f3n, punta atornillar, tornillos, Bosch, tornillo M4x45 cortable","robots":{"index":"index","follow":"follow","max-snippet":"max-snippet:-1","max-image-preview":"max-image-preview:large","max-video-preview":"max-video-preview:-1"},"canonical":"https:\/\/www.herafisur.com\/?product=tornillo-tirador-m4-cortante","og_locale":"es_ES","og_type":"article","og_title":"Tornillo tirador M4 x 45mm cortable (100 uds) - 01802 - Herafisur, ferreter\u00eda, suministros, venta herramienta de corte, afilados","og_description":"Ferreter\u00eda, discos, cuchillas, sierras, escuadras, portaestantes, sacos aspiraci\u00f3n, punta atornillar, tornillos, Bosch, tornillo M4x45 cortable","og_url":"https:\/\/www.herafisur.com\/?product=tornillo-tirador-m4-cortante","og_site_name":"Herafisur, ferreter\u00eda, suministros, venta herramienta de corte, afilados","article_modified_time":"2025-05-02T17:54:59+00:00","og_image":[{"width":580,"height":600,"url":"https:\/\/www.herafisur.com\/wp-content\/uploads\/2016\/05\/Tornillo-tirador-M4-cortante.jpg","type":"image\/jpeg"}],"twitter_card":"summary_large_image","twitter_misc":{"Tiempo de lectura":"1 minuto"},"schema":{"@context":"https:\/\/schema.org","@graph":[{"@type":"WebPage","@id":"https:\/\/www.herafisur.com\/?product=tornillo-tirador-m4-cortante","url":"https:\/\/www.herafisur.com\/?product=tornillo-tirador-m4-cortante","name":"Tornillo tirador M4 x 45mm cortable (100 uds) - 01802 - Herafisur, ferreter\u00eda, suministros, venta herramienta de corte, afilados","isPartOf":{"@id":"https:\/\/www.herafisur.com\/#website"},"primaryImageOfPage":{"@id":"https:\/\/www.herafisur.com\/?product=tornillo-tirador-m4-cortante#primaryimage"},"image":{"@id":"https:\/\/www.herafisur.com\/?product=tornillo-tirador-m4-cortante#primaryimage"},"thumbnailUrl":"https:\/\/www.herafisur.com\/wp-content\/uploads\/2016\/05\/Tornillo-tirador-M4-cortante.jpg","datePublished":"2016-05-02T16:54:08+00:00","dateModified":"2025-05-02T17:54:59+00:00","description":"Ferreter\u00eda, discos, cuchillas, sierras, escuadras, portaestantes, sacos aspiraci\u00f3n, punta atornillar, tornillos, Bosch, tornillo M4x45 cortable","breadcrumb":{"@id":"https:\/\/www.herafisur.com\/?product=tornillo-tirador-m4-cortante#breadcrumb"},"inLanguage":"es","potentialAction":[{"@type":"ReadAction","target":["https:\/\/www.herafisur.com\/?product=tornillo-tirador-m4-cortante"]}]},{"@type":"ImageObject","inLanguage":"es","@id":"https:\/\/www.herafisur.com\/?product=tornillo-tirador-m4-cortante#primaryimage","url":"https:\/\/www.herafisur.com\/wp-content\/uploads\/2016\/05\/Tornillo-tirador-M4-cortante.jpg","contentUrl":"https:\/\/www.herafisur.com\/wp-content\/uploads\/2016\/05\/Tornillo-tirador-M4-cortante.jpg","width":580,"height":600},{"@type":"BreadcrumbList","@id":"https:\/\/www.herafisur.com\/?product=tornillo-tirador-m4-cortante#breadcrumb","itemListElement":[{"@type":"ListItem","position":1,"name":"Portada","item":"https:\/\/www.herafisur.com\/"},{"@type":"ListItem","position":2,"name":"Tienda","item":"https:\/\/www.herafisur.com\/?page_id=14"},{"@type":"ListItem","position":3,"name":"Tornillo tirador M4 x 45mm cortable (100 uds) &#8211; 01802"}]},{"@type":"WebSite","@id":"https:\/\/www.herafisur.com\/#website","url":"https:\/\/www.herafisur.com\/","name":"Herafisur, afilados, ferreter\u00eda, suministros, venta herramienta de corte","description":"Ferreter\u00eda, herramientas de corte, suministros industriales, afilado","publisher":{"@id":"https:\/\/www.herafisur.com\/#organization"},"potentialAction":[{"@type":"SearchAction","target":{"@type":"EntryPoint","urlTemplate":"https:\/\/www.herafisur.com\/?s={search_term_string}"},"query-input":{"@type":"PropertyValueSpecification","valueRequired":true,"valueName":"search_term_string"}}],"inLanguage":"es"},{"@type":"Organization","@id":"https:\/\/www.herafisur.com\/#organization","name":"Herramientas y Afilados del Sur SLL","url":"https:\/\/www.herafisur.com\/","logo":{"@type":"ImageObject","inLanguage":"es","@id":"https:\/\/www.herafisur.com\/#\/schema\/logo\/image\/","url":"https:\/\/www.herafisur.com\/wp-content\/uploads\/2017\/10\/Foto-logo.jpg","contentUrl":"https:\/\/www.herafisur.com\/wp-content\/uploads\/2017\/10\/Foto-logo.jpg","width":2560,"height":1440,"caption":"Herramientas y Afilados del Sur SLL"},"image":{"@id":"https:\/\/www.herafisur.com\/#\/schema\/logo\/image\/"}}]}},"_links":{"self":[{"href":"https:\/\/www.herafisur.com\/index.php?rest_route=\/wp\/v2\/product\/235","targetHints":{"allow":["GET"]}}],"collection":[{"href":"https:\/\/www.herafisur.com\/index.php?rest_route=\/wp\/v2\/product"}],"about":[{"href":"https:\/\/www.herafisur.com\/index.php?rest_route=\/wp\/v2\/types\/product"}],"replies":[{"embeddable":true,"href":"https:\/\/www.herafisur.com\/index.php?rest_route=%2Fwp%2Fv2%2Fcomments&post=235"}],"wp:featuredmedia":[{"embeddable":true,"href":"https:\/\/www.herafisur.com\/index.php?rest_route=\/wp\/v2\/media\/236"}],"wp:attachment":[{"href":"https:\/\/www.herafisur.com\/index.php?rest_route=%2Fwp%2Fv2%2Fmedia&parent=235"}],"wp:term":[{"taxonomy":"product_brand","embeddable":true,"href":"https:\/\/www.herafisur.com\/index.php?rest_route=%2Fwp%2Fv2%2Fproduct_brand&post=235"},{"taxonomy":"product_cat","embeddable":true,"href":"https:\/\/www.herafisur.com\/index.php?rest_route=%2Fwp%2Fv2%2Fproduct_cat&post=235"},{"taxonomy":"product_tag","embeddable":true,"href":"https:\/\/www.herafisur.com\/index.php?rest_route=%2Fwp%2Fv2%2Fproduct_tag&post=235"}],"curies":[{"name":"wp","href":"https:\/\/api.w.org\/{rel}","templated":true}]}}