{"id":388,"date":"2018-09-22T16:19:13","date_gmt":"2018-09-22T15:19:13","guid":{"rendered":"https:\/\/www.herafisur.com\/?post_type=product&#038;p=388"},"modified":"2022-08-27T09:26:18","modified_gmt":"2022-08-27T08:26:18","slug":"escobillas-para-ingletadora-tm-y-ts-virutex","status":"publish","type":"product","link":"https:\/\/www.herafisur.com\/?product=escobillas-para-ingletadora-tm-y-ts-virutex","title":{"rendered":"Escobillas para ingletadora TM \/ TS bastantes modelos y Fresadora, Referencia Virutex 3317022 &#8211; 02324"},"content":{"rendered":"<p>Juego escobillas para Ingletadora, Tronzadora, Fresadora, Recortadora Virutex, Modelos TM33L, TM33H, TM43J, TM43L, TS33L, TS33H, TS48J, TS48L, TM233T, TM233T-MT, TS233T, TM33W, TS33W, TM233WT, TS233WT.<\/p>\n<p>Fresadora FR160P<\/p>\n<p>Recortadora RM95R.<\/p>\n<p>Medida: 6,55 espesor x 11,90 ancho x 21,30 largo<\/p>\n<p>Referencia Virutex 3317022<\/p>\n","protected":false},"excerpt":{"rendered":"<p>Escobillas ingletadora, tronzadora, fresadora, recortadora, referencia virutex 3317022<\/p>\n","protected":false},"featured_media":1061,"comment_status":"open","ping_status":"closed","template":"","meta":{"_et_pb_use_builder":"","_et_pb_old_content":"","_et_gb_content_width":""},"product_brand":[],"product_cat":[918],"product_tag":[909,160,908,914,912,913,161,162,910,911,163,37],"class_list":{"0":"post-388","1":"product","2":"type-product","3":"status-publish","4":"has-post-thumbnail","6":"product_cat-escobillas-carbon-maquinas-portatiles","7":"product_tag-909","8":"product_tag-escobillas","9":"product_tag-escobillas-3317022","10":"product_tag-escobillas-fr160p","11":"product_tag-escobillas-fresadora","12":"product_tag-escobillas-fresadora-virutex","13":"product_tag-escobillas-ingletadora","14":"product_tag-escobillas-ingletadora-virutex","15":"product_tag-escobillas-para-tm","16":"product_tag-escobillas-para-ts","17":"product_tag-escobillas-virutex","18":"product_tag-virutex","20":"first","21":"instock","22":"shipping-taxable","23":"purchasable","24":"product-type-simple"},"yoast_head":"<!-- This site is optimized with the Yoast SEO plugin v27.6 - https:\/\/yoast.com\/product\/yoast-seo-wordpress\/ -->\n<title>Escobillas para ingletadora TM \/ TS bastantes modelos y Fresadora, Referencia Virutex 3317022 - 02324 - Herafisur, ferreter\u00eda, suministros, venta herramienta de corte, afilados<\/title>\n<meta name=\"description\" content=\"Ferreter\u00eda, discos, cuchillas, sierras, escuadras, portaestantes, sacos aspiraci\u00f3n, punta atornillar, tornillos, Bosch, escobillas virutex, escobillas referenica 3317022\" \/>\n<meta name=\"robots\" content=\"index, follow, max-snippet:-1, max-image-preview:large, max-video-preview:-1\" \/>\n<link rel=\"canonical\" href=\"https:\/\/www.herafisur.com\/?product=escobillas-para-ingletadora-tm-y-ts-virutex\" \/>\n<meta property=\"og:locale\" content=\"es_ES\" \/>\n<meta property=\"og:type\" content=\"article\" \/>\n<meta property=\"og:title\" content=\"Escobillas para ingletadora TM \/ TS bastantes modelos y Fresadora, Referencia Virutex 3317022 - 02324 - Herafisur, ferreter\u00eda, suministros, venta herramienta de corte, afilados\" \/>\n<meta property=\"og:description\" content=\"Ferreter\u00eda, discos, cuchillas, sierras, escuadras, portaestantes, sacos aspiraci\u00f3n, punta atornillar, tornillos, Bosch, escobillas virutex, escobillas referenica 3317022\" \/>\n<meta property=\"og:url\" content=\"https:\/\/www.herafisur.com\/?product=escobillas-para-ingletadora-tm-y-ts-virutex\" \/>\n<meta property=\"og:site_name\" content=\"Herafisur, ferreter\u00eda, suministros, venta herramienta de corte, afilados\" \/>\n<meta property=\"article:modified_time\" content=\"2022-08-27T08:26:18+00:00\" \/>\n<meta property=\"og:image\" content=\"https:\/\/www.herafisur.com\/wp-content\/uploads\/2018\/09\/Escobillas-anclaje-estrella-scaled.jpg\" \/>\n\t<meta property=\"og:image:width\" content=\"2560\" \/>\n\t<meta property=\"og:image:height\" content=\"1920\" \/>\n\t<meta property=\"og:image:type\" content=\"image\/jpeg\" \/>\n<meta name=\"twitter:card\" content=\"summary_large_image\" \/>\n<meta name=\"twitter:label1\" content=\"Tiempo de lectura\" \/>\n\t<meta name=\"twitter:data1\" content=\"1 minuto\" \/>\n<script type=\"application\/ld+json\" class=\"yoast-schema-graph\">{\"@context\":\"https:\\\/\\\/schema.org\",\"@graph\":[{\"@type\":\"WebPage\",\"@id\":\"https:\\\/\\\/www.herafisur.com\\\/?product=escobillas-para-ingletadora-tm-y-ts-virutex\",\"url\":\"https:\\\/\\\/www.herafisur.com\\\/?product=escobillas-para-ingletadora-tm-y-ts-virutex\",\"name\":\"Escobillas para ingletadora TM \\\/ TS bastantes modelos y Fresadora, Referencia Virutex 3317022 - 02324 - Herafisur, ferreter\u00eda, suministros, venta herramienta de corte, afilados\",\"isPartOf\":{\"@id\":\"https:\\\/\\\/www.herafisur.com\\\/#website\"},\"primaryImageOfPage\":{\"@id\":\"https:\\\/\\\/www.herafisur.com\\\/?product=escobillas-para-ingletadora-tm-y-ts-virutex#primaryimage\"},\"image\":{\"@id\":\"https:\\\/\\\/www.herafisur.com\\\/?product=escobillas-para-ingletadora-tm-y-ts-virutex#primaryimage\"},\"thumbnailUrl\":\"https:\\\/\\\/www.herafisur.com\\\/wp-content\\\/uploads\\\/2018\\\/09\\\/Escobillas-anclaje-estrella-scaled.jpg\",\"datePublished\":\"2018-09-22T15:19:13+00:00\",\"dateModified\":\"2022-08-27T08:26:18+00:00\",\"description\":\"Ferreter\u00eda, discos, cuchillas, sierras, escuadras, portaestantes, sacos aspiraci\u00f3n, punta atornillar, tornillos, Bosch, escobillas virutex, escobillas referenica 3317022\",\"breadcrumb\":{\"@id\":\"https:\\\/\\\/www.herafisur.com\\\/?product=escobillas-para-ingletadora-tm-y-ts-virutex#breadcrumb\"},\"inLanguage\":\"es\",\"potentialAction\":[{\"@type\":\"ReadAction\",\"target\":[\"https:\\\/\\\/www.herafisur.com\\\/?product=escobillas-para-ingletadora-tm-y-ts-virutex\"]}]},{\"@type\":\"ImageObject\",\"inLanguage\":\"es\",\"@id\":\"https:\\\/\\\/www.herafisur.com\\\/?product=escobillas-para-ingletadora-tm-y-ts-virutex#primaryimage\",\"url\":\"https:\\\/\\\/www.herafisur.com\\\/wp-content\\\/uploads\\\/2018\\\/09\\\/Escobillas-anclaje-estrella-scaled.jpg\",\"contentUrl\":\"https:\\\/\\\/www.herafisur.com\\\/wp-content\\\/uploads\\\/2018\\\/09\\\/Escobillas-anclaje-estrella-scaled.jpg\",\"width\":2560,\"height\":1920},{\"@type\":\"BreadcrumbList\",\"@id\":\"https:\\\/\\\/www.herafisur.com\\\/?product=escobillas-para-ingletadora-tm-y-ts-virutex#breadcrumb\",\"itemListElement\":[{\"@type\":\"ListItem\",\"position\":1,\"name\":\"Portada\",\"item\":\"https:\\\/\\\/www.herafisur.com\\\/\"},{\"@type\":\"ListItem\",\"position\":2,\"name\":\"Tienda\",\"item\":\"https:\\\/\\\/www.herafisur.com\\\/?page_id=14\"},{\"@type\":\"ListItem\",\"position\":3,\"name\":\"Escobillas para ingletadora TM \\\/ TS bastantes modelos y Fresadora, Referencia Virutex 3317022 &#8211; 02324\"}]},{\"@type\":\"WebSite\",\"@id\":\"https:\\\/\\\/www.herafisur.com\\\/#website\",\"url\":\"https:\\\/\\\/www.herafisur.com\\\/\",\"name\":\"Herafisur, afilados, ferreter\u00eda, suministros, venta herramienta de corte\",\"description\":\"Ferreter\u00eda, herramientas de corte, suministros industriales, afilado\",\"publisher\":{\"@id\":\"https:\\\/\\\/www.herafisur.com\\\/#organization\"},\"potentialAction\":[{\"@type\":\"SearchAction\",\"target\":{\"@type\":\"EntryPoint\",\"urlTemplate\":\"https:\\\/\\\/www.herafisur.com\\\/?s={search_term_string}\"},\"query-input\":{\"@type\":\"PropertyValueSpecification\",\"valueRequired\":true,\"valueName\":\"search_term_string\"}}],\"inLanguage\":\"es\"},{\"@type\":\"Organization\",\"@id\":\"https:\\\/\\\/www.herafisur.com\\\/#organization\",\"name\":\"Herramientas y Afilados del Sur SLL\",\"url\":\"https:\\\/\\\/www.herafisur.com\\\/\",\"logo\":{\"@type\":\"ImageObject\",\"inLanguage\":\"es\",\"@id\":\"https:\\\/\\\/www.herafisur.com\\\/#\\\/schema\\\/logo\\\/image\\\/\",\"url\":\"https:\\\/\\\/www.herafisur.com\\\/wp-content\\\/uploads\\\/2017\\\/10\\\/Foto-logo.jpg\",\"contentUrl\":\"https:\\\/\\\/www.herafisur.com\\\/wp-content\\\/uploads\\\/2017\\\/10\\\/Foto-logo.jpg\",\"width\":2560,\"height\":1440,\"caption\":\"Herramientas y Afilados del Sur SLL\"},\"image\":{\"@id\":\"https:\\\/\\\/www.herafisur.com\\\/#\\\/schema\\\/logo\\\/image\\\/\"}}]}<\/script>\n<!-- \/ Yoast SEO plugin. -->","yoast_head_json":{"title":"Escobillas para ingletadora TM \/ TS bastantes modelos y Fresadora, Referencia Virutex 3317022 - 02324 - Herafisur, ferreter\u00eda, suministros, venta herramienta de corte, afilados","description":"Ferreter\u00eda, discos, cuchillas, sierras, escuadras, portaestantes, sacos aspiraci\u00f3n, punta atornillar, tornillos, Bosch, escobillas virutex, escobillas referenica 3317022","robots":{"index":"index","follow":"follow","max-snippet":"max-snippet:-1","max-image-preview":"max-image-preview:large","max-video-preview":"max-video-preview:-1"},"canonical":"https:\/\/www.herafisur.com\/?product=escobillas-para-ingletadora-tm-y-ts-virutex","og_locale":"es_ES","og_type":"article","og_title":"Escobillas para ingletadora TM \/ TS bastantes modelos y Fresadora, Referencia Virutex 3317022 - 02324 - Herafisur, ferreter\u00eda, suministros, venta herramienta de corte, afilados","og_description":"Ferreter\u00eda, discos, cuchillas, sierras, escuadras, portaestantes, sacos aspiraci\u00f3n, punta atornillar, tornillos, Bosch, escobillas virutex, escobillas referenica 3317022","og_url":"https:\/\/www.herafisur.com\/?product=escobillas-para-ingletadora-tm-y-ts-virutex","og_site_name":"Herafisur, ferreter\u00eda, suministros, venta herramienta de corte, afilados","article_modified_time":"2022-08-27T08:26:18+00:00","og_image":[{"width":2560,"height":1920,"url":"https:\/\/www.herafisur.com\/wp-content\/uploads\/2018\/09\/Escobillas-anclaje-estrella-scaled.jpg","type":"image\/jpeg"}],"twitter_card":"summary_large_image","twitter_misc":{"Tiempo de lectura":"1 minuto"},"schema":{"@context":"https:\/\/schema.org","@graph":[{"@type":"WebPage","@id":"https:\/\/www.herafisur.com\/?product=escobillas-para-ingletadora-tm-y-ts-virutex","url":"https:\/\/www.herafisur.com\/?product=escobillas-para-ingletadora-tm-y-ts-virutex","name":"Escobillas para ingletadora TM \/ TS bastantes modelos y Fresadora, Referencia Virutex 3317022 - 02324 - Herafisur, ferreter\u00eda, suministros, venta herramienta de corte, afilados","isPartOf":{"@id":"https:\/\/www.herafisur.com\/#website"},"primaryImageOfPage":{"@id":"https:\/\/www.herafisur.com\/?product=escobillas-para-ingletadora-tm-y-ts-virutex#primaryimage"},"image":{"@id":"https:\/\/www.herafisur.com\/?product=escobillas-para-ingletadora-tm-y-ts-virutex#primaryimage"},"thumbnailUrl":"https:\/\/www.herafisur.com\/wp-content\/uploads\/2018\/09\/Escobillas-anclaje-estrella-scaled.jpg","datePublished":"2018-09-22T15:19:13+00:00","dateModified":"2022-08-27T08:26:18+00:00","description":"Ferreter\u00eda, discos, cuchillas, sierras, escuadras, portaestantes, sacos aspiraci\u00f3n, punta atornillar, tornillos, Bosch, escobillas virutex, escobillas referenica 3317022","breadcrumb":{"@id":"https:\/\/www.herafisur.com\/?product=escobillas-para-ingletadora-tm-y-ts-virutex#breadcrumb"},"inLanguage":"es","potentialAction":[{"@type":"ReadAction","target":["https:\/\/www.herafisur.com\/?product=escobillas-para-ingletadora-tm-y-ts-virutex"]}]},{"@type":"ImageObject","inLanguage":"es","@id":"https:\/\/www.herafisur.com\/?product=escobillas-para-ingletadora-tm-y-ts-virutex#primaryimage","url":"https:\/\/www.herafisur.com\/wp-content\/uploads\/2018\/09\/Escobillas-anclaje-estrella-scaled.jpg","contentUrl":"https:\/\/www.herafisur.com\/wp-content\/uploads\/2018\/09\/Escobillas-anclaje-estrella-scaled.jpg","width":2560,"height":1920},{"@type":"BreadcrumbList","@id":"https:\/\/www.herafisur.com\/?product=escobillas-para-ingletadora-tm-y-ts-virutex#breadcrumb","itemListElement":[{"@type":"ListItem","position":1,"name":"Portada","item":"https:\/\/www.herafisur.com\/"},{"@type":"ListItem","position":2,"name":"Tienda","item":"https:\/\/www.herafisur.com\/?page_id=14"},{"@type":"ListItem","position":3,"name":"Escobillas para ingletadora TM \/ TS bastantes modelos y Fresadora, Referencia Virutex 3317022 &#8211; 02324"}]},{"@type":"WebSite","@id":"https:\/\/www.herafisur.com\/#website","url":"https:\/\/www.herafisur.com\/","name":"Herafisur, afilados, ferreter\u00eda, suministros, venta herramienta de corte","description":"Ferreter\u00eda, herramientas de corte, suministros industriales, afilado","publisher":{"@id":"https:\/\/www.herafisur.com\/#organization"},"potentialAction":[{"@type":"SearchAction","target":{"@type":"EntryPoint","urlTemplate":"https:\/\/www.herafisur.com\/?s={search_term_string}"},"query-input":{"@type":"PropertyValueSpecification","valueRequired":true,"valueName":"search_term_string"}}],"inLanguage":"es"},{"@type":"Organization","@id":"https:\/\/www.herafisur.com\/#organization","name":"Herramientas y Afilados del Sur SLL","url":"https:\/\/www.herafisur.com\/","logo":{"@type":"ImageObject","inLanguage":"es","@id":"https:\/\/www.herafisur.com\/#\/schema\/logo\/image\/","url":"https:\/\/www.herafisur.com\/wp-content\/uploads\/2017\/10\/Foto-logo.jpg","contentUrl":"https:\/\/www.herafisur.com\/wp-content\/uploads\/2017\/10\/Foto-logo.jpg","width":2560,"height":1440,"caption":"Herramientas y Afilados del Sur SLL"},"image":{"@id":"https:\/\/www.herafisur.com\/#\/schema\/logo\/image\/"}}]}},"_links":{"self":[{"href":"https:\/\/www.herafisur.com\/index.php?rest_route=\/wp\/v2\/product\/388","targetHints":{"allow":["GET"]}}],"collection":[{"href":"https:\/\/www.herafisur.com\/index.php?rest_route=\/wp\/v2\/product"}],"about":[{"href":"https:\/\/www.herafisur.com\/index.php?rest_route=\/wp\/v2\/types\/product"}],"replies":[{"embeddable":true,"href":"https:\/\/www.herafisur.com\/index.php?rest_route=%2Fwp%2Fv2%2Fcomments&post=388"}],"wp:featuredmedia":[{"embeddable":true,"href":"https:\/\/www.herafisur.com\/index.php?rest_route=\/wp\/v2\/media\/1061"}],"wp:attachment":[{"href":"https:\/\/www.herafisur.com\/index.php?rest_route=%2Fwp%2Fv2%2Fmedia&parent=388"}],"wp:term":[{"taxonomy":"product_brand","embeddable":true,"href":"https:\/\/www.herafisur.com\/index.php?rest_route=%2Fwp%2Fv2%2Fproduct_brand&post=388"},{"taxonomy":"product_cat","embeddable":true,"href":"https:\/\/www.herafisur.com\/index.php?rest_route=%2Fwp%2Fv2%2Fproduct_cat&post=388"},{"taxonomy":"product_tag","embeddable":true,"href":"https:\/\/www.herafisur.com\/index.php?rest_route=%2Fwp%2Fv2%2Fproduct_tag&post=388"}],"curies":[{"name":"wp","href":"https:\/\/api.w.org\/{rel}","templated":true}]}}