{"id":501,"date":"2018-11-05T23:17:39","date_gmt":"2018-11-05T22:17:39","guid":{"rendered":"https:\/\/www.herafisur.com\/?post_type=product&#038;p=501"},"modified":"2022-12-08T22:33:28","modified_gmt":"2022-12-08T21:33:28","slug":"disco-d250mm-cortar-aluminio","status":"publish","type":"product","link":"https:\/\/www.herafisur.com\/?product=disco-d250mm-cortar-aluminio","title":{"rendered":"Disco D250mm cortar aluminio, \u00e1ngulo negativo profesional (env\u00edo gratis)"},"content":{"rendered":"<blockquote><p>Disco con Di\u00e1metro 250mm, ancho de corte 3,2mm, eje de 30mm y 80 dientes de widia con dureza para cortar aluminio con calidad y duraci\u00f3n, perfil trapecio-plano.<br \/>\nCuerpo de acero de alta calidad y placas de widia id\u00f3neas para el corte de aluminio, silencioso.<br \/>\nSe puede utilizar en tronzadoras para aluminio con corte inferior, ingletadora y escuadradora.<br \/>\nCalidad profesional.<\/p><\/blockquote>\n","protected":false},"excerpt":{"rendered":"<p>Disco 250mm cortar aluminio<\/p>\n","protected":false},"featured_media":503,"comment_status":"open","ping_status":"closed","template":"","meta":{"_et_pb_use_builder":"","_et_pb_old_content":"","_et_gb_content_width":""},"product_brand":[],"product_cat":[28],"product_tag":[222,182,220,221],"class_list":{"0":"post-501","1":"product","2":"type-product","3":"status-publish","4":"has-post-thumbnail","6":"product_cat-discos-para-el-corte-de-aluminio-y-pvc","7":"product_tag-disco-25","8":"product_tag-disco-250mm","9":"product_tag-disco-250mm-aluminio","10":"product_tag-disco-cortar-aluminio","12":"first","13":"instock","14":"shipping-taxable","15":"purchasable","16":"product-type-simple"},"yoast_head":"<!-- This site is optimized with the Yoast SEO plugin v27.6 - https:\/\/yoast.com\/product\/yoast-seo-wordpress\/ -->\n<title>Disco D250mm cortar aluminio, \u00e1ngulo negativo profesional (env\u00edo gratis) - Herafisur, ferreter\u00eda, suministros, venta herramienta de corte, afilados<\/title>\n<meta name=\"description\" content=\"Ferreter\u00eda, discos, cuchillas, sierras, escuadras, portaestantes, sacos aspiraci\u00f3n, punta atornillar, tornillos, Bosch, disco di\u00e1metro 250mm para cortar aluminio\" \/>\n<meta name=\"robots\" content=\"index, follow, max-snippet:-1, max-image-preview:large, max-video-preview:-1\" \/>\n<link rel=\"canonical\" href=\"https:\/\/www.herafisur.com\/?product=disco-d250mm-cortar-aluminio\" \/>\n<meta property=\"og:locale\" content=\"es_ES\" \/>\n<meta property=\"og:type\" content=\"article\" \/>\n<meta property=\"og:title\" content=\"Disco D250mm cortar aluminio, \u00e1ngulo negativo profesional (env\u00edo gratis) - Herafisur, ferreter\u00eda, suministros, venta herramienta de corte, afilados\" \/>\n<meta property=\"og:description\" content=\"Ferreter\u00eda, discos, cuchillas, sierras, escuadras, portaestantes, sacos aspiraci\u00f3n, punta atornillar, tornillos, Bosch, disco di\u00e1metro 250mm para cortar aluminio\" \/>\n<meta property=\"og:url\" content=\"https:\/\/www.herafisur.com\/?product=disco-d250mm-cortar-aluminio\" \/>\n<meta property=\"og:site_name\" content=\"Herafisur, ferreter\u00eda, suministros, venta herramienta de corte, afilados\" \/>\n<meta property=\"article:modified_time\" content=\"2022-12-08T21:33:28+00:00\" \/>\n<meta property=\"og:image\" content=\"https:\/\/www.herafisur.com\/wp-content\/uploads\/2018\/11\/Disco-D250-d30-Z80-Aluminio-768x1024.jpg\" \/>\n\t<meta property=\"og:image:width\" content=\"768\" \/>\n\t<meta property=\"og:image:height\" content=\"1024\" \/>\n\t<meta property=\"og:image:type\" content=\"image\/jpeg\" \/>\n<meta name=\"twitter:card\" content=\"summary_large_image\" \/>\n<meta name=\"twitter:label1\" content=\"Tiempo de lectura\" \/>\n\t<meta name=\"twitter:data1\" content=\"1 minuto\" \/>\n<script type=\"application\/ld+json\" class=\"yoast-schema-graph\">{\"@context\":\"https:\\\/\\\/schema.org\",\"@graph\":[{\"@type\":\"WebPage\",\"@id\":\"https:\\\/\\\/www.herafisur.com\\\/?product=disco-d250mm-cortar-aluminio\",\"url\":\"https:\\\/\\\/www.herafisur.com\\\/?product=disco-d250mm-cortar-aluminio\",\"name\":\"Disco D250mm cortar aluminio, \u00e1ngulo negativo profesional (env\u00edo gratis) - Herafisur, ferreter\u00eda, suministros, venta herramienta de corte, afilados\",\"isPartOf\":{\"@id\":\"https:\\\/\\\/www.herafisur.com\\\/#website\"},\"primaryImageOfPage\":{\"@id\":\"https:\\\/\\\/www.herafisur.com\\\/?product=disco-d250mm-cortar-aluminio#primaryimage\"},\"image\":{\"@id\":\"https:\\\/\\\/www.herafisur.com\\\/?product=disco-d250mm-cortar-aluminio#primaryimage\"},\"thumbnailUrl\":\"https:\\\/\\\/www.herafisur.com\\\/wp-content\\\/uploads\\\/2018\\\/11\\\/Disco-D250-d30-Z80-Aluminio.jpg\",\"datePublished\":\"2018-11-05T22:17:39+00:00\",\"dateModified\":\"2022-12-08T21:33:28+00:00\",\"description\":\"Ferreter\u00eda, discos, cuchillas, sierras, escuadras, portaestantes, sacos aspiraci\u00f3n, punta atornillar, tornillos, Bosch, disco di\u00e1metro 250mm para cortar aluminio\",\"breadcrumb\":{\"@id\":\"https:\\\/\\\/www.herafisur.com\\\/?product=disco-d250mm-cortar-aluminio#breadcrumb\"},\"inLanguage\":\"es\",\"potentialAction\":[{\"@type\":\"ReadAction\",\"target\":[\"https:\\\/\\\/www.herafisur.com\\\/?product=disco-d250mm-cortar-aluminio\"]}]},{\"@type\":\"ImageObject\",\"inLanguage\":\"es\",\"@id\":\"https:\\\/\\\/www.herafisur.com\\\/?product=disco-d250mm-cortar-aluminio#primaryimage\",\"url\":\"https:\\\/\\\/www.herafisur.com\\\/wp-content\\\/uploads\\\/2018\\\/11\\\/Disco-D250-d30-Z80-Aluminio.jpg\",\"contentUrl\":\"https:\\\/\\\/www.herafisur.com\\\/wp-content\\\/uploads\\\/2018\\\/11\\\/Disco-D250-d30-Z80-Aluminio.jpg\",\"width\":3120,\"height\":4160},{\"@type\":\"BreadcrumbList\",\"@id\":\"https:\\\/\\\/www.herafisur.com\\\/?product=disco-d250mm-cortar-aluminio#breadcrumb\",\"itemListElement\":[{\"@type\":\"ListItem\",\"position\":1,\"name\":\"Portada\",\"item\":\"https:\\\/\\\/www.herafisur.com\\\/\"},{\"@type\":\"ListItem\",\"position\":2,\"name\":\"Tienda\",\"item\":\"https:\\\/\\\/www.herafisur.com\\\/?page_id=14\"},{\"@type\":\"ListItem\",\"position\":3,\"name\":\"Disco D250mm cortar aluminio, \u00e1ngulo negativo profesional (env\u00edo gratis)\"}]},{\"@type\":\"WebSite\",\"@id\":\"https:\\\/\\\/www.herafisur.com\\\/#website\",\"url\":\"https:\\\/\\\/www.herafisur.com\\\/\",\"name\":\"Herafisur, afilados, ferreter\u00eda, suministros, venta herramienta de corte\",\"description\":\"Ferreter\u00eda, herramientas de corte, suministros industriales, afilado\",\"publisher\":{\"@id\":\"https:\\\/\\\/www.herafisur.com\\\/#organization\"},\"potentialAction\":[{\"@type\":\"SearchAction\",\"target\":{\"@type\":\"EntryPoint\",\"urlTemplate\":\"https:\\\/\\\/www.herafisur.com\\\/?s={search_term_string}\"},\"query-input\":{\"@type\":\"PropertyValueSpecification\",\"valueRequired\":true,\"valueName\":\"search_term_string\"}}],\"inLanguage\":\"es\"},{\"@type\":\"Organization\",\"@id\":\"https:\\\/\\\/www.herafisur.com\\\/#organization\",\"name\":\"Herramientas y Afilados del Sur SLL\",\"url\":\"https:\\\/\\\/www.herafisur.com\\\/\",\"logo\":{\"@type\":\"ImageObject\",\"inLanguage\":\"es\",\"@id\":\"https:\\\/\\\/www.herafisur.com\\\/#\\\/schema\\\/logo\\\/image\\\/\",\"url\":\"https:\\\/\\\/www.herafisur.com\\\/wp-content\\\/uploads\\\/2017\\\/10\\\/Foto-logo.jpg\",\"contentUrl\":\"https:\\\/\\\/www.herafisur.com\\\/wp-content\\\/uploads\\\/2017\\\/10\\\/Foto-logo.jpg\",\"width\":2560,\"height\":1440,\"caption\":\"Herramientas y Afilados del Sur SLL\"},\"image\":{\"@id\":\"https:\\\/\\\/www.herafisur.com\\\/#\\\/schema\\\/logo\\\/image\\\/\"}}]}<\/script>\n<!-- \/ Yoast SEO plugin. -->","yoast_head_json":{"title":"Disco D250mm cortar aluminio, \u00e1ngulo negativo profesional (env\u00edo gratis) - Herafisur, ferreter\u00eda, suministros, venta herramienta de corte, afilados","description":"Ferreter\u00eda, discos, cuchillas, sierras, escuadras, portaestantes, sacos aspiraci\u00f3n, punta atornillar, tornillos, Bosch, disco di\u00e1metro 250mm para cortar aluminio","robots":{"index":"index","follow":"follow","max-snippet":"max-snippet:-1","max-image-preview":"max-image-preview:large","max-video-preview":"max-video-preview:-1"},"canonical":"https:\/\/www.herafisur.com\/?product=disco-d250mm-cortar-aluminio","og_locale":"es_ES","og_type":"article","og_title":"Disco D250mm cortar aluminio, \u00e1ngulo negativo profesional (env\u00edo gratis) - Herafisur, ferreter\u00eda, suministros, venta herramienta de corte, afilados","og_description":"Ferreter\u00eda, discos, cuchillas, sierras, escuadras, portaestantes, sacos aspiraci\u00f3n, punta atornillar, tornillos, Bosch, disco di\u00e1metro 250mm para cortar aluminio","og_url":"https:\/\/www.herafisur.com\/?product=disco-d250mm-cortar-aluminio","og_site_name":"Herafisur, ferreter\u00eda, suministros, venta herramienta de corte, afilados","article_modified_time":"2022-12-08T21:33:28+00:00","og_image":[{"width":768,"height":1024,"url":"https:\/\/www.herafisur.com\/wp-content\/uploads\/2018\/11\/Disco-D250-d30-Z80-Aluminio-768x1024.jpg","type":"image\/jpeg"}],"twitter_card":"summary_large_image","twitter_misc":{"Tiempo de lectura":"1 minuto"},"schema":{"@context":"https:\/\/schema.org","@graph":[{"@type":"WebPage","@id":"https:\/\/www.herafisur.com\/?product=disco-d250mm-cortar-aluminio","url":"https:\/\/www.herafisur.com\/?product=disco-d250mm-cortar-aluminio","name":"Disco D250mm cortar aluminio, \u00e1ngulo negativo profesional (env\u00edo gratis) - Herafisur, ferreter\u00eda, suministros, venta herramienta de corte, afilados","isPartOf":{"@id":"https:\/\/www.herafisur.com\/#website"},"primaryImageOfPage":{"@id":"https:\/\/www.herafisur.com\/?product=disco-d250mm-cortar-aluminio#primaryimage"},"image":{"@id":"https:\/\/www.herafisur.com\/?product=disco-d250mm-cortar-aluminio#primaryimage"},"thumbnailUrl":"https:\/\/www.herafisur.com\/wp-content\/uploads\/2018\/11\/Disco-D250-d30-Z80-Aluminio.jpg","datePublished":"2018-11-05T22:17:39+00:00","dateModified":"2022-12-08T21:33:28+00:00","description":"Ferreter\u00eda, discos, cuchillas, sierras, escuadras, portaestantes, sacos aspiraci\u00f3n, punta atornillar, tornillos, Bosch, disco di\u00e1metro 250mm para cortar aluminio","breadcrumb":{"@id":"https:\/\/www.herafisur.com\/?product=disco-d250mm-cortar-aluminio#breadcrumb"},"inLanguage":"es","potentialAction":[{"@type":"ReadAction","target":["https:\/\/www.herafisur.com\/?product=disco-d250mm-cortar-aluminio"]}]},{"@type":"ImageObject","inLanguage":"es","@id":"https:\/\/www.herafisur.com\/?product=disco-d250mm-cortar-aluminio#primaryimage","url":"https:\/\/www.herafisur.com\/wp-content\/uploads\/2018\/11\/Disco-D250-d30-Z80-Aluminio.jpg","contentUrl":"https:\/\/www.herafisur.com\/wp-content\/uploads\/2018\/11\/Disco-D250-d30-Z80-Aluminio.jpg","width":3120,"height":4160},{"@type":"BreadcrumbList","@id":"https:\/\/www.herafisur.com\/?product=disco-d250mm-cortar-aluminio#breadcrumb","itemListElement":[{"@type":"ListItem","position":1,"name":"Portada","item":"https:\/\/www.herafisur.com\/"},{"@type":"ListItem","position":2,"name":"Tienda","item":"https:\/\/www.herafisur.com\/?page_id=14"},{"@type":"ListItem","position":3,"name":"Disco D250mm cortar aluminio, \u00e1ngulo negativo profesional (env\u00edo gratis)"}]},{"@type":"WebSite","@id":"https:\/\/www.herafisur.com\/#website","url":"https:\/\/www.herafisur.com\/","name":"Herafisur, afilados, ferreter\u00eda, suministros, venta herramienta de corte","description":"Ferreter\u00eda, herramientas de corte, suministros industriales, afilado","publisher":{"@id":"https:\/\/www.herafisur.com\/#organization"},"potentialAction":[{"@type":"SearchAction","target":{"@type":"EntryPoint","urlTemplate":"https:\/\/www.herafisur.com\/?s={search_term_string}"},"query-input":{"@type":"PropertyValueSpecification","valueRequired":true,"valueName":"search_term_string"}}],"inLanguage":"es"},{"@type":"Organization","@id":"https:\/\/www.herafisur.com\/#organization","name":"Herramientas y Afilados del Sur SLL","url":"https:\/\/www.herafisur.com\/","logo":{"@type":"ImageObject","inLanguage":"es","@id":"https:\/\/www.herafisur.com\/#\/schema\/logo\/image\/","url":"https:\/\/www.herafisur.com\/wp-content\/uploads\/2017\/10\/Foto-logo.jpg","contentUrl":"https:\/\/www.herafisur.com\/wp-content\/uploads\/2017\/10\/Foto-logo.jpg","width":2560,"height":1440,"caption":"Herramientas y Afilados del Sur SLL"},"image":{"@id":"https:\/\/www.herafisur.com\/#\/schema\/logo\/image\/"}}]}},"_links":{"self":[{"href":"https:\/\/www.herafisur.com\/index.php?rest_route=\/wp\/v2\/product\/501","targetHints":{"allow":["GET"]}}],"collection":[{"href":"https:\/\/www.herafisur.com\/index.php?rest_route=\/wp\/v2\/product"}],"about":[{"href":"https:\/\/www.herafisur.com\/index.php?rest_route=\/wp\/v2\/types\/product"}],"replies":[{"embeddable":true,"href":"https:\/\/www.herafisur.com\/index.php?rest_route=%2Fwp%2Fv2%2Fcomments&post=501"}],"wp:featuredmedia":[{"embeddable":true,"href":"https:\/\/www.herafisur.com\/index.php?rest_route=\/wp\/v2\/media\/503"}],"wp:attachment":[{"href":"https:\/\/www.herafisur.com\/index.php?rest_route=%2Fwp%2Fv2%2Fmedia&parent=501"}],"wp:term":[{"taxonomy":"product_brand","embeddable":true,"href":"https:\/\/www.herafisur.com\/index.php?rest_route=%2Fwp%2Fv2%2Fproduct_brand&post=501"},{"taxonomy":"product_cat","embeddable":true,"href":"https:\/\/www.herafisur.com\/index.php?rest_route=%2Fwp%2Fv2%2Fproduct_cat&post=501"},{"taxonomy":"product_tag","embeddable":true,"href":"https:\/\/www.herafisur.com\/index.php?rest_route=%2Fwp%2Fv2%2Fproduct_tag&post=501"}],"curies":[{"name":"wp","href":"https:\/\/api.w.org\/{rel}","templated":true}]}}