{"id":877,"date":"2020-08-16T11:44:07","date_gmt":"2020-08-16T10:44:07","guid":{"rendered":"https:\/\/www.herafisur.com\/?post_type=product&#038;p=877"},"modified":"2022-06-19T11:49:31","modified_gmt":"2022-06-19T10:49:31","slug":"pack-3-cuchillas-maquina-oscilante-bi-metalicas","status":"publish","type":"product","link":"https:\/\/www.herafisur.com\/?product=pack-3-cuchillas-maquina-oscilante-bi-metalicas","title":{"rendered":"Pack 3 cuchillas m\u00e1quina oscilante bi-met\u00e1licas 34x40mm Universal &#8211; LOT3FM5106"},"content":{"rendered":"<p>Lote de 3 cuchillas para m\u00e1quina oscilante, con medida de 34 x 40mm, fabricada en HSS Co8% bi-met\u00e1lica por lo que son aptas para el corte de Madera, Metal, Pl\u00e1stico, Laminados, MDF.<br \/>\nSistema de amarre universal compatible con m\u00e1quinas Bosch, Dremel, CMT, Makita y varias marcas m\u00e1s<\/p>\n","protected":false},"excerpt":{"rendered":"<p>Cuchilla para m\u00e1quina oscilante para corte de varios materiales<\/p>\n","protected":false},"featured_media":875,"comment_status":"open","ping_status":"closed","template":"","meta":{"_et_pb_use_builder":"","_et_pb_old_content":"","_et_gb_content_width":""},"product_brand":[],"product_cat":[1309,113],"product_tag":[592,591,401,1315,585,602,1316,589],"class_list":{"0":"post-877","1":"product","2":"type-product","3":"status-publish","4":"has-post-thumbnail","6":"product_cat-cuchilla-maquina-oscilante","7":"product_cat-oferta","8":"product_tag-bi-metalica","9":"product_tag-bimetalica","10":"product_tag-cuchilla","11":"product_tag-cuchilla-amarre-universal","12":"product_tag-cuchilla-oscilante-multimaterial","13":"product_tag-maquina-oscilante","14":"product_tag-multiherramienta-oscilante","15":"product_tag-oscilante","17":"first","18":"instock","19":"sale","20":"shipping-taxable","21":"purchasable","22":"product-type-simple"},"yoast_head":"<!-- This site is optimized with the Yoast SEO plugin v27.6 - https:\/\/yoast.com\/product\/yoast-seo-wordpress\/ -->\n<title>Pack 3 cuchillas m\u00e1quina oscilante bi-met\u00e1licas 34x40mm Universal - LOT3FM5106 - Herafisur, ferreter\u00eda, suministros, venta herramienta de corte, afilados<\/title>\n<meta name=\"description\" content=\"Ferreter\u00eda, discos, cuchillas, sierras, escuadras, portaestantes, sacos aspiraci\u00f3n, punta atornillar, tornillos, Bosch, cuchilla m\u00e1quina oscilante\" \/>\n<meta name=\"robots\" content=\"index, follow, max-snippet:-1, max-image-preview:large, max-video-preview:-1\" \/>\n<link rel=\"canonical\" href=\"https:\/\/www.herafisur.com\/?product=pack-3-cuchillas-maquina-oscilante-bi-metalicas\" \/>\n<meta property=\"og:locale\" content=\"es_ES\" \/>\n<meta property=\"og:type\" content=\"article\" \/>\n<meta property=\"og:title\" content=\"Pack 3 cuchillas m\u00e1quina oscilante bi-met\u00e1licas 34x40mm Universal - LOT3FM5106 - Herafisur, ferreter\u00eda, suministros, venta herramienta de corte, afilados\" \/>\n<meta property=\"og:description\" content=\"Ferreter\u00eda, discos, cuchillas, sierras, escuadras, portaestantes, sacos aspiraci\u00f3n, punta atornillar, tornillos, Bosch, cuchilla m\u00e1quina oscilante\" \/>\n<meta property=\"og:url\" content=\"https:\/\/www.herafisur.com\/?product=pack-3-cuchillas-maquina-oscilante-bi-metalicas\" \/>\n<meta property=\"og:site_name\" content=\"Herafisur, ferreter\u00eda, suministros, venta herramienta de corte, afilados\" \/>\n<meta property=\"article:modified_time\" content=\"2022-06-19T10:49:31+00:00\" \/>\n<meta property=\"og:image\" content=\"https:\/\/www.herafisur.com\/wp-content\/uploads\/2020\/08\/Cuchilla-multiherramienta-34x40-Multimaterial-scaled.jpg\" \/>\n\t<meta property=\"og:image:width\" content=\"1920\" \/>\n\t<meta property=\"og:image:height\" content=\"2560\" \/>\n\t<meta property=\"og:image:type\" content=\"image\/jpeg\" \/>\n<meta name=\"twitter:card\" content=\"summary_large_image\" \/>\n<meta name=\"twitter:label1\" content=\"Tiempo de lectura\" \/>\n\t<meta name=\"twitter:data1\" content=\"1 minuto\" \/>\n<script type=\"application\/ld+json\" class=\"yoast-schema-graph\">{\"@context\":\"https:\\\/\\\/schema.org\",\"@graph\":[{\"@type\":\"WebPage\",\"@id\":\"https:\\\/\\\/www.herafisur.com\\\/?product=pack-3-cuchillas-maquina-oscilante-bi-metalicas\",\"url\":\"https:\\\/\\\/www.herafisur.com\\\/?product=pack-3-cuchillas-maquina-oscilante-bi-metalicas\",\"name\":\"Pack 3 cuchillas m\u00e1quina oscilante bi-met\u00e1licas 34x40mm Universal - LOT3FM5106 - Herafisur, ferreter\u00eda, suministros, venta herramienta de corte, afilados\",\"isPartOf\":{\"@id\":\"https:\\\/\\\/www.herafisur.com\\\/#website\"},\"primaryImageOfPage\":{\"@id\":\"https:\\\/\\\/www.herafisur.com\\\/?product=pack-3-cuchillas-maquina-oscilante-bi-metalicas#primaryimage\"},\"image\":{\"@id\":\"https:\\\/\\\/www.herafisur.com\\\/?product=pack-3-cuchillas-maquina-oscilante-bi-metalicas#primaryimage\"},\"thumbnailUrl\":\"https:\\\/\\\/www.herafisur.com\\\/wp-content\\\/uploads\\\/2020\\\/08\\\/Cuchilla-multiherramienta-34x40-Multimaterial-scaled.jpg\",\"datePublished\":\"2020-08-16T10:44:07+00:00\",\"dateModified\":\"2022-06-19T10:49:31+00:00\",\"description\":\"Ferreter\u00eda, discos, cuchillas, sierras, escuadras, portaestantes, sacos aspiraci\u00f3n, punta atornillar, tornillos, Bosch, cuchilla m\u00e1quina oscilante\",\"breadcrumb\":{\"@id\":\"https:\\\/\\\/www.herafisur.com\\\/?product=pack-3-cuchillas-maquina-oscilante-bi-metalicas#breadcrumb\"},\"inLanguage\":\"es\",\"potentialAction\":[{\"@type\":\"ReadAction\",\"target\":[\"https:\\\/\\\/www.herafisur.com\\\/?product=pack-3-cuchillas-maquina-oscilante-bi-metalicas\"]}]},{\"@type\":\"ImageObject\",\"inLanguage\":\"es\",\"@id\":\"https:\\\/\\\/www.herafisur.com\\\/?product=pack-3-cuchillas-maquina-oscilante-bi-metalicas#primaryimage\",\"url\":\"https:\\\/\\\/www.herafisur.com\\\/wp-content\\\/uploads\\\/2020\\\/08\\\/Cuchilla-multiherramienta-34x40-Multimaterial-scaled.jpg\",\"contentUrl\":\"https:\\\/\\\/www.herafisur.com\\\/wp-content\\\/uploads\\\/2020\\\/08\\\/Cuchilla-multiherramienta-34x40-Multimaterial-scaled.jpg\",\"width\":1920,\"height\":2560},{\"@type\":\"BreadcrumbList\",\"@id\":\"https:\\\/\\\/www.herafisur.com\\\/?product=pack-3-cuchillas-maquina-oscilante-bi-metalicas#breadcrumb\",\"itemListElement\":[{\"@type\":\"ListItem\",\"position\":1,\"name\":\"Portada\",\"item\":\"https:\\\/\\\/www.herafisur.com\\\/\"},{\"@type\":\"ListItem\",\"position\":2,\"name\":\"Tienda\",\"item\":\"https:\\\/\\\/www.herafisur.com\\\/?page_id=14\"},{\"@type\":\"ListItem\",\"position\":3,\"name\":\"Pack 3 cuchillas m\u00e1quina oscilante bi-met\u00e1licas 34x40mm Universal &#8211; LOT3FM5106\"}]},{\"@type\":\"WebSite\",\"@id\":\"https:\\\/\\\/www.herafisur.com\\\/#website\",\"url\":\"https:\\\/\\\/www.herafisur.com\\\/\",\"name\":\"Herafisur, afilados, ferreter\u00eda, suministros, venta herramienta de corte\",\"description\":\"Ferreter\u00eda, herramientas de corte, suministros industriales, afilado\",\"publisher\":{\"@id\":\"https:\\\/\\\/www.herafisur.com\\\/#organization\"},\"potentialAction\":[{\"@type\":\"SearchAction\",\"target\":{\"@type\":\"EntryPoint\",\"urlTemplate\":\"https:\\\/\\\/www.herafisur.com\\\/?s={search_term_string}\"},\"query-input\":{\"@type\":\"PropertyValueSpecification\",\"valueRequired\":true,\"valueName\":\"search_term_string\"}}],\"inLanguage\":\"es\"},{\"@type\":\"Organization\",\"@id\":\"https:\\\/\\\/www.herafisur.com\\\/#organization\",\"name\":\"Herramientas y Afilados del Sur SLL\",\"url\":\"https:\\\/\\\/www.herafisur.com\\\/\",\"logo\":{\"@type\":\"ImageObject\",\"inLanguage\":\"es\",\"@id\":\"https:\\\/\\\/www.herafisur.com\\\/#\\\/schema\\\/logo\\\/image\\\/\",\"url\":\"https:\\\/\\\/www.herafisur.com\\\/wp-content\\\/uploads\\\/2017\\\/10\\\/Foto-logo.jpg\",\"contentUrl\":\"https:\\\/\\\/www.herafisur.com\\\/wp-content\\\/uploads\\\/2017\\\/10\\\/Foto-logo.jpg\",\"width\":2560,\"height\":1440,\"caption\":\"Herramientas y Afilados del Sur SLL\"},\"image\":{\"@id\":\"https:\\\/\\\/www.herafisur.com\\\/#\\\/schema\\\/logo\\\/image\\\/\"}}]}<\/script>\n<!-- \/ Yoast SEO plugin. -->","yoast_head_json":{"title":"Pack 3 cuchillas m\u00e1quina oscilante bi-met\u00e1licas 34x40mm Universal - LOT3FM5106 - Herafisur, ferreter\u00eda, suministros, venta herramienta de corte, afilados","description":"Ferreter\u00eda, discos, cuchillas, sierras, escuadras, portaestantes, sacos aspiraci\u00f3n, punta atornillar, tornillos, Bosch, cuchilla m\u00e1quina oscilante","robots":{"index":"index","follow":"follow","max-snippet":"max-snippet:-1","max-image-preview":"max-image-preview:large","max-video-preview":"max-video-preview:-1"},"canonical":"https:\/\/www.herafisur.com\/?product=pack-3-cuchillas-maquina-oscilante-bi-metalicas","og_locale":"es_ES","og_type":"article","og_title":"Pack 3 cuchillas m\u00e1quina oscilante bi-met\u00e1licas 34x40mm Universal - LOT3FM5106 - Herafisur, ferreter\u00eda, suministros, venta herramienta de corte, afilados","og_description":"Ferreter\u00eda, discos, cuchillas, sierras, escuadras, portaestantes, sacos aspiraci\u00f3n, punta atornillar, tornillos, Bosch, cuchilla m\u00e1quina oscilante","og_url":"https:\/\/www.herafisur.com\/?product=pack-3-cuchillas-maquina-oscilante-bi-metalicas","og_site_name":"Herafisur, ferreter\u00eda, suministros, venta herramienta de corte, afilados","article_modified_time":"2022-06-19T10:49:31+00:00","og_image":[{"width":1920,"height":2560,"url":"https:\/\/www.herafisur.com\/wp-content\/uploads\/2020\/08\/Cuchilla-multiherramienta-34x40-Multimaterial-scaled.jpg","type":"image\/jpeg"}],"twitter_card":"summary_large_image","twitter_misc":{"Tiempo de lectura":"1 minuto"},"schema":{"@context":"https:\/\/schema.org","@graph":[{"@type":"WebPage","@id":"https:\/\/www.herafisur.com\/?product=pack-3-cuchillas-maquina-oscilante-bi-metalicas","url":"https:\/\/www.herafisur.com\/?product=pack-3-cuchillas-maquina-oscilante-bi-metalicas","name":"Pack 3 cuchillas m\u00e1quina oscilante bi-met\u00e1licas 34x40mm Universal - LOT3FM5106 - Herafisur, ferreter\u00eda, suministros, venta herramienta de corte, afilados","isPartOf":{"@id":"https:\/\/www.herafisur.com\/#website"},"primaryImageOfPage":{"@id":"https:\/\/www.herafisur.com\/?product=pack-3-cuchillas-maquina-oscilante-bi-metalicas#primaryimage"},"image":{"@id":"https:\/\/www.herafisur.com\/?product=pack-3-cuchillas-maquina-oscilante-bi-metalicas#primaryimage"},"thumbnailUrl":"https:\/\/www.herafisur.com\/wp-content\/uploads\/2020\/08\/Cuchilla-multiherramienta-34x40-Multimaterial-scaled.jpg","datePublished":"2020-08-16T10:44:07+00:00","dateModified":"2022-06-19T10:49:31+00:00","description":"Ferreter\u00eda, discos, cuchillas, sierras, escuadras, portaestantes, sacos aspiraci\u00f3n, punta atornillar, tornillos, Bosch, cuchilla m\u00e1quina oscilante","breadcrumb":{"@id":"https:\/\/www.herafisur.com\/?product=pack-3-cuchillas-maquina-oscilante-bi-metalicas#breadcrumb"},"inLanguage":"es","potentialAction":[{"@type":"ReadAction","target":["https:\/\/www.herafisur.com\/?product=pack-3-cuchillas-maquina-oscilante-bi-metalicas"]}]},{"@type":"ImageObject","inLanguage":"es","@id":"https:\/\/www.herafisur.com\/?product=pack-3-cuchillas-maquina-oscilante-bi-metalicas#primaryimage","url":"https:\/\/www.herafisur.com\/wp-content\/uploads\/2020\/08\/Cuchilla-multiherramienta-34x40-Multimaterial-scaled.jpg","contentUrl":"https:\/\/www.herafisur.com\/wp-content\/uploads\/2020\/08\/Cuchilla-multiherramienta-34x40-Multimaterial-scaled.jpg","width":1920,"height":2560},{"@type":"BreadcrumbList","@id":"https:\/\/www.herafisur.com\/?product=pack-3-cuchillas-maquina-oscilante-bi-metalicas#breadcrumb","itemListElement":[{"@type":"ListItem","position":1,"name":"Portada","item":"https:\/\/www.herafisur.com\/"},{"@type":"ListItem","position":2,"name":"Tienda","item":"https:\/\/www.herafisur.com\/?page_id=14"},{"@type":"ListItem","position":3,"name":"Pack 3 cuchillas m\u00e1quina oscilante bi-met\u00e1licas 34x40mm Universal &#8211; LOT3FM5106"}]},{"@type":"WebSite","@id":"https:\/\/www.herafisur.com\/#website","url":"https:\/\/www.herafisur.com\/","name":"Herafisur, afilados, ferreter\u00eda, suministros, venta herramienta de corte","description":"Ferreter\u00eda, herramientas de corte, suministros industriales, afilado","publisher":{"@id":"https:\/\/www.herafisur.com\/#organization"},"potentialAction":[{"@type":"SearchAction","target":{"@type":"EntryPoint","urlTemplate":"https:\/\/www.herafisur.com\/?s={search_term_string}"},"query-input":{"@type":"PropertyValueSpecification","valueRequired":true,"valueName":"search_term_string"}}],"inLanguage":"es"},{"@type":"Organization","@id":"https:\/\/www.herafisur.com\/#organization","name":"Herramientas y Afilados del Sur SLL","url":"https:\/\/www.herafisur.com\/","logo":{"@type":"ImageObject","inLanguage":"es","@id":"https:\/\/www.herafisur.com\/#\/schema\/logo\/image\/","url":"https:\/\/www.herafisur.com\/wp-content\/uploads\/2017\/10\/Foto-logo.jpg","contentUrl":"https:\/\/www.herafisur.com\/wp-content\/uploads\/2017\/10\/Foto-logo.jpg","width":2560,"height":1440,"caption":"Herramientas y Afilados del Sur SLL"},"image":{"@id":"https:\/\/www.herafisur.com\/#\/schema\/logo\/image\/"}}]}},"_links":{"self":[{"href":"https:\/\/www.herafisur.com\/index.php?rest_route=\/wp\/v2\/product\/877","targetHints":{"allow":["GET"]}}],"collection":[{"href":"https:\/\/www.herafisur.com\/index.php?rest_route=\/wp\/v2\/product"}],"about":[{"href":"https:\/\/www.herafisur.com\/index.php?rest_route=\/wp\/v2\/types\/product"}],"replies":[{"embeddable":true,"href":"https:\/\/www.herafisur.com\/index.php?rest_route=%2Fwp%2Fv2%2Fcomments&post=877"}],"wp:featuredmedia":[{"embeddable":true,"href":"https:\/\/www.herafisur.com\/index.php?rest_route=\/wp\/v2\/media\/875"}],"wp:attachment":[{"href":"https:\/\/www.herafisur.com\/index.php?rest_route=%2Fwp%2Fv2%2Fmedia&parent=877"}],"wp:term":[{"taxonomy":"product_brand","embeddable":true,"href":"https:\/\/www.herafisur.com\/index.php?rest_route=%2Fwp%2Fv2%2Fproduct_brand&post=877"},{"taxonomy":"product_cat","embeddable":true,"href":"https:\/\/www.herafisur.com\/index.php?rest_route=%2Fwp%2Fv2%2Fproduct_cat&post=877"},{"taxonomy":"product_tag","embeddable":true,"href":"https:\/\/www.herafisur.com\/index.php?rest_route=%2Fwp%2Fv2%2Fproduct_tag&post=877"}],"curies":[{"name":"wp","href":"https:\/\/api.w.org\/{rel}","templated":true}]}}