{"id":975,"date":"2020-11-07T10:55:43","date_gmt":"2020-11-07T09:55:43","guid":{"rendered":"https:\/\/www.herafisur.com\/?post_type=product&#038;p=975"},"modified":"2020-11-19T15:41:20","modified_gmt":"2020-11-19T14:41:20","slug":"5-mascarillas-ffp2-sin-filtro","status":"publish","type":"product","link":"https:\/\/www.herafisur.com\/?product=5-mascarillas-ffp2-sin-filtro","title":{"rendered":"5 Mascarillas FFP2"},"content":{"rendered":"<p>Lote 5 mascarillas FFP2 sin v\u00e1lvula.<br \/>\nFabricadas en Espa\u00f1a, con normativa de la Uni\u00f3n Europea PPE-R\/02.075 versi\u00f3n 1 EN149:2001 + A1:2009 CE 0370<br \/>\nFabricadas por Teelmask, la normativa exige que en la mascarilla figure el nombre del fabricante, desconf\u00eda si no lo indica, pueden ser falsificaciones.<br \/>\nAntibacteriana, 5 capas de protecci\u00f3n, hidr\u00f3fuga para repeler los aerosoles que se encuentren en el ambiente.<br \/>\nLa mascarilla sale a 2,178\u20ac<\/p>\n","protected":false},"excerpt":{"rendered":"<p>mascarilla FFP2 en lote de 5 unidades<\/p>\n","protected":false},"featured_media":0,"comment_status":"open","ping_status":"closed","template":"","meta":{"_et_pb_use_builder":"","_et_pb_old_content":"","_et_gb_content_width":""},"product_brand":[],"product_cat":[73],"product_tag":[596,768,773,784,593,769,767,766,771,770,781,782,776,778,783],"class_list":{"0":"post-975","1":"product","2":"type-product","3":"status-publish","5":"product_cat-suministrosyaccesorios","6":"product_tag-anticovid","7":"product_tag-fabricado-en-espana","8":"product_tag-ffp2","9":"product_tag-ffp2-sin-valvula","10":"product_tag-mascarilla","11":"product_tag-mascarilla-espanola","12":"product_tag-mascarilla-fabricada-en-espana","13":"product_tag-mascarilla-ffp2","14":"product_tag-mascarilla-normativa-europea","15":"product_tag-mascarilla-proteccion-ffp2","16":"product_tag-mascarilla-proteje-de-aerosoles","17":"product_tag-mascarilla-sin-valvula","18":"product_tag-proteccion","19":"product_tag-proteccion-covid","20":"product_tag-sin-valvula","22":"first","23":"instock","24":"shipping-taxable","25":"purchasable","26":"product-type-simple"},"yoast_head":"<!-- This site is optimized with the Yoast SEO plugin v27.6 - https:\/\/yoast.com\/product\/yoast-seo-wordpress\/ -->\n<title>5 Mascarillas FFP2 - Herafisur, ferreter\u00eda, suministros, venta herramienta de corte, afilados<\/title>\n<meta name=\"description\" content=\"Ferreter\u00eda, discos, cuchillas, sierras, escuadras, portaestantes, sacos aspiraci\u00f3n, punta atornillar, tornillos, Bosch\" \/>\n<meta name=\"robots\" content=\"index, follow, max-snippet:-1, max-image-preview:large, max-video-preview:-1\" \/>\n<link rel=\"canonical\" href=\"https:\/\/www.herafisur.com\/?product=5-mascarillas-ffp2-sin-filtro\" \/>\n<meta property=\"og:locale\" content=\"es_ES\" \/>\n<meta property=\"og:type\" content=\"article\" \/>\n<meta property=\"og:title\" content=\"5 Mascarillas FFP2 - Herafisur, ferreter\u00eda, suministros, venta herramienta de corte, afilados\" \/>\n<meta property=\"og:description\" content=\"Ferreter\u00eda, discos, cuchillas, sierras, escuadras, portaestantes, sacos aspiraci\u00f3n, punta atornillar, tornillos, Bosch\" \/>\n<meta property=\"og:url\" content=\"https:\/\/www.herafisur.com\/?product=5-mascarillas-ffp2-sin-filtro\" \/>\n<meta property=\"og:site_name\" content=\"Herafisur, ferreter\u00eda, suministros, venta herramienta de corte, afilados\" \/>\n<meta property=\"article:modified_time\" content=\"2020-11-19T14:41:20+00:00\" \/>\n<meta name=\"twitter:card\" content=\"summary_large_image\" \/>\n<script type=\"application\/ld+json\" class=\"yoast-schema-graph\">{\"@context\":\"https:\\\/\\\/schema.org\",\"@graph\":[{\"@type\":\"WebPage\",\"@id\":\"https:\\\/\\\/www.herafisur.com\\\/?product=5-mascarillas-ffp2-sin-filtro\",\"url\":\"https:\\\/\\\/www.herafisur.com\\\/?product=5-mascarillas-ffp2-sin-filtro\",\"name\":\"5 Mascarillas FFP2 - Herafisur, ferreter\u00eda, suministros, venta herramienta de corte, afilados\",\"isPartOf\":{\"@id\":\"https:\\\/\\\/www.herafisur.com\\\/#website\"},\"datePublished\":\"2020-11-07T09:55:43+00:00\",\"dateModified\":\"2020-11-19T14:41:20+00:00\",\"description\":\"Ferreter\u00eda, discos, cuchillas, sierras, escuadras, portaestantes, sacos aspiraci\u00f3n, punta atornillar, tornillos, Bosch\",\"breadcrumb\":{\"@id\":\"https:\\\/\\\/www.herafisur.com\\\/?product=5-mascarillas-ffp2-sin-filtro#breadcrumb\"},\"inLanguage\":\"es\",\"potentialAction\":[{\"@type\":\"ReadAction\",\"target\":[\"https:\\\/\\\/www.herafisur.com\\\/?product=5-mascarillas-ffp2-sin-filtro\"]}]},{\"@type\":\"BreadcrumbList\",\"@id\":\"https:\\\/\\\/www.herafisur.com\\\/?product=5-mascarillas-ffp2-sin-filtro#breadcrumb\",\"itemListElement\":[{\"@type\":\"ListItem\",\"position\":1,\"name\":\"Portada\",\"item\":\"https:\\\/\\\/www.herafisur.com\\\/\"},{\"@type\":\"ListItem\",\"position\":2,\"name\":\"Tienda\",\"item\":\"https:\\\/\\\/www.herafisur.com\\\/?page_id=14\"},{\"@type\":\"ListItem\",\"position\":3,\"name\":\"5 Mascarillas FFP2\"}]},{\"@type\":\"WebSite\",\"@id\":\"https:\\\/\\\/www.herafisur.com\\\/#website\",\"url\":\"https:\\\/\\\/www.herafisur.com\\\/\",\"name\":\"Herafisur, afilados, ferreter\u00eda, suministros, venta herramienta de corte\",\"description\":\"Ferreter\u00eda, herramientas de corte, suministros industriales, afilado\",\"publisher\":{\"@id\":\"https:\\\/\\\/www.herafisur.com\\\/#organization\"},\"potentialAction\":[{\"@type\":\"SearchAction\",\"target\":{\"@type\":\"EntryPoint\",\"urlTemplate\":\"https:\\\/\\\/www.herafisur.com\\\/?s={search_term_string}\"},\"query-input\":{\"@type\":\"PropertyValueSpecification\",\"valueRequired\":true,\"valueName\":\"search_term_string\"}}],\"inLanguage\":\"es\"},{\"@type\":\"Organization\",\"@id\":\"https:\\\/\\\/www.herafisur.com\\\/#organization\",\"name\":\"Herramientas y Afilados del Sur SLL\",\"url\":\"https:\\\/\\\/www.herafisur.com\\\/\",\"logo\":{\"@type\":\"ImageObject\",\"inLanguage\":\"es\",\"@id\":\"https:\\\/\\\/www.herafisur.com\\\/#\\\/schema\\\/logo\\\/image\\\/\",\"url\":\"https:\\\/\\\/www.herafisur.com\\\/wp-content\\\/uploads\\\/2017\\\/10\\\/Foto-logo.jpg\",\"contentUrl\":\"https:\\\/\\\/www.herafisur.com\\\/wp-content\\\/uploads\\\/2017\\\/10\\\/Foto-logo.jpg\",\"width\":2560,\"height\":1440,\"caption\":\"Herramientas y Afilados del Sur SLL\"},\"image\":{\"@id\":\"https:\\\/\\\/www.herafisur.com\\\/#\\\/schema\\\/logo\\\/image\\\/\"}}]}<\/script>\n<!-- \/ Yoast SEO plugin. -->","yoast_head_json":{"title":"5 Mascarillas FFP2 - Herafisur, ferreter\u00eda, suministros, venta herramienta de corte, afilados","description":"Ferreter\u00eda, discos, cuchillas, sierras, escuadras, portaestantes, sacos aspiraci\u00f3n, punta atornillar, tornillos, Bosch","robots":{"index":"index","follow":"follow","max-snippet":"max-snippet:-1","max-image-preview":"max-image-preview:large","max-video-preview":"max-video-preview:-1"},"canonical":"https:\/\/www.herafisur.com\/?product=5-mascarillas-ffp2-sin-filtro","og_locale":"es_ES","og_type":"article","og_title":"5 Mascarillas FFP2 - Herafisur, ferreter\u00eda, suministros, venta herramienta de corte, afilados","og_description":"Ferreter\u00eda, discos, cuchillas, sierras, escuadras, portaestantes, sacos aspiraci\u00f3n, punta atornillar, tornillos, Bosch","og_url":"https:\/\/www.herafisur.com\/?product=5-mascarillas-ffp2-sin-filtro","og_site_name":"Herafisur, ferreter\u00eda, suministros, venta herramienta de corte, afilados","article_modified_time":"2020-11-19T14:41:20+00:00","twitter_card":"summary_large_image","schema":{"@context":"https:\/\/schema.org","@graph":[{"@type":"WebPage","@id":"https:\/\/www.herafisur.com\/?product=5-mascarillas-ffp2-sin-filtro","url":"https:\/\/www.herafisur.com\/?product=5-mascarillas-ffp2-sin-filtro","name":"5 Mascarillas FFP2 - Herafisur, ferreter\u00eda, suministros, venta herramienta de corte, afilados","isPartOf":{"@id":"https:\/\/www.herafisur.com\/#website"},"datePublished":"2020-11-07T09:55:43+00:00","dateModified":"2020-11-19T14:41:20+00:00","description":"Ferreter\u00eda, discos, cuchillas, sierras, escuadras, portaestantes, sacos aspiraci\u00f3n, punta atornillar, tornillos, Bosch","breadcrumb":{"@id":"https:\/\/www.herafisur.com\/?product=5-mascarillas-ffp2-sin-filtro#breadcrumb"},"inLanguage":"es","potentialAction":[{"@type":"ReadAction","target":["https:\/\/www.herafisur.com\/?product=5-mascarillas-ffp2-sin-filtro"]}]},{"@type":"BreadcrumbList","@id":"https:\/\/www.herafisur.com\/?product=5-mascarillas-ffp2-sin-filtro#breadcrumb","itemListElement":[{"@type":"ListItem","position":1,"name":"Portada","item":"https:\/\/www.herafisur.com\/"},{"@type":"ListItem","position":2,"name":"Tienda","item":"https:\/\/www.herafisur.com\/?page_id=14"},{"@type":"ListItem","position":3,"name":"5 Mascarillas FFP2"}]},{"@type":"WebSite","@id":"https:\/\/www.herafisur.com\/#website","url":"https:\/\/www.herafisur.com\/","name":"Herafisur, afilados, ferreter\u00eda, suministros, venta herramienta de corte","description":"Ferreter\u00eda, herramientas de corte, suministros industriales, afilado","publisher":{"@id":"https:\/\/www.herafisur.com\/#organization"},"potentialAction":[{"@type":"SearchAction","target":{"@type":"EntryPoint","urlTemplate":"https:\/\/www.herafisur.com\/?s={search_term_string}"},"query-input":{"@type":"PropertyValueSpecification","valueRequired":true,"valueName":"search_term_string"}}],"inLanguage":"es"},{"@type":"Organization","@id":"https:\/\/www.herafisur.com\/#organization","name":"Herramientas y Afilados del Sur SLL","url":"https:\/\/www.herafisur.com\/","logo":{"@type":"ImageObject","inLanguage":"es","@id":"https:\/\/www.herafisur.com\/#\/schema\/logo\/image\/","url":"https:\/\/www.herafisur.com\/wp-content\/uploads\/2017\/10\/Foto-logo.jpg","contentUrl":"https:\/\/www.herafisur.com\/wp-content\/uploads\/2017\/10\/Foto-logo.jpg","width":2560,"height":1440,"caption":"Herramientas y Afilados del Sur SLL"},"image":{"@id":"https:\/\/www.herafisur.com\/#\/schema\/logo\/image\/"}}]}},"_links":{"self":[{"href":"https:\/\/www.herafisur.com\/index.php?rest_route=\/wp\/v2\/product\/975","targetHints":{"allow":["GET"]}}],"collection":[{"href":"https:\/\/www.herafisur.com\/index.php?rest_route=\/wp\/v2\/product"}],"about":[{"href":"https:\/\/www.herafisur.com\/index.php?rest_route=\/wp\/v2\/types\/product"}],"replies":[{"embeddable":true,"href":"https:\/\/www.herafisur.com\/index.php?rest_route=%2Fwp%2Fv2%2Fcomments&post=975"}],"wp:attachment":[{"href":"https:\/\/www.herafisur.com\/index.php?rest_route=%2Fwp%2Fv2%2Fmedia&parent=975"}],"wp:term":[{"taxonomy":"product_brand","embeddable":true,"href":"https:\/\/www.herafisur.com\/index.php?rest_route=%2Fwp%2Fv2%2Fproduct_brand&post=975"},{"taxonomy":"product_cat","embeddable":true,"href":"https:\/\/www.herafisur.com\/index.php?rest_route=%2Fwp%2Fv2%2Fproduct_cat&post=975"},{"taxonomy":"product_tag","embeddable":true,"href":"https:\/\/www.herafisur.com\/index.php?rest_route=%2Fwp%2Fv2%2Fproduct_tag&post=975"}],"curies":[{"name":"wp","href":"https:\/\/api.w.org\/{rel}","templated":true}]}}